{"id":89,"date":"2017-10-11T11:22:04","date_gmt":"2017-10-11T09:22:04","guid":{"rendered":"https:\/\/www.valeriehenry.com\/undo-redo\/biographie\/"},"modified":"2024-03-21T20:09:01","modified_gmt":"2024-03-21T19:09:01","slug":"biographie","status":"publish","type":"page","link":"https:\/\/www.valeriehenry.com\/william-amor\/biographie\/","title":{"rendered":"Biographie"},"content":{"rendered":"<p>N\u00e9 en 1980. Vit et travaille \u00e0 Paris.<\/p>\n<p>Les Cr\u00e9ations Messag\u00e8res.<\/p>\n<p>&nbsp;<\/p>\n<p>William Amor trouve l\u2019origine de sa d\u00e9marche artistique dans le souhait d\u2019amener plus loin le courant actuel de<br \/>\nl\u2019upcycling et mettre l\u2019art au service de l\u2019\u00e9cologie. William Amor utilise les mat\u00e9riaux d\u00e9laiss\u00e9s pour imaginer des \u0153uvres artistiques florales baptis\u00e9es Les Cr\u00e9ations Messag\u00e8res. Port\u00e9 par le go\u00fbt de l\u2019engagement et de l\u2019esth\u00e9tisme, il m\u00e9tamorphose la pollution plastique et cr\u00e9\u00e9 sa signature artistique en d\u00e9veloppant ses propres techniques emprunt\u00e9es aux m\u00e9tiers d\u2019art. Ces d\u00e9chets du quotidien deviennent des pi\u00e8ces d\u2019exception, porteuses de sens et de valeurs. William Amor\u00a0 distille une touche de beaut\u00e9 et de po\u00e9sie tout en sensibilisant sur la surconsommation productrice de pollution. Le leitmotiv de William Amor est de cr\u00e9er du sens et de redonner de la lumi\u00e8re \u00e0 des valeurs essentielles qui peuvent \u00eatre n\u00e9glig\u00e9es dans notre soci\u00e9t\u00e9 d&rsquo;aujourd&rsquo;hui.<\/p>\n<p>Il y a plus de 10 ans, d&rsquo;une m\u00e9tamorphose po\u00e9tique de mat\u00e9riaux plastiques d\u00e9laiss\u00e9s et abandonn\u00e9s dans la nature, sont n\u00e9es les Cr\u00e9ations Messag\u00e8res. Les d\u00e9chets plastiques sont un terrible symbole des d\u00e9rives de notre soci\u00e9t\u00e9 et des effets catastrophiques sur l&rsquo;ensemble du vivant. C&rsquo;est une h\u00e9r\u00e9sie de consid\u00e9rer une mati\u00e8re indestructible et issue de ressources non renouvelables comme un mat\u00e9riau \u00e0 usage unique. Un jugement de valeur qui a de lourdes cons\u00e9quences. Les cr\u00e9ations de William Amor se pr\u00e9sentent comme des messagers po\u00e9tiques, provocateurs d&rsquo;\u00e9motions et d\u00e9sireux de faire changer le regard que l&rsquo;on porte sur les choses. Un d\u00e9chet plastique peut devenir ce qu&rsquo;il y a de plus beau et sensuel sur terre : une jolie fleur fragile et gracile.<\/p>\n<p>Les notions d&rsquo;humanisme sont \u00e9galement au centre de la d\u00e9marche de William Amor. Il a choisi de faire confiance \u00e0 un ESAT accueillant 105 personnes et d&rsquo;ouvrir ainsi l&rsquo;horizon des personnes atteintes de handicap en les formant \u00e0 son savoir faire et \u00e0 ses techniques singuli\u00e8res. La Fondation Franco Britannique de Sillery, gestionnaire de l&rsquo;ESAT, soutient William Amor dans la poursuite de son projet \u00e9thique, porteur de sens et en lien avec les enjeux soci\u00e9taux majeurs.<\/p>\n<p>&nbsp;<\/p>\n","protected":false},"excerpt":{"rendered":"<p>N\u00e9 en 1980. Vit et travaille \u00e0 Paris. Les Cr\u00e9ations Messag\u00e8res. &nbsp; William Amor trouve l\u2019origine de sa d\u00e9marche artistique dans le souhait d\u2019amener plus loin le courant actuel de l\u2019upcycling et mettre l\u2019art au service de l\u2019\u00e9cologie. William Amor&hellip;<\/p>\n","protected":false},"author":1,"featured_media":0,"parent":0,"menu_order":16,"comment_status":"closed","ping_status":"closed","template":"","meta":{"_trash_the_other_posts":false,"footnotes":""},"class_list":["post-89","page","type-page","status-publish","hentry"],"yoast_head":"<!-- This site is optimized with the Yoast SEO plugin v23.7 - https:\/\/yoast.com\/wordpress\/plugins\/seo\/ -->\n<title>William Amor, artiste upcycling contemporain, oeuvres florales d&#039;exception, biographie<\/title>\n<meta name=\"description\" content=\"William Amor, artiste upcycling contemporain, oeuvres florales sur-mesure \u00e0 partir de d\u00e9chets du quotidien pour les maison de luxe \u00e0 Paris\" \/>\n<meta name=\"robots\" content=\"index, follow, max-snippet:-1, max-image-preview:large, max-video-preview:-1\" \/>\n<link rel=\"canonical\" href=\"https:\/\/www.valeriehenry.com\/william-amor\/biographie\/\" \/>\n<meta property=\"og:locale\" content=\"fr_FR\" \/>\n<meta property=\"og:type\" content=\"article\" \/>\n<meta property=\"og:title\" content=\"William Amor, artiste upcycling contemporain, oeuvres florales d&#039;exception, biographie\" \/>\n<meta property=\"og:description\" content=\"William Amor, artiste upcycling contemporain, oeuvres florales sur-mesure \u00e0 partir de d\u00e9chets du quotidien pour les maison de luxe \u00e0 Paris\" \/>\n<meta property=\"og:url\" content=\"https:\/\/www.valeriehenry.com\/william-amor\/biographie\/\" \/>\n<meta property=\"og:site_name\" content=\"William Amor\" \/>\n<meta property=\"article:publisher\" content=\"https:\/\/www.facebook.com\/agencevaleriehenry\/\" \/>\n<meta property=\"article:modified_time\" content=\"2024-03-21T19:09:01+00:00\" \/>\n<meta name=\"twitter:card\" content=\"summary_large_image\" \/>\n<meta name=\"twitter:site\" content=\"@vaalhenry\" \/>\n<meta name=\"twitter:label1\" content=\"Dur\u00e9e de lecture estim\u00e9e\" \/>\n\t<meta name=\"twitter:data1\" content=\"2 minutes\" \/>\n<script type=\"application\/ld+json\" class=\"yoast-schema-graph\">{\"@context\":\"https:\/\/schema.org\",\"@graph\":[{\"@type\":\"WebPage\",\"@id\":\"https:\/\/www.valeriehenry.com\/william-amor\/biographie\/\",\"url\":\"https:\/\/www.valeriehenry.com\/william-amor\/biographie\/\",\"name\":\"William Amor, artiste upcycling contemporain, oeuvres florales d'exception, biographie\",\"isPartOf\":{\"@id\":\"https:\/\/www.valeriehenry.com\/william-amor\/#website\"},\"datePublished\":\"2017-10-11T09:22:04+00:00\",\"dateModified\":\"2024-03-21T19:09:01+00:00\",\"description\":\"William Amor, artiste upcycling contemporain, oeuvres florales sur-mesure \u00e0 partir de d\u00e9chets du quotidien pour les maison de luxe \u00e0 Paris\",\"breadcrumb\":{\"@id\":\"https:\/\/www.valeriehenry.com\/william-amor\/biographie\/#breadcrumb\"},\"inLanguage\":\"fr-FR\",\"potentialAction\":[{\"@type\":\"ReadAction\",\"target\":[\"https:\/\/www.valeriehenry.com\/william-amor\/biographie\/\"]}]},{\"@type\":\"BreadcrumbList\",\"@id\":\"https:\/\/www.valeriehenry.com\/william-amor\/biographie\/#breadcrumb\",\"itemListElement\":[{\"@type\":\"ListItem\",\"position\":1,\"name\":\"William Amor\",\"item\":\"https:\/\/www.valeriehenry.com\/william-amor\/\"},{\"@type\":\"ListItem\",\"position\":2,\"name\":\"Biographie\"}]},{\"@type\":\"WebSite\",\"@id\":\"https:\/\/www.valeriehenry.com\/william-amor\/#website\",\"url\":\"https:\/\/www.valeriehenry.com\/william-amor\/\",\"name\":\"William Amor\",\"description\":\"upcycling artist\",\"publisher\":{\"@id\":\"https:\/\/www.valeriehenry.com\/william-amor\/#organization\"},\"potentialAction\":[{\"@type\":\"SearchAction\",\"target\":{\"@type\":\"EntryPoint\",\"urlTemplate\":\"https:\/\/www.valeriehenry.com\/william-amor\/?s={search_term_string}\"},\"query-input\":{\"@type\":\"PropertyValueSpecification\",\"valueRequired\":true,\"valueName\":\"search_term_string\"}}],\"inLanguage\":\"fr-FR\"},{\"@type\":\"Organization\",\"@id\":\"https:\/\/www.valeriehenry.com\/william-amor\/#organization\",\"name\":\"William Amor\",\"url\":\"https:\/\/www.valeriehenry.com\/william-amor\/\",\"logo\":{\"@type\":\"ImageObject\",\"inLanguage\":\"fr-FR\",\"@id\":\"https:\/\/www.valeriehenry.com\/william-amor\/#\/schema\/logo\/image\/\",\"url\":\"https:\/\/www.valeriehenry.com\/william-amor\/wp-content\/uploads\/sites\/8\/2017\/10\/valerie_henry_logo.jpg\",\"contentUrl\":\"https:\/\/www.valeriehenry.com\/william-amor\/wp-content\/uploads\/sites\/8\/2017\/10\/valerie_henry_logo.jpg\",\"width\":165,\"height\":39,\"caption\":\"William Amor\"},\"image\":{\"@id\":\"https:\/\/www.valeriehenry.com\/william-amor\/#\/schema\/logo\/image\/\"},\"sameAs\":[\"https:\/\/www.facebook.com\/agencevaleriehenry\/\",\"https:\/\/x.com\/vaalhenry\",\"https:\/\/www.instagram.com\/valhenryagent\/\",\"https:\/\/www.linkedin.com\/in\/valerie-henry-b071b032\/\",\"https:\/\/www.pinterest.fr\/henry0061\/\"]}]}<\/script>\n<!-- \/ Yoast SEO plugin. -->","yoast_head_json":{"title":"William Amor, artiste upcycling contemporain, oeuvres florales d'exception, biographie","description":"William Amor, artiste upcycling contemporain, oeuvres florales sur-mesure \u00e0 partir de d\u00e9chets du quotidien pour les maison de luxe \u00e0 Paris","robots":{"index":"index","follow":"follow","max-snippet":"max-snippet:-1","max-image-preview":"max-image-preview:large","max-video-preview":"max-video-preview:-1"},"canonical":"https:\/\/www.valeriehenry.com\/william-amor\/biographie\/","og_locale":"fr_FR","og_type":"article","og_title":"William Amor, artiste upcycling contemporain, oeuvres florales d'exception, biographie","og_description":"William Amor, artiste upcycling contemporain, oeuvres florales sur-mesure \u00e0 partir de d\u00e9chets du quotidien pour les maison de luxe \u00e0 Paris","og_url":"https:\/\/www.valeriehenry.com\/william-amor\/biographie\/","og_site_name":"William Amor","article_publisher":"https:\/\/www.facebook.com\/agencevaleriehenry\/","article_modified_time":"2024-03-21T19:09:01+00:00","twitter_card":"summary_large_image","twitter_site":"@vaalhenry","twitter_misc":{"Dur\u00e9e de lecture estim\u00e9e":"2 minutes"},"schema":{"@context":"https:\/\/schema.org","@graph":[{"@type":"WebPage","@id":"https:\/\/www.valeriehenry.com\/william-amor\/biographie\/","url":"https:\/\/www.valeriehenry.com\/william-amor\/biographie\/","name":"William Amor, artiste upcycling contemporain, oeuvres florales d'exception, biographie","isPartOf":{"@id":"https:\/\/www.valeriehenry.com\/william-amor\/#website"},"datePublished":"2017-10-11T09:22:04+00:00","dateModified":"2024-03-21T19:09:01+00:00","description":"William Amor, artiste upcycling contemporain, oeuvres florales sur-mesure \u00e0 partir de d\u00e9chets du quotidien pour les maison de luxe \u00e0 Paris","breadcrumb":{"@id":"https:\/\/www.valeriehenry.com\/william-amor\/biographie\/#breadcrumb"},"inLanguage":"fr-FR","potentialAction":[{"@type":"ReadAction","target":["https:\/\/www.valeriehenry.com\/william-amor\/biographie\/"]}]},{"@type":"BreadcrumbList","@id":"https:\/\/www.valeriehenry.com\/william-amor\/biographie\/#breadcrumb","itemListElement":[{"@type":"ListItem","position":1,"name":"William Amor","item":"https:\/\/www.valeriehenry.com\/william-amor\/"},{"@type":"ListItem","position":2,"name":"Biographie"}]},{"@type":"WebSite","@id":"https:\/\/www.valeriehenry.com\/william-amor\/#website","url":"https:\/\/www.valeriehenry.com\/william-amor\/","name":"William Amor","description":"upcycling artist","publisher":{"@id":"https:\/\/www.valeriehenry.com\/william-amor\/#organization"},"potentialAction":[{"@type":"SearchAction","target":{"@type":"EntryPoint","urlTemplate":"https:\/\/www.valeriehenry.com\/william-amor\/?s={search_term_string}"},"query-input":{"@type":"PropertyValueSpecification","valueRequired":true,"valueName":"search_term_string"}}],"inLanguage":"fr-FR"},{"@type":"Organization","@id":"https:\/\/www.valeriehenry.com\/william-amor\/#organization","name":"William Amor","url":"https:\/\/www.valeriehenry.com\/william-amor\/","logo":{"@type":"ImageObject","inLanguage":"fr-FR","@id":"https:\/\/www.valeriehenry.com\/william-amor\/#\/schema\/logo\/image\/","url":"https:\/\/www.valeriehenry.com\/william-amor\/wp-content\/uploads\/sites\/8\/2017\/10\/valerie_henry_logo.jpg","contentUrl":"https:\/\/www.valeriehenry.com\/william-amor\/wp-content\/uploads\/sites\/8\/2017\/10\/valerie_henry_logo.jpg","width":165,"height":39,"caption":"William Amor"},"image":{"@id":"https:\/\/www.valeriehenry.com\/william-amor\/#\/schema\/logo\/image\/"},"sameAs":["https:\/\/www.facebook.com\/agencevaleriehenry\/","https:\/\/x.com\/vaalhenry","https:\/\/www.instagram.com\/valhenryagent\/","https:\/\/www.linkedin.com\/in\/valerie-henry-b071b032\/","https:\/\/www.pinterest.fr\/henry0061\/"]}]}},"_links":{"self":[{"href":"https:\/\/www.valeriehenry.com\/william-amor\/wp-json\/wp\/v2\/pages\/89"}],"collection":[{"href":"https:\/\/www.valeriehenry.com\/william-amor\/wp-json\/wp\/v2\/pages"}],"about":[{"href":"https:\/\/www.valeriehenry.com\/william-amor\/wp-json\/wp\/v2\/types\/page"}],"author":[{"embeddable":true,"href":"https:\/\/www.valeriehenry.com\/william-amor\/wp-json\/wp\/v2\/users\/1"}],"replies":[{"embeddable":true,"href":"https:\/\/www.valeriehenry.com\/william-amor\/wp-json\/wp\/v2\/comments?post=89"}],"version-history":[{"count":9,"href":"https:\/\/www.valeriehenry.com\/william-amor\/wp-json\/wp\/v2\/pages\/89\/revisions"}],"predecessor-version":[{"id":821,"href":"https:\/\/www.valeriehenry.com\/william-amor\/wp-json\/wp\/v2\/pages\/89\/revisions\/821"}],"wp:attachment":[{"href":"https:\/\/www.valeriehenry.com\/william-amor\/wp-json\/wp\/v2\/media?parent=89"}],"curies":[{"name":"wp","href":"https:\/\/api.w.org\/{rel}","templated":true}]}}