{"id":116,"date":"2017-10-12T09:25:41","date_gmt":"2017-10-12T07:25:41","guid":{"rendered":"https:\/\/www.valeriehenry.com\/soline-daboville\/biographie\/"},"modified":"2024-03-21T18:47:21","modified_gmt":"2024-03-21T17:47:21","slug":"biographie","status":"publish","type":"page","link":"https:\/\/www.valeriehenry.com\/soline-daboville\/biographie\/","title":{"rendered":"biographie"},"content":{"rendered":"<p>Vit et travaille \u00e0 Paris<\/p>\n<p>Designer de formation, sc\u00e9nographe et sp\u00e9cialiste de la cr\u00e9ation de vitrines pour les plus grandes marques de luxe, Soline d\u2019Aboville est avant tout passionn\u00e9e par la mise en sc\u00e8ne de l\u2019objet dans ses espaces d\u2019expression. Elle assume parfaitement ses obsessions : raconter l\u2019univers de son client de mani\u00e8re po\u00e9tique \u00e0 travers des messages clairs en insufflant du sens \u00e0 sa d\u00e9marche cr\u00e9ative et s\u2019inscrire dans une actualit\u00e9 tout en ouvrant grand la porte de l\u2019imaginaire.<\/p>\n<p>Dipl\u00f4m\u00e9e de L\u2019ENSAD et initi\u00e9e \u00e0 l\u2019art des vitrines pour la Maison Cartier, Soline d\u2019Aboville a cr\u00e9\u00e9 pendant cinq ans les d\u00e9cors des vitrines Louis Vuitton \u00e0 travers le monde, avant de pr\u00eater son talent \u00e0 Dior Couture.<br \/>\nD\u00e9bordante d\u2019id\u00e9es et de vitalit\u00e9, elle travaille pour les plus grandes marques de la mode et du luxe.<\/p>\n<p>Curieuse de l\u2019autre et de sa singularit\u00e9, inspir\u00e9e par le voyage et la nature, Soline d\u2019Aboville s\u2019inscrit dans la cr\u00e9ation contemporaine en nous contant des histoires simples qui attisent l\u2019imaginaire.<\/p>\n","protected":false},"excerpt":{"rendered":"<p>Vit et travaille \u00e0 Paris Designer de formation, sc\u00e9nographe et sp\u00e9cialiste de la cr\u00e9ation de vitrines pour les plus grandes marques de luxe, Soline d\u2019Aboville est avant tout passionn\u00e9e par la mise en sc\u00e8ne de l\u2019objet dans ses espaces d\u2019expression.&hellip;<\/p>\n","protected":false},"author":1,"featured_media":0,"parent":0,"menu_order":12,"comment_status":"closed","ping_status":"closed","template":"","meta":{"_trash_the_other_posts":false,"footnotes":""},"class_list":["post-116","page","type-page","status-publish","hentry"],"yoast_head":"<!-- This site is optimized with the Yoast SEO plugin v23.7 - https:\/\/yoast.com\/wordpress\/plugins\/seo\/ -->\n<title>Soline d\u2019Aboville, savoir-faire fran\u00e7ais, biographie<\/title>\n<meta name=\"description\" content=\"Soline d&#039;Aboville, savoir-faire fran\u00e7ais, artiste papier, d\u00e9cors vitrines, ManyMany, Paris\" \/>\n<meta name=\"robots\" content=\"index, follow, max-snippet:-1, max-image-preview:large, max-video-preview:-1\" \/>\n<link rel=\"canonical\" href=\"https:\/\/www.valeriehenry.com\/soline-daboville\/biographie\/\" \/>\n<meta property=\"og:locale\" content=\"fr_FR\" \/>\n<meta property=\"og:type\" content=\"article\" \/>\n<meta property=\"og:title\" content=\"Soline d\u2019Aboville, savoir-faire fran\u00e7ais, biographie\" \/>\n<meta property=\"og:description\" content=\"Soline d&#039;Aboville, savoir-faire fran\u00e7ais, artiste papier, d\u00e9cors vitrines, ManyMany, Paris\" \/>\n<meta property=\"og:url\" content=\"https:\/\/www.valeriehenry.com\/soline-daboville\/biographie\/\" \/>\n<meta property=\"og:site_name\" content=\"Soline d\u2019Aboville\" \/>\n<meta property=\"article:publisher\" content=\"https:\/\/www.facebook.com\/Manymanydesignetcreation\" \/>\n<meta property=\"article:modified_time\" content=\"2024-03-21T17:47:21+00:00\" \/>\n<meta name=\"twitter:card\" content=\"summary_large_image\" \/>\n<meta name=\"twitter:label1\" content=\"Dur\u00e9e de lecture estim\u00e9e\" \/>\n\t<meta name=\"twitter:data1\" content=\"1 minute\" \/>\n<script type=\"application\/ld+json\" class=\"yoast-schema-graph\">{\"@context\":\"https:\/\/schema.org\",\"@graph\":[{\"@type\":\"WebPage\",\"@id\":\"https:\/\/www.valeriehenry.com\/soline-daboville\/biographie\/\",\"url\":\"https:\/\/www.valeriehenry.com\/soline-daboville\/biographie\/\",\"name\":\"Soline d\u2019Aboville, savoir-faire fran\u00e7ais, biographie\",\"isPartOf\":{\"@id\":\"https:\/\/www.valeriehenry.com\/soline-daboville\/#website\"},\"datePublished\":\"2017-10-12T07:25:41+00:00\",\"dateModified\":\"2024-03-21T17:47:21+00:00\",\"description\":\"Soline d'Aboville, savoir-faire fran\u00e7ais, artiste papier, d\u00e9cors vitrines, ManyMany, Paris\",\"breadcrumb\":{\"@id\":\"https:\/\/www.valeriehenry.com\/soline-daboville\/biographie\/#breadcrumb\"},\"inLanguage\":\"fr-FR\",\"potentialAction\":[{\"@type\":\"ReadAction\",\"target\":[\"https:\/\/www.valeriehenry.com\/soline-daboville\/biographie\/\"]}]},{\"@type\":\"BreadcrumbList\",\"@id\":\"https:\/\/www.valeriehenry.com\/soline-daboville\/biographie\/#breadcrumb\",\"itemListElement\":[{\"@type\":\"ListItem\",\"position\":1,\"name\":\"Soline d'Aboville\",\"item\":\"https:\/\/www.valeriehenry.com\/soline-daboville\/\"},{\"@type\":\"ListItem\",\"position\":2,\"name\":\"biographie\"}]},{\"@type\":\"WebSite\",\"@id\":\"https:\/\/www.valeriehenry.com\/soline-daboville\/#website\",\"url\":\"https:\/\/www.valeriehenry.com\/soline-daboville\/\",\"name\":\"Soline d\u2019Aboville\",\"description\":\"sc\u00e9nographe\",\"publisher\":{\"@id\":\"https:\/\/www.valeriehenry.com\/soline-daboville\/#organization\"},\"potentialAction\":[{\"@type\":\"SearchAction\",\"target\":{\"@type\":\"EntryPoint\",\"urlTemplate\":\"https:\/\/www.valeriehenry.com\/soline-daboville\/?s={search_term_string}\"},\"query-input\":{\"@type\":\"PropertyValueSpecification\",\"valueRequired\":true,\"valueName\":\"search_term_string\"}}],\"inLanguage\":\"fr-FR\"},{\"@type\":\"Organization\",\"@id\":\"https:\/\/www.valeriehenry.com\/soline-daboville\/#organization\",\"name\":\"Soline d\u2019Aboville\",\"url\":\"https:\/\/www.valeriehenry.com\/soline-daboville\/\",\"logo\":{\"@type\":\"ImageObject\",\"inLanguage\":\"fr-FR\",\"@id\":\"https:\/\/www.valeriehenry.com\/soline-daboville\/#\/schema\/logo\/image\/\",\"url\":\"https:\/\/www.valeriehenry.com\/soline-daboville\/wp-content\/uploads\/sites\/3\/2017\/10\/valerie_henry_logo.jpg\",\"contentUrl\":\"https:\/\/www.valeriehenry.com\/soline-daboville\/wp-content\/uploads\/sites\/3\/2017\/10\/valerie_henry_logo.jpg\",\"width\":165,\"height\":39,\"caption\":\"Soline d\u2019Aboville\"},\"image\":{\"@id\":\"https:\/\/www.valeriehenry.com\/soline-daboville\/#\/schema\/logo\/image\/\"},\"sameAs\":[\"https:\/\/www.facebook.com\/Manymanydesignetcreation\"]}]}<\/script>\n<!-- \/ Yoast SEO plugin. -->","yoast_head_json":{"title":"Soline d\u2019Aboville, savoir-faire fran\u00e7ais, biographie","description":"Soline d'Aboville, savoir-faire fran\u00e7ais, artiste papier, d\u00e9cors vitrines, ManyMany, Paris","robots":{"index":"index","follow":"follow","max-snippet":"max-snippet:-1","max-image-preview":"max-image-preview:large","max-video-preview":"max-video-preview:-1"},"canonical":"https:\/\/www.valeriehenry.com\/soline-daboville\/biographie\/","og_locale":"fr_FR","og_type":"article","og_title":"Soline d\u2019Aboville, savoir-faire fran\u00e7ais, biographie","og_description":"Soline d'Aboville, savoir-faire fran\u00e7ais, artiste papier, d\u00e9cors vitrines, ManyMany, Paris","og_url":"https:\/\/www.valeriehenry.com\/soline-daboville\/biographie\/","og_site_name":"Soline d\u2019Aboville","article_publisher":"https:\/\/www.facebook.com\/Manymanydesignetcreation","article_modified_time":"2024-03-21T17:47:21+00:00","twitter_card":"summary_large_image","twitter_misc":{"Dur\u00e9e de lecture estim\u00e9e":"1 minute"},"schema":{"@context":"https:\/\/schema.org","@graph":[{"@type":"WebPage","@id":"https:\/\/www.valeriehenry.com\/soline-daboville\/biographie\/","url":"https:\/\/www.valeriehenry.com\/soline-daboville\/biographie\/","name":"Soline d\u2019Aboville, savoir-faire fran\u00e7ais, biographie","isPartOf":{"@id":"https:\/\/www.valeriehenry.com\/soline-daboville\/#website"},"datePublished":"2017-10-12T07:25:41+00:00","dateModified":"2024-03-21T17:47:21+00:00","description":"Soline d'Aboville, savoir-faire fran\u00e7ais, artiste papier, d\u00e9cors vitrines, ManyMany, Paris","breadcrumb":{"@id":"https:\/\/www.valeriehenry.com\/soline-daboville\/biographie\/#breadcrumb"},"inLanguage":"fr-FR","potentialAction":[{"@type":"ReadAction","target":["https:\/\/www.valeriehenry.com\/soline-daboville\/biographie\/"]}]},{"@type":"BreadcrumbList","@id":"https:\/\/www.valeriehenry.com\/soline-daboville\/biographie\/#breadcrumb","itemListElement":[{"@type":"ListItem","position":1,"name":"Soline d'Aboville","item":"https:\/\/www.valeriehenry.com\/soline-daboville\/"},{"@type":"ListItem","position":2,"name":"biographie"}]},{"@type":"WebSite","@id":"https:\/\/www.valeriehenry.com\/soline-daboville\/#website","url":"https:\/\/www.valeriehenry.com\/soline-daboville\/","name":"Soline d\u2019Aboville","description":"sc\u00e9nographe","publisher":{"@id":"https:\/\/www.valeriehenry.com\/soline-daboville\/#organization"},"potentialAction":[{"@type":"SearchAction","target":{"@type":"EntryPoint","urlTemplate":"https:\/\/www.valeriehenry.com\/soline-daboville\/?s={search_term_string}"},"query-input":{"@type":"PropertyValueSpecification","valueRequired":true,"valueName":"search_term_string"}}],"inLanguage":"fr-FR"},{"@type":"Organization","@id":"https:\/\/www.valeriehenry.com\/soline-daboville\/#organization","name":"Soline d\u2019Aboville","url":"https:\/\/www.valeriehenry.com\/soline-daboville\/","logo":{"@type":"ImageObject","inLanguage":"fr-FR","@id":"https:\/\/www.valeriehenry.com\/soline-daboville\/#\/schema\/logo\/image\/","url":"https:\/\/www.valeriehenry.com\/soline-daboville\/wp-content\/uploads\/sites\/3\/2017\/10\/valerie_henry_logo.jpg","contentUrl":"https:\/\/www.valeriehenry.com\/soline-daboville\/wp-content\/uploads\/sites\/3\/2017\/10\/valerie_henry_logo.jpg","width":165,"height":39,"caption":"Soline d\u2019Aboville"},"image":{"@id":"https:\/\/www.valeriehenry.com\/soline-daboville\/#\/schema\/logo\/image\/"},"sameAs":["https:\/\/www.facebook.com\/Manymanydesignetcreation"]}]}},"_links":{"self":[{"href":"https:\/\/www.valeriehenry.com\/soline-daboville\/wp-json\/wp\/v2\/pages\/116"}],"collection":[{"href":"https:\/\/www.valeriehenry.com\/soline-daboville\/wp-json\/wp\/v2\/pages"}],"about":[{"href":"https:\/\/www.valeriehenry.com\/soline-daboville\/wp-json\/wp\/v2\/types\/page"}],"author":[{"embeddable":true,"href":"https:\/\/www.valeriehenry.com\/soline-daboville\/wp-json\/wp\/v2\/users\/1"}],"replies":[{"embeddable":true,"href":"https:\/\/www.valeriehenry.com\/soline-daboville\/wp-json\/wp\/v2\/comments?post=116"}],"version-history":[{"count":1,"href":"https:\/\/www.valeriehenry.com\/soline-daboville\/wp-json\/wp\/v2\/pages\/116\/revisions"}],"predecessor-version":[{"id":158,"href":"https:\/\/www.valeriehenry.com\/soline-daboville\/wp-json\/wp\/v2\/pages\/116\/revisions\/158"}],"wp:attachment":[{"href":"https:\/\/www.valeriehenry.com\/soline-daboville\/wp-json\/wp\/v2\/media?parent=116"}],"curies":[{"name":"wp","href":"https:\/\/api.w.org\/{rel}","templated":true}]}}