{"id":443,"date":"2017-11-17T10:42:50","date_gmt":"2017-11-17T09:42:50","guid":{"rendered":"https:\/\/www.valeriehenry.com\/mathilde-jonquiere\/?page_id=443"},"modified":"2024-03-27T12:13:42","modified_gmt":"2024-03-27T11:13:42","slug":"videos","status":"publish","type":"page","link":"https:\/\/www.valeriehenry.com\/mathilde-jonquiere\/videos\/","title":{"rendered":"vid\u00e9os"},"content":{"rendered":"<p>Juin 2022 &#8211;\u00a0 Reportage \u00e9mission \u00ab\u00a0Version Fran\u00e7aise\u00a0\u00bb par Katherina Marx diffus\u00e9e sur TV5Monde.<\/p>\n<div style=\"width: 640px;\" class=\"wp-video\"><!--[if lt IE 9]><script>document.createElement('video');<\/script><![endif]-->\n<video class=\"wp-video-shortcode\" id=\"video-443-1\" width=\"640\" height=\"360\" preload=\"metadata\" controls=\"controls\"><source type=\"video\/mp4\" src=\"https:\/\/www.valeriehenry.com\/book\/dl\/MATHILDE_TV5_MONDE_INSTA_V1.mp4?_=1\" \/><a href=\"https:\/\/www.valeriehenry.com\/book\/dl\/MATHILDE_TV5_MONDE_INSTA_V1.mp4\">https:\/\/www.valeriehenry.com\/book\/dl\/MATHILDE_TV5_MONDE_INSTA_V1.mp4<\/a><\/video><\/div>\n<p>&nbsp;<\/p>\n<p>Octobre 2018 &#8211; Les Journ\u00e9es Particuli\u00e8res LVMH &#8211; Maison Hennessy.<\/p>\n<p>Erig\u00e9 en bordure de la Charente, le ch\u00e2teau de Bagnolet, est une ancienne demeure de la famille Hennessy acquise en 1840. Inaugur\u00e9 en 1876, le Jardin d&rsquo;Hiver du ch\u00e2teau a \u00e9t\u00e9 enti\u00e8rement r\u00e9nov\u00e9 en 2018 afin de redonner son \u00e9clat \u00e0 ce site historique et intemporel. La maison Hennessy a sollicit\u00e9 Mathilde Jonqui\u00e8re pour la cr\u00e9ation d&rsquo;un sol en mosa\u00efque de marbre vert en collaboration avec Claire Munier pour ses plantations m\u00e9diterran\u00e9ennes. Sa polyphonie chromatique module son sol de lumi\u00e8re, devenant espace et volume \u00e9volutif selon les perspectives. Subtile et graphique, la lecture de l\u2019environnement du Jardin d\u2019Hiver par Mathilde Jonqui\u00e8re s\u2019inspire de l\u2019id\u00e9e du flux d\u2019eau et de la notion de m\u00e9lange. L\u2019artiste a cr\u00e9\u00e9 des \u201cOndes vertes\u201d magistrales, inspir\u00e9es par la Charente, ce fleuve au c\u0153ur de la fabrication du cognac. Mate, brillante ou satin\u00e9e selon son degr\u00e9 de polissage et d\u2019\u00e9paisseur, la mosa\u00efque \u201condule\u201d selon la lumi\u00e8re et le point de vue, cr\u00e9ant un spectacle permanent.<\/p>\n<div>\n<div style=\"width: 640px;\" class=\"wp-video\"><video class=\"wp-video-shortcode\" id=\"video-443-2\" width=\"640\" height=\"360\" preload=\"metadata\" controls=\"controls\"><source type=\"video\/mp4\" src=\"https:\/\/www.valeriehenry.com\/book\/dl\/Timelapse-court-hennessy.mp4?_=2\" \/><a href=\"https:\/\/www.valeriehenry.com\/book\/dl\/Timelapse-court-hennessy.mp4\">https:\/\/www.valeriehenry.com\/book\/dl\/Timelapse-court-hennessy.mp4<\/a><\/video><\/div>\n<\/div>\n<p>&nbsp;<\/p>\n<p>D\u00e9cembre 2017 &#8211; La Grande \u00c9picerie de Paris &#8211; Rive Droite.<\/p>\n<p>Le Bon March\u00e9 a rencontr\u00e9 l&rsquo;artiste Mathilde Jonqui\u00e8re qui a r\u00e9alis\u00e9 quatre mosa\u00efques pour habiller les murs de la nouvelle adresse de La Grande \u00c9picerie de Paris, au 80 rue de Passy dans le 16e arrondissement. Dans des teintes vives et gr\u00e2ce \u00e0 un jeu d&rsquo;\u00e9chelles, elles viennent r\u00e9v\u00e9ler les univers de la Grande \u00c9picerie de Paris, tels que la p\u00e2tisserie ou la poissonnerie.<\/p>\n<p><iframe loading=\"lazy\" title=\"Mathilde Jonquiere - La Grande \u00c9picerie de Paris\" width=\"780\" height=\"439\" src=\"https:\/\/www.youtube.com\/embed\/SXxbP6oqbmQ?start=158&#038;feature=oembed\" frameborder=\"0\" allow=\"accelerometer; autoplay; clipboard-write; encrypted-media; gyroscope; picture-in-picture; web-share\" referrerpolicy=\"strict-origin-when-cross-origin\" allowfullscreen><\/iframe><\/p>\n<p>&nbsp;<\/p>\n<div><\/div>\n","protected":false},"excerpt":{"rendered":"<p>Juin 2022 &#8211;\u00a0 Reportage \u00e9mission \u00ab\u00a0Version Fran\u00e7aise\u00a0\u00bb par Katherina Marx diffus\u00e9e sur TV5Monde. &nbsp; Octobre 2018 &#8211; Les Journ\u00e9es Particuli\u00e8res LVMH &#8211; Maison Hennessy. Erig\u00e9 en bordure de la Charente, le ch\u00e2teau de Bagnolet, est une ancienne demeure de la&hellip;<\/p>\n","protected":false},"author":2,"featured_media":0,"parent":0,"menu_order":0,"comment_status":"closed","ping_status":"closed","template":"","meta":{"_trash_the_other_posts":false,"footnotes":""},"class_list":["post-443","page","type-page","status-publish","hentry"],"yoast_head":"<!-- This site is optimized with the Yoast SEO plugin v23.7 - https:\/\/yoast.com\/wordpress\/plugins\/seo\/ -->\n<title>Mathilde Jonqui\u00e8re, artiste, mosa\u00efque contemporaine sur-mesure, vid\u00e9os<\/title>\n<meta name=\"description\" content=\"Mathilde Jonqui\u00e8re, artiste r\u00e9volutionne l&#039;art de la mosa\u00efque\" \/>\n<meta name=\"robots\" content=\"index, follow, max-snippet:-1, max-image-preview:large, max-video-preview:-1\" \/>\n<link rel=\"canonical\" href=\"https:\/\/www.valeriehenry.com\/mathilde-jonquiere\/videos\/\" \/>\n<meta property=\"og:locale\" content=\"fr_FR\" \/>\n<meta property=\"og:type\" content=\"article\" \/>\n<meta property=\"og:title\" content=\"Mathilde Jonqui\u00e8re, artiste, mosa\u00efque contemporaine sur-mesure, vid\u00e9os\" \/>\n<meta property=\"og:description\" content=\"Mathilde Jonqui\u00e8re, artiste r\u00e9volutionne l&#039;art de la mosa\u00efque\" \/>\n<meta property=\"og:url\" content=\"https:\/\/www.valeriehenry.com\/mathilde-jonquiere\/videos\/\" \/>\n<meta property=\"og:site_name\" content=\"Mathilde Jonqui\u00e8re\" \/>\n<meta property=\"article:modified_time\" content=\"2024-03-27T11:13:42+00:00\" \/>\n<meta name=\"twitter:card\" content=\"summary_large_image\" \/>\n<meta name=\"twitter:label1\" content=\"Dur\u00e9e de lecture estim\u00e9e\" \/>\n\t<meta name=\"twitter:data1\" content=\"2 minutes\" \/>\n<script type=\"application\/ld+json\" class=\"yoast-schema-graph\">{\"@context\":\"https:\/\/schema.org\",\"@graph\":[{\"@type\":\"WebPage\",\"@id\":\"https:\/\/www.valeriehenry.com\/mathilde-jonquiere\/videos\/\",\"url\":\"https:\/\/www.valeriehenry.com\/mathilde-jonquiere\/videos\/\",\"name\":\"Mathilde Jonqui\u00e8re, artiste, mosa\u00efque contemporaine sur-mesure, vid\u00e9os\",\"isPartOf\":{\"@id\":\"https:\/\/www.valeriehenry.com\/mathilde-jonquiere\/#website\"},\"datePublished\":\"2017-11-17T09:42:50+00:00\",\"dateModified\":\"2024-03-27T11:13:42+00:00\",\"description\":\"Mathilde Jonqui\u00e8re, artiste r\u00e9volutionne l'art de la mosa\u00efque\",\"breadcrumb\":{\"@id\":\"https:\/\/www.valeriehenry.com\/mathilde-jonquiere\/videos\/#breadcrumb\"},\"inLanguage\":\"fr-FR\",\"potentialAction\":[{\"@type\":\"ReadAction\",\"target\":[\"https:\/\/www.valeriehenry.com\/mathilde-jonquiere\/videos\/\"]}]},{\"@type\":\"BreadcrumbList\",\"@id\":\"https:\/\/www.valeriehenry.com\/mathilde-jonquiere\/videos\/#breadcrumb\",\"itemListElement\":[{\"@type\":\"ListItem\",\"position\":1,\"name\":\"Mathilde Jonqui\u00e8re\",\"item\":\"https:\/\/www.valeriehenry.com\/mathilde-jonquiere\/\"},{\"@type\":\"ListItem\",\"position\":2,\"name\":\"vid\u00e9os\"}]},{\"@type\":\"WebSite\",\"@id\":\"https:\/\/www.valeriehenry.com\/mathilde-jonquiere\/#website\",\"url\":\"https:\/\/www.valeriehenry.com\/mathilde-jonquiere\/\",\"name\":\"Mathilde Jonqui\u00e8re\",\"description\":\"mosa\u00efste\",\"publisher\":{\"@id\":\"https:\/\/www.valeriehenry.com\/mathilde-jonquiere\/#organization\"},\"potentialAction\":[{\"@type\":\"SearchAction\",\"target\":{\"@type\":\"EntryPoint\",\"urlTemplate\":\"https:\/\/www.valeriehenry.com\/mathilde-jonquiere\/?s={search_term_string}\"},\"query-input\":{\"@type\":\"PropertyValueSpecification\",\"valueRequired\":true,\"valueName\":\"search_term_string\"}}],\"inLanguage\":\"fr-FR\"},{\"@type\":\"Organization\",\"@id\":\"https:\/\/www.valeriehenry.com\/mathilde-jonquiere\/#organization\",\"name\":\"Mathilde Jonqui\u00e8re\",\"url\":\"https:\/\/www.valeriehenry.com\/mathilde-jonquiere\/\",\"logo\":{\"@type\":\"ImageObject\",\"inLanguage\":\"fr-FR\",\"@id\":\"https:\/\/www.valeriehenry.com\/mathilde-jonquiere\/#\/schema\/logo\/image\/\",\"url\":\"https:\/\/www.valeriehenry.com\/mathilde-jonquiere\/wp-content\/uploads\/sites\/10\/2017\/10\/valerie_henry_logo.jpg\",\"contentUrl\":\"https:\/\/www.valeriehenry.com\/mathilde-jonquiere\/wp-content\/uploads\/sites\/10\/2017\/10\/valerie_henry_logo.jpg\",\"width\":165,\"height\":39,\"caption\":\"Mathilde Jonqui\u00e8re\"},\"image\":{\"@id\":\"https:\/\/www.valeriehenry.com\/mathilde-jonquiere\/#\/schema\/logo\/image\/\"}}]}<\/script>\n<!-- \/ Yoast SEO plugin. -->","yoast_head_json":{"title":"Mathilde Jonqui\u00e8re, artiste, mosa\u00efque contemporaine sur-mesure, vid\u00e9os","description":"Mathilde Jonqui\u00e8re, artiste r\u00e9volutionne l'art de la mosa\u00efque","robots":{"index":"index","follow":"follow","max-snippet":"max-snippet:-1","max-image-preview":"max-image-preview:large","max-video-preview":"max-video-preview:-1"},"canonical":"https:\/\/www.valeriehenry.com\/mathilde-jonquiere\/videos\/","og_locale":"fr_FR","og_type":"article","og_title":"Mathilde Jonqui\u00e8re, artiste, mosa\u00efque contemporaine sur-mesure, vid\u00e9os","og_description":"Mathilde Jonqui\u00e8re, artiste r\u00e9volutionne l'art de la mosa\u00efque","og_url":"https:\/\/www.valeriehenry.com\/mathilde-jonquiere\/videos\/","og_site_name":"Mathilde Jonqui\u00e8re","article_modified_time":"2024-03-27T11:13:42+00:00","twitter_card":"summary_large_image","twitter_misc":{"Dur\u00e9e de lecture estim\u00e9e":"2 minutes"},"schema":{"@context":"https:\/\/schema.org","@graph":[{"@type":"WebPage","@id":"https:\/\/www.valeriehenry.com\/mathilde-jonquiere\/videos\/","url":"https:\/\/www.valeriehenry.com\/mathilde-jonquiere\/videos\/","name":"Mathilde Jonqui\u00e8re, artiste, mosa\u00efque contemporaine sur-mesure, vid\u00e9os","isPartOf":{"@id":"https:\/\/www.valeriehenry.com\/mathilde-jonquiere\/#website"},"datePublished":"2017-11-17T09:42:50+00:00","dateModified":"2024-03-27T11:13:42+00:00","description":"Mathilde Jonqui\u00e8re, artiste r\u00e9volutionne l'art de la mosa\u00efque","breadcrumb":{"@id":"https:\/\/www.valeriehenry.com\/mathilde-jonquiere\/videos\/#breadcrumb"},"inLanguage":"fr-FR","potentialAction":[{"@type":"ReadAction","target":["https:\/\/www.valeriehenry.com\/mathilde-jonquiere\/videos\/"]}]},{"@type":"BreadcrumbList","@id":"https:\/\/www.valeriehenry.com\/mathilde-jonquiere\/videos\/#breadcrumb","itemListElement":[{"@type":"ListItem","position":1,"name":"Mathilde Jonqui\u00e8re","item":"https:\/\/www.valeriehenry.com\/mathilde-jonquiere\/"},{"@type":"ListItem","position":2,"name":"vid\u00e9os"}]},{"@type":"WebSite","@id":"https:\/\/www.valeriehenry.com\/mathilde-jonquiere\/#website","url":"https:\/\/www.valeriehenry.com\/mathilde-jonquiere\/","name":"Mathilde Jonqui\u00e8re","description":"mosa\u00efste","publisher":{"@id":"https:\/\/www.valeriehenry.com\/mathilde-jonquiere\/#organization"},"potentialAction":[{"@type":"SearchAction","target":{"@type":"EntryPoint","urlTemplate":"https:\/\/www.valeriehenry.com\/mathilde-jonquiere\/?s={search_term_string}"},"query-input":{"@type":"PropertyValueSpecification","valueRequired":true,"valueName":"search_term_string"}}],"inLanguage":"fr-FR"},{"@type":"Organization","@id":"https:\/\/www.valeriehenry.com\/mathilde-jonquiere\/#organization","name":"Mathilde Jonqui\u00e8re","url":"https:\/\/www.valeriehenry.com\/mathilde-jonquiere\/","logo":{"@type":"ImageObject","inLanguage":"fr-FR","@id":"https:\/\/www.valeriehenry.com\/mathilde-jonquiere\/#\/schema\/logo\/image\/","url":"https:\/\/www.valeriehenry.com\/mathilde-jonquiere\/wp-content\/uploads\/sites\/10\/2017\/10\/valerie_henry_logo.jpg","contentUrl":"https:\/\/www.valeriehenry.com\/mathilde-jonquiere\/wp-content\/uploads\/sites\/10\/2017\/10\/valerie_henry_logo.jpg","width":165,"height":39,"caption":"Mathilde Jonqui\u00e8re"},"image":{"@id":"https:\/\/www.valeriehenry.com\/mathilde-jonquiere\/#\/schema\/logo\/image\/"}}]}},"_links":{"self":[{"href":"https:\/\/www.valeriehenry.com\/mathilde-jonquiere\/wp-json\/wp\/v2\/pages\/443"}],"collection":[{"href":"https:\/\/www.valeriehenry.com\/mathilde-jonquiere\/wp-json\/wp\/v2\/pages"}],"about":[{"href":"https:\/\/www.valeriehenry.com\/mathilde-jonquiere\/wp-json\/wp\/v2\/types\/page"}],"author":[{"embeddable":true,"href":"https:\/\/www.valeriehenry.com\/mathilde-jonquiere\/wp-json\/wp\/v2\/users\/2"}],"replies":[{"embeddable":true,"href":"https:\/\/www.valeriehenry.com\/mathilde-jonquiere\/wp-json\/wp\/v2\/comments?post=443"}],"version-history":[{"count":11,"href":"https:\/\/www.valeriehenry.com\/mathilde-jonquiere\/wp-json\/wp\/v2\/pages\/443\/revisions"}],"predecessor-version":[{"id":1106,"href":"https:\/\/www.valeriehenry.com\/mathilde-jonquiere\/wp-json\/wp\/v2\/pages\/443\/revisions\/1106"}],"wp:attachment":[{"href":"https:\/\/www.valeriehenry.com\/mathilde-jonquiere\/wp-json\/wp\/v2\/media?parent=443"}],"curies":[{"name":"wp","href":"https:\/\/api.w.org\/{rel}","templated":true}]}}