{"id":265,"date":"2017-10-12T11:58:53","date_gmt":"2017-10-12T09:58:53","guid":{"rendered":"https:\/\/www.valeriehenry.com\/mathilde-jonquiere\/biographie\/"},"modified":"2024-03-21T20:36:43","modified_gmt":"2024-03-21T19:36:43","slug":"biographie","status":"publish","type":"page","link":"https:\/\/www.valeriehenry.com\/mathilde-jonquiere\/biographie\/","title":{"rendered":"biographie"},"content":{"rendered":"<p>Vit et travaille \u00e0 Paris<\/p>\n<p>Diplom\u00e9e de l&rsquo;\u00e9cole Camondo, Mathilde Jonqui\u00e8re cr\u00e9e son premier atelier en 2000 \u00e0 Paris. Elle y dessine et cr\u00e9e des fresques uniques \u00e0 grande \u00e9chelle compos\u00e9es de mat\u00e9riaux pr\u00e9cieux : \u00e9maux de Venise, p\u00e2te de verre et tesselles d&rsquo;or. Pour chacun de ses projets, un travail pr\u00e9cis prend forme \u00e0 partir d&rsquo;une simple aquarelle. La d\u00e9coupe de chaque tesselle et enfin la pose de la mosa\u00efque in situ s&rsquo;effectuent avec son \u00e9quipe. Alliant connaissances techniques et sensibilit\u00e9 artistique, elle sait se renouveler et proposer, pour chaque r\u00e9alisation, un projet sur mesure \u00e0 l&rsquo;image d&rsquo;un ouvrage de Haute-couture.<\/p>\n<p>A l&rsquo;\u00e9coute de ses clients, elle traduit leur univers en des fresques graphiques, po\u00e9tiques et empreintes d&rsquo;\u00e9l\u00e9gance et de f\u00e9minit\u00e9. Son style se d\u00e9finit par des dessins de cercles, de points et autres formes a\u00e9riennes qui se multiplient, se confrontent, se bousculent jusqu&rsquo;\u00e0 former des entrelacs. La rencontre de ses formes organiques d\u00e9clenche un mouvement qui s&rsquo;apparente \u00e0 une chor\u00e9graphie de la mati\u00e8re. Sa sensibilit\u00e9 \u00e0 la couleur lui permet de manier et associer avec justesse les nuances, les cama\u00efeux et les contrastes. Sa connaissance des mat\u00e9riaux donne \u00e0 ses oeuvres une dimension unique et originale r\u00e9v\u00e9lant l&rsquo;espace en y captant la lumi\u00e8re.<\/p>\n","protected":false},"excerpt":{"rendered":"<p>Vit et travaille \u00e0 Paris Diplom\u00e9e de l&rsquo;\u00e9cole Camondo, Mathilde Jonqui\u00e8re cr\u00e9e son premier atelier en 2000 \u00e0 Paris. Elle y dessine et cr\u00e9e des fresques uniques \u00e0 grande \u00e9chelle compos\u00e9es de mat\u00e9riaux pr\u00e9cieux : \u00e9maux de Venise, p\u00e2te de&hellip;<\/p>\n","protected":false},"author":1,"featured_media":0,"parent":0,"menu_order":11,"comment_status":"closed","ping_status":"closed","template":"","meta":{"_trash_the_other_posts":false,"footnotes":""},"class_list":["post-265","page","type-page","status-publish","hentry"],"yoast_head":"<!-- This site is optimized with the Yoast SEO plugin v23.7 - https:\/\/yoast.com\/wordpress\/plugins\/seo\/ -->\n<title>Mathilde Jonqui\u00e8re, mosa\u00efque contemporaine sur-mesure, Atelier de mosa\u00efque \u00e0 Paris<\/title>\n<meta name=\"description\" content=\"Mathilde Jonqui\u00e8re, artiste mosa\u00efste, r\u00e9alise des fresques murales, sol en mosa\u00efque de marbre, tableaux sur-mesure, biographie\" \/>\n<meta name=\"robots\" content=\"index, follow, max-snippet:-1, max-image-preview:large, max-video-preview:-1\" \/>\n<link rel=\"canonical\" href=\"https:\/\/www.valeriehenry.com\/mathilde-jonquiere\/biographie\/\" \/>\n<meta property=\"og:locale\" content=\"fr_FR\" \/>\n<meta property=\"og:type\" content=\"article\" \/>\n<meta property=\"og:title\" content=\"Mathilde Jonqui\u00e8re, mosa\u00efque contemporaine sur-mesure, Atelier de mosa\u00efque \u00e0 Paris\" \/>\n<meta property=\"og:description\" content=\"Mathilde Jonqui\u00e8re, artiste mosa\u00efste, r\u00e9alise des fresques murales, sol en mosa\u00efque de marbre, tableaux sur-mesure, biographie\" \/>\n<meta property=\"og:url\" content=\"https:\/\/www.valeriehenry.com\/mathilde-jonquiere\/biographie\/\" \/>\n<meta property=\"og:site_name\" content=\"Mathilde Jonqui\u00e8re\" \/>\n<meta property=\"article:modified_time\" content=\"2024-03-21T19:36:43+00:00\" \/>\n<meta name=\"twitter:card\" content=\"summary_large_image\" \/>\n<meta name=\"twitter:label1\" content=\"Dur\u00e9e de lecture estim\u00e9e\" \/>\n\t<meta name=\"twitter:data1\" content=\"2 minutes\" \/>\n<script type=\"application\/ld+json\" class=\"yoast-schema-graph\">{\"@context\":\"https:\/\/schema.org\",\"@graph\":[{\"@type\":\"WebPage\",\"@id\":\"https:\/\/www.valeriehenry.com\/mathilde-jonquiere\/biographie\/\",\"url\":\"https:\/\/www.valeriehenry.com\/mathilde-jonquiere\/biographie\/\",\"name\":\"Mathilde Jonqui\u00e8re, mosa\u00efque contemporaine sur-mesure, Atelier de mosa\u00efque \u00e0 Paris\",\"isPartOf\":{\"@id\":\"https:\/\/www.valeriehenry.com\/mathilde-jonquiere\/#website\"},\"datePublished\":\"2017-10-12T09:58:53+00:00\",\"dateModified\":\"2024-03-21T19:36:43+00:00\",\"description\":\"Mathilde Jonqui\u00e8re, artiste mosa\u00efste, r\u00e9alise des fresques murales, sol en mosa\u00efque de marbre, tableaux sur-mesure, biographie\",\"breadcrumb\":{\"@id\":\"https:\/\/www.valeriehenry.com\/mathilde-jonquiere\/biographie\/#breadcrumb\"},\"inLanguage\":\"fr-FR\",\"potentialAction\":[{\"@type\":\"ReadAction\",\"target\":[\"https:\/\/www.valeriehenry.com\/mathilde-jonquiere\/biographie\/\"]}]},{\"@type\":\"BreadcrumbList\",\"@id\":\"https:\/\/www.valeriehenry.com\/mathilde-jonquiere\/biographie\/#breadcrumb\",\"itemListElement\":[{\"@type\":\"ListItem\",\"position\":1,\"name\":\"Mathilde Jonqui\u00e8re\",\"item\":\"https:\/\/www.valeriehenry.com\/mathilde-jonquiere\/\"},{\"@type\":\"ListItem\",\"position\":2,\"name\":\"biographie\"}]},{\"@type\":\"WebSite\",\"@id\":\"https:\/\/www.valeriehenry.com\/mathilde-jonquiere\/#website\",\"url\":\"https:\/\/www.valeriehenry.com\/mathilde-jonquiere\/\",\"name\":\"Mathilde Jonqui\u00e8re\",\"description\":\"mosa\u00efste\",\"publisher\":{\"@id\":\"https:\/\/www.valeriehenry.com\/mathilde-jonquiere\/#organization\"},\"potentialAction\":[{\"@type\":\"SearchAction\",\"target\":{\"@type\":\"EntryPoint\",\"urlTemplate\":\"https:\/\/www.valeriehenry.com\/mathilde-jonquiere\/?s={search_term_string}\"},\"query-input\":{\"@type\":\"PropertyValueSpecification\",\"valueRequired\":true,\"valueName\":\"search_term_string\"}}],\"inLanguage\":\"fr-FR\"},{\"@type\":\"Organization\",\"@id\":\"https:\/\/www.valeriehenry.com\/mathilde-jonquiere\/#organization\",\"name\":\"Mathilde Jonqui\u00e8re\",\"url\":\"https:\/\/www.valeriehenry.com\/mathilde-jonquiere\/\",\"logo\":{\"@type\":\"ImageObject\",\"inLanguage\":\"fr-FR\",\"@id\":\"https:\/\/www.valeriehenry.com\/mathilde-jonquiere\/#\/schema\/logo\/image\/\",\"url\":\"https:\/\/www.valeriehenry.com\/mathilde-jonquiere\/wp-content\/uploads\/sites\/10\/2017\/10\/valerie_henry_logo.jpg\",\"contentUrl\":\"https:\/\/www.valeriehenry.com\/mathilde-jonquiere\/wp-content\/uploads\/sites\/10\/2017\/10\/valerie_henry_logo.jpg\",\"width\":165,\"height\":39,\"caption\":\"Mathilde Jonqui\u00e8re\"},\"image\":{\"@id\":\"https:\/\/www.valeriehenry.com\/mathilde-jonquiere\/#\/schema\/logo\/image\/\"}}]}<\/script>\n<!-- \/ Yoast SEO plugin. -->","yoast_head_json":{"title":"Mathilde Jonqui\u00e8re, mosa\u00efque contemporaine sur-mesure, Atelier de mosa\u00efque \u00e0 Paris","description":"Mathilde Jonqui\u00e8re, artiste mosa\u00efste, r\u00e9alise des fresques murales, sol en mosa\u00efque de marbre, tableaux sur-mesure, biographie","robots":{"index":"index","follow":"follow","max-snippet":"max-snippet:-1","max-image-preview":"max-image-preview:large","max-video-preview":"max-video-preview:-1"},"canonical":"https:\/\/www.valeriehenry.com\/mathilde-jonquiere\/biographie\/","og_locale":"fr_FR","og_type":"article","og_title":"Mathilde Jonqui\u00e8re, mosa\u00efque contemporaine sur-mesure, Atelier de mosa\u00efque \u00e0 Paris","og_description":"Mathilde Jonqui\u00e8re, artiste mosa\u00efste, r\u00e9alise des fresques murales, sol en mosa\u00efque de marbre, tableaux sur-mesure, biographie","og_url":"https:\/\/www.valeriehenry.com\/mathilde-jonquiere\/biographie\/","og_site_name":"Mathilde Jonqui\u00e8re","article_modified_time":"2024-03-21T19:36:43+00:00","twitter_card":"summary_large_image","twitter_misc":{"Dur\u00e9e de lecture estim\u00e9e":"2 minutes"},"schema":{"@context":"https:\/\/schema.org","@graph":[{"@type":"WebPage","@id":"https:\/\/www.valeriehenry.com\/mathilde-jonquiere\/biographie\/","url":"https:\/\/www.valeriehenry.com\/mathilde-jonquiere\/biographie\/","name":"Mathilde Jonqui\u00e8re, mosa\u00efque contemporaine sur-mesure, Atelier de mosa\u00efque \u00e0 Paris","isPartOf":{"@id":"https:\/\/www.valeriehenry.com\/mathilde-jonquiere\/#website"},"datePublished":"2017-10-12T09:58:53+00:00","dateModified":"2024-03-21T19:36:43+00:00","description":"Mathilde Jonqui\u00e8re, artiste mosa\u00efste, r\u00e9alise des fresques murales, sol en mosa\u00efque de marbre, tableaux sur-mesure, biographie","breadcrumb":{"@id":"https:\/\/www.valeriehenry.com\/mathilde-jonquiere\/biographie\/#breadcrumb"},"inLanguage":"fr-FR","potentialAction":[{"@type":"ReadAction","target":["https:\/\/www.valeriehenry.com\/mathilde-jonquiere\/biographie\/"]}]},{"@type":"BreadcrumbList","@id":"https:\/\/www.valeriehenry.com\/mathilde-jonquiere\/biographie\/#breadcrumb","itemListElement":[{"@type":"ListItem","position":1,"name":"Mathilde Jonqui\u00e8re","item":"https:\/\/www.valeriehenry.com\/mathilde-jonquiere\/"},{"@type":"ListItem","position":2,"name":"biographie"}]},{"@type":"WebSite","@id":"https:\/\/www.valeriehenry.com\/mathilde-jonquiere\/#website","url":"https:\/\/www.valeriehenry.com\/mathilde-jonquiere\/","name":"Mathilde Jonqui\u00e8re","description":"mosa\u00efste","publisher":{"@id":"https:\/\/www.valeriehenry.com\/mathilde-jonquiere\/#organization"},"potentialAction":[{"@type":"SearchAction","target":{"@type":"EntryPoint","urlTemplate":"https:\/\/www.valeriehenry.com\/mathilde-jonquiere\/?s={search_term_string}"},"query-input":{"@type":"PropertyValueSpecification","valueRequired":true,"valueName":"search_term_string"}}],"inLanguage":"fr-FR"},{"@type":"Organization","@id":"https:\/\/www.valeriehenry.com\/mathilde-jonquiere\/#organization","name":"Mathilde Jonqui\u00e8re","url":"https:\/\/www.valeriehenry.com\/mathilde-jonquiere\/","logo":{"@type":"ImageObject","inLanguage":"fr-FR","@id":"https:\/\/www.valeriehenry.com\/mathilde-jonquiere\/#\/schema\/logo\/image\/","url":"https:\/\/www.valeriehenry.com\/mathilde-jonquiere\/wp-content\/uploads\/sites\/10\/2017\/10\/valerie_henry_logo.jpg","contentUrl":"https:\/\/www.valeriehenry.com\/mathilde-jonquiere\/wp-content\/uploads\/sites\/10\/2017\/10\/valerie_henry_logo.jpg","width":165,"height":39,"caption":"Mathilde Jonqui\u00e8re"},"image":{"@id":"https:\/\/www.valeriehenry.com\/mathilde-jonquiere\/#\/schema\/logo\/image\/"}}]}},"_links":{"self":[{"href":"https:\/\/www.valeriehenry.com\/mathilde-jonquiere\/wp-json\/wp\/v2\/pages\/265"}],"collection":[{"href":"https:\/\/www.valeriehenry.com\/mathilde-jonquiere\/wp-json\/wp\/v2\/pages"}],"about":[{"href":"https:\/\/www.valeriehenry.com\/mathilde-jonquiere\/wp-json\/wp\/v2\/types\/page"}],"author":[{"embeddable":true,"href":"https:\/\/www.valeriehenry.com\/mathilde-jonquiere\/wp-json\/wp\/v2\/users\/1"}],"replies":[{"embeddable":true,"href":"https:\/\/www.valeriehenry.com\/mathilde-jonquiere\/wp-json\/wp\/v2\/comments?post=265"}],"version-history":[{"count":1,"href":"https:\/\/www.valeriehenry.com\/mathilde-jonquiere\/wp-json\/wp\/v2\/pages\/265\/revisions"}],"predecessor-version":[{"id":439,"href":"https:\/\/www.valeriehenry.com\/mathilde-jonquiere\/wp-json\/wp\/v2\/pages\/265\/revisions\/439"}],"wp:attachment":[{"href":"https:\/\/www.valeriehenry.com\/mathilde-jonquiere\/wp-json\/wp\/v2\/media?parent=265"}],"curies":[{"name":"wp","href":"https:\/\/api.w.org\/{rel}","templated":true}]}}