{"id":1289,"date":"2025-06-30T14:37:46","date_gmt":"2025-06-30T12:37:46","guid":{"rendered":"https:\/\/www.valeriehenry.com\/mathilde-jonquiere\/?page_id=1289"},"modified":"2025-07-16T15:34:56","modified_gmt":"2025-07-16T13:34:56","slug":"petit-h","status":"publish","type":"page","link":"https:\/\/www.valeriehenry.com\/mathilde-jonquiere\/projets\/petit-h\/","title":{"rendered":"Petit H"},"content":{"rendered":"<div id=\"gallery-1\" class=\"uk-grid-medium uk-child-width-expand@s\" uk-grid uk-height-match=\"target: > article; row: false\"><div class=\"gallery-item uk-margin-bottom uk-width-1-2@s uk-width-1-3@l\"><a href=\"https:\/\/www.valeriehenry.com\/mathilde-jonquiere\/wp-content\/uploads\/sites\/10\/2023\/06\/Mathilde-Jonquiere-artiste-mosaiste-table-petit-h-1.jpg\" rel=\"gallery-1\"><figure class=\"uk-margin-small-bottom uk-cover-container uk-height-small uk-section-muted\"><img decoding=\"async\" uk-cover=\"\" src=\"https:\/\/www.valeriehenry.com\/mathilde-jonquiere\/wp-content\/uploads\/sites\/10\/2023\/06\/Mathilde-Jonquiere-artiste-mosaiste-table-petit-h-1-300x200.jpg\" srcset=\"https:\/\/www.valeriehenry.com\/mathilde-jonquiere\/wp-content\/uploads\/sites\/10\/2023\/06\/Mathilde-Jonquiere-artiste-mosaiste-table-petit-h-1-300x200.jpg 300w, https:\/\/www.valeriehenry.com\/mathilde-jonquiere\/wp-content\/uploads\/sites\/10\/2023\/06\/Mathilde-Jonquiere-artiste-mosaiste-table-petit-h-1-600x400.jpg 600w, https:\/\/www.valeriehenry.com\/mathilde-jonquiere\/wp-content\/uploads\/sites\/10\/2023\/06\/Mathilde-Jonquiere-artiste-mosaiste-table-petit-h-1-768x512.jpg 768w, https:\/\/www.valeriehenry.com\/mathilde-jonquiere\/wp-content\/uploads\/sites\/10\/2023\/06\/Mathilde-Jonquiere-artiste-mosaiste-table-petit-h-1-1024x683.jpg 1024w, https:\/\/www.valeriehenry.com\/mathilde-jonquiere\/wp-content\/uploads\/sites\/10\/2023\/06\/Mathilde-Jonquiere-artiste-mosaiste-table-petit-h-1.jpg 1200w\" sizes=\"100vw, (min-width: 640px) 50vw, (min-width: 960px) 37vw, (min-width: 1200px) 25vw, (min-width: 1280px) 277px\" alt = \"Mathilde Jonqui\u00e8re, artiste mosa\u00efste, avril 2023, cr\u00e9ation originale d&rsquo;une table \u00ab\u00a0Strates\u00a0\u00bb en picassiette pour Petit H, diam\u00e8tre 130cm. Pour cette deuxi\u00e8me \u00e9dition, l\u2019atelier Petit H confie \u00e0 Mathilde Jonqui\u00e8re des \u00e9l\u00e9ments m\u00e9talliques et plastiques que Mathilde Jonqui\u00e8re associe aux rebus d\u2019assiettes en porcelaine venant des diff\u00e9rentes collections de la maison. \u00a9 Nathalie Baetens\"><\/figure><\/a><\/div><div class=\"gallery-item uk-margin-bottom uk-width-1-2@s uk-width-1-3@l\"><a href=\"https:\/\/www.valeriehenry.com\/mathilde-jonquiere\/wp-content\/uploads\/sites\/10\/2023\/06\/Mathilde-Jonquiere-artiste-mosaiste-table-petit-h-2.jpg\" rel=\"gallery-1\"><figure class=\"uk-margin-small-bottom uk-cover-container uk-height-small uk-section-muted\"><img decoding=\"async\" uk-cover=\"\" src=\"https:\/\/www.valeriehenry.com\/mathilde-jonquiere\/wp-content\/uploads\/sites\/10\/2023\/06\/Mathilde-Jonquiere-artiste-mosaiste-table-petit-h-2-300x200.jpg\" srcset=\"https:\/\/www.valeriehenry.com\/mathilde-jonquiere\/wp-content\/uploads\/sites\/10\/2023\/06\/Mathilde-Jonquiere-artiste-mosaiste-table-petit-h-2-300x200.jpg 300w, https:\/\/www.valeriehenry.com\/mathilde-jonquiere\/wp-content\/uploads\/sites\/10\/2023\/06\/Mathilde-Jonquiere-artiste-mosaiste-table-petit-h-2-600x400.jpg 600w, https:\/\/www.valeriehenry.com\/mathilde-jonquiere\/wp-content\/uploads\/sites\/10\/2023\/06\/Mathilde-Jonquiere-artiste-mosaiste-table-petit-h-2-768x512.jpg 768w, https:\/\/www.valeriehenry.com\/mathilde-jonquiere\/wp-content\/uploads\/sites\/10\/2023\/06\/Mathilde-Jonquiere-artiste-mosaiste-table-petit-h-2-1024x683.jpg 1024w, https:\/\/www.valeriehenry.com\/mathilde-jonquiere\/wp-content\/uploads\/sites\/10\/2023\/06\/Mathilde-Jonquiere-artiste-mosaiste-table-petit-h-2.jpg 1200w\" sizes=\"100vw, (min-width: 640px) 50vw, (min-width: 960px) 37vw, (min-width: 1200px) 25vw, (min-width: 1280px) 277px\" alt = \"Mathilde Jonqui\u00e8re, artiste mosa\u00efste, avril 2023, cr\u00e9ation originale d&rsquo;une table \u00ab\u00a0Strates\u00a0\u00bb en picassiette pour Petit H, diam\u00e8tre 130cm. Un nouvel alphabet de mati\u00e8res endormies issues des manufactures d\u2019Herm\u00e8s : des boucles et des fermoirs de sac \u00e0 main, des boutons de nacre et de corne ainsi que des \u00e9l\u00e9ments plastiques de couleurs \u00e9clatantes. \u00a9 Nathalie Baetens\"><\/figure><\/a><\/div><div class=\"gallery-item uk-margin-bottom uk-width-1-2@s uk-width-1-3@l\"><a href=\"https:\/\/www.valeriehenry.com\/mathilde-jonquiere\/wp-content\/uploads\/sites\/10\/2023\/06\/1070598-01_TABLE-BASSE-MOSAIQUE-MULTI-MATIERE-140-CM_2338.jpg\" rel=\"gallery-1\"><figure class=\"uk-margin-small-bottom uk-cover-container uk-height-small uk-section-muted\"><img decoding=\"async\" uk-cover=\"\" src=\"https:\/\/www.valeriehenry.com\/mathilde-jonquiere\/wp-content\/uploads\/sites\/10\/2023\/06\/1070598-01_TABLE-BASSE-MOSAIQUE-MULTI-MATIERE-140-CM_2338-300x200.jpg\" srcset=\"https:\/\/www.valeriehenry.com\/mathilde-jonquiere\/wp-content\/uploads\/sites\/10\/2023\/06\/1070598-01_TABLE-BASSE-MOSAIQUE-MULTI-MATIERE-140-CM_2338-300x200.jpg 300w, https:\/\/www.valeriehenry.com\/mathilde-jonquiere\/wp-content\/uploads\/sites\/10\/2023\/06\/1070598-01_TABLE-BASSE-MOSAIQUE-MULTI-MATIERE-140-CM_2338-600x399.jpg 600w, https:\/\/www.valeriehenry.com\/mathilde-jonquiere\/wp-content\/uploads\/sites\/10\/2023\/06\/1070598-01_TABLE-BASSE-MOSAIQUE-MULTI-MATIERE-140-CM_2338-768x511.jpg 768w, https:\/\/www.valeriehenry.com\/mathilde-jonquiere\/wp-content\/uploads\/sites\/10\/2023\/06\/1070598-01_TABLE-BASSE-MOSAIQUE-MULTI-MATIERE-140-CM_2338-1024x681.jpg 1024w, https:\/\/www.valeriehenry.com\/mathilde-jonquiere\/wp-content\/uploads\/sites\/10\/2023\/06\/1070598-01_TABLE-BASSE-MOSAIQUE-MULTI-MATIERE-140-CM_2338.jpg 1200w\" sizes=\"100vw, (min-width: 640px) 50vw, (min-width: 960px) 37vw, (min-width: 1200px) 25vw, (min-width: 1280px) 277px\" alt = \"Mathilde Jonqui\u00e8re, artiste mosa\u00efste, avril 2023, cr\u00e9ation originale d&rsquo;une table \u00ab\u00a0Strates\u00a0\u00bb en picassiette pour Petit H, diam\u00e8tre 130cm. Godefroy de Virieu, Directeur de Cr\u00e9ation de Petit H, l&rsquo;atelier de RE-cr\u00e9ation d&rsquo;Herm\u00e8s, sollicite Mathilde Jonqui\u00e8re pour la cr\u00e9ation d\u2019une deuxi\u00e8me table basse en picassiette gain\u00e9e de cuir. \u00a9 Eugenia Sierko\"><\/figure><\/a><\/div><\/div>\n","protected":false},"excerpt":{"rendered":"","protected":false},"author":2,"featured_media":0,"parent":203,"menu_order":0,"comment_status":"closed","ping_status":"closed","template":"","meta":{"_trash_the_other_posts":false,"footnotes":""},"class_list":["post-1289","page","type-page","status-publish","hentry"],"yoast_head":"<!-- This site is optimized with the Yoast SEO plugin v23.7 - https:\/\/yoast.com\/wordpress\/plugins\/seo\/ -->\n<title>Petit H - Mathilde Jonqui\u00e8re<\/title>\n<meta name=\"robots\" content=\"index, follow, max-snippet:-1, max-image-preview:large, max-video-preview:-1\" \/>\n<link rel=\"canonical\" href=\"https:\/\/www.valeriehenry.com\/mathilde-jonquiere\/projets\/petit-h\/\" \/>\n<meta property=\"og:locale\" content=\"fr_FR\" \/>\n<meta property=\"og:type\" content=\"article\" \/>\n<meta property=\"og:title\" content=\"Petit H - Mathilde Jonqui\u00e8re\" \/>\n<meta property=\"og:url\" content=\"https:\/\/www.valeriehenry.com\/mathilde-jonquiere\/projets\/petit-h\/\" \/>\n<meta property=\"og:site_name\" content=\"Mathilde Jonqui\u00e8re\" \/>\n<meta property=\"article:modified_time\" content=\"2025-07-16T13:34:56+00:00\" \/>\n<meta property=\"og:image\" content=\"https:\/\/www.valeriehenry.com\/mathilde-jonquiere\/wp-content\/uploads\/sites\/10\/2023\/06\/Mathilde-Jonquiere-artiste-mosaiste-table-petit-h-1-300x200.jpg\" \/>\n<meta name=\"twitter:card\" content=\"summary_large_image\" \/>\n<script type=\"application\/ld+json\" class=\"yoast-schema-graph\">{\"@context\":\"https:\/\/schema.org\",\"@graph\":[{\"@type\":\"WebPage\",\"@id\":\"https:\/\/www.valeriehenry.com\/mathilde-jonquiere\/projets\/petit-h\/\",\"url\":\"https:\/\/www.valeriehenry.com\/mathilde-jonquiere\/projets\/petit-h\/\",\"name\":\"Petit H - Mathilde Jonqui\u00e8re\",\"isPartOf\":{\"@id\":\"https:\/\/www.valeriehenry.com\/mathilde-jonquiere\/#website\"},\"datePublished\":\"2025-06-30T12:37:46+00:00\",\"dateModified\":\"2025-07-16T13:34:56+00:00\",\"breadcrumb\":{\"@id\":\"https:\/\/www.valeriehenry.com\/mathilde-jonquiere\/projets\/petit-h\/#breadcrumb\"},\"inLanguage\":\"fr-FR\",\"potentialAction\":[{\"@type\":\"ReadAction\",\"target\":[\"https:\/\/www.valeriehenry.com\/mathilde-jonquiere\/projets\/petit-h\/\"]}]},{\"@type\":\"BreadcrumbList\",\"@id\":\"https:\/\/www.valeriehenry.com\/mathilde-jonquiere\/projets\/petit-h\/#breadcrumb\",\"itemListElement\":[{\"@type\":\"ListItem\",\"position\":1,\"name\":\"Mathilde Jonqui\u00e8re\",\"item\":\"https:\/\/www.valeriehenry.com\/mathilde-jonquiere\/\"},{\"@type\":\"ListItem\",\"position\":2,\"name\":\"projets\",\"item\":\"https:\/\/www.valeriehenry.com\/mathilde-jonquiere\/projets\/\"},{\"@type\":\"ListItem\",\"position\":3,\"name\":\"Petit H\"}]},{\"@type\":\"WebSite\",\"@id\":\"https:\/\/www.valeriehenry.com\/mathilde-jonquiere\/#website\",\"url\":\"https:\/\/www.valeriehenry.com\/mathilde-jonquiere\/\",\"name\":\"Mathilde Jonqui\u00e8re\",\"description\":\"mosa\u00efste\",\"publisher\":{\"@id\":\"https:\/\/www.valeriehenry.com\/mathilde-jonquiere\/#organization\"},\"potentialAction\":[{\"@type\":\"SearchAction\",\"target\":{\"@type\":\"EntryPoint\",\"urlTemplate\":\"https:\/\/www.valeriehenry.com\/mathilde-jonquiere\/?s={search_term_string}\"},\"query-input\":{\"@type\":\"PropertyValueSpecification\",\"valueRequired\":true,\"valueName\":\"search_term_string\"}}],\"inLanguage\":\"fr-FR\"},{\"@type\":\"Organization\",\"@id\":\"https:\/\/www.valeriehenry.com\/mathilde-jonquiere\/#organization\",\"name\":\"Mathilde Jonqui\u00e8re\",\"url\":\"https:\/\/www.valeriehenry.com\/mathilde-jonquiere\/\",\"logo\":{\"@type\":\"ImageObject\",\"inLanguage\":\"fr-FR\",\"@id\":\"https:\/\/www.valeriehenry.com\/mathilde-jonquiere\/#\/schema\/logo\/image\/\",\"url\":\"https:\/\/www.valeriehenry.com\/mathilde-jonquiere\/wp-content\/uploads\/sites\/10\/2017\/10\/valerie_henry_logo.jpg\",\"contentUrl\":\"https:\/\/www.valeriehenry.com\/mathilde-jonquiere\/wp-content\/uploads\/sites\/10\/2017\/10\/valerie_henry_logo.jpg\",\"width\":165,\"height\":39,\"caption\":\"Mathilde Jonqui\u00e8re\"},\"image\":{\"@id\":\"https:\/\/www.valeriehenry.com\/mathilde-jonquiere\/#\/schema\/logo\/image\/\"}}]}<\/script>\n<!-- \/ Yoast SEO plugin. -->","yoast_head_json":{"title":"Petit H - Mathilde Jonqui\u00e8re","robots":{"index":"index","follow":"follow","max-snippet":"max-snippet:-1","max-image-preview":"max-image-preview:large","max-video-preview":"max-video-preview:-1"},"canonical":"https:\/\/www.valeriehenry.com\/mathilde-jonquiere\/projets\/petit-h\/","og_locale":"fr_FR","og_type":"article","og_title":"Petit H - Mathilde Jonqui\u00e8re","og_url":"https:\/\/www.valeriehenry.com\/mathilde-jonquiere\/projets\/petit-h\/","og_site_name":"Mathilde Jonqui\u00e8re","article_modified_time":"2025-07-16T13:34:56+00:00","og_image":[{"url":"https:\/\/www.valeriehenry.com\/mathilde-jonquiere\/wp-content\/uploads\/sites\/10\/2023\/06\/Mathilde-Jonquiere-artiste-mosaiste-table-petit-h-1-300x200.jpg"}],"twitter_card":"summary_large_image","schema":{"@context":"https:\/\/schema.org","@graph":[{"@type":"WebPage","@id":"https:\/\/www.valeriehenry.com\/mathilde-jonquiere\/projets\/petit-h\/","url":"https:\/\/www.valeriehenry.com\/mathilde-jonquiere\/projets\/petit-h\/","name":"Petit H - Mathilde Jonqui\u00e8re","isPartOf":{"@id":"https:\/\/www.valeriehenry.com\/mathilde-jonquiere\/#website"},"datePublished":"2025-06-30T12:37:46+00:00","dateModified":"2025-07-16T13:34:56+00:00","breadcrumb":{"@id":"https:\/\/www.valeriehenry.com\/mathilde-jonquiere\/projets\/petit-h\/#breadcrumb"},"inLanguage":"fr-FR","potentialAction":[{"@type":"ReadAction","target":["https:\/\/www.valeriehenry.com\/mathilde-jonquiere\/projets\/petit-h\/"]}]},{"@type":"BreadcrumbList","@id":"https:\/\/www.valeriehenry.com\/mathilde-jonquiere\/projets\/petit-h\/#breadcrumb","itemListElement":[{"@type":"ListItem","position":1,"name":"Mathilde Jonqui\u00e8re","item":"https:\/\/www.valeriehenry.com\/mathilde-jonquiere\/"},{"@type":"ListItem","position":2,"name":"projets","item":"https:\/\/www.valeriehenry.com\/mathilde-jonquiere\/projets\/"},{"@type":"ListItem","position":3,"name":"Petit H"}]},{"@type":"WebSite","@id":"https:\/\/www.valeriehenry.com\/mathilde-jonquiere\/#website","url":"https:\/\/www.valeriehenry.com\/mathilde-jonquiere\/","name":"Mathilde Jonqui\u00e8re","description":"mosa\u00efste","publisher":{"@id":"https:\/\/www.valeriehenry.com\/mathilde-jonquiere\/#organization"},"potentialAction":[{"@type":"SearchAction","target":{"@type":"EntryPoint","urlTemplate":"https:\/\/www.valeriehenry.com\/mathilde-jonquiere\/?s={search_term_string}"},"query-input":{"@type":"PropertyValueSpecification","valueRequired":true,"valueName":"search_term_string"}}],"inLanguage":"fr-FR"},{"@type":"Organization","@id":"https:\/\/www.valeriehenry.com\/mathilde-jonquiere\/#organization","name":"Mathilde Jonqui\u00e8re","url":"https:\/\/www.valeriehenry.com\/mathilde-jonquiere\/","logo":{"@type":"ImageObject","inLanguage":"fr-FR","@id":"https:\/\/www.valeriehenry.com\/mathilde-jonquiere\/#\/schema\/logo\/image\/","url":"https:\/\/www.valeriehenry.com\/mathilde-jonquiere\/wp-content\/uploads\/sites\/10\/2017\/10\/valerie_henry_logo.jpg","contentUrl":"https:\/\/www.valeriehenry.com\/mathilde-jonquiere\/wp-content\/uploads\/sites\/10\/2017\/10\/valerie_henry_logo.jpg","width":165,"height":39,"caption":"Mathilde Jonqui\u00e8re"},"image":{"@id":"https:\/\/www.valeriehenry.com\/mathilde-jonquiere\/#\/schema\/logo\/image\/"}}]}},"_links":{"self":[{"href":"https:\/\/www.valeriehenry.com\/mathilde-jonquiere\/wp-json\/wp\/v2\/pages\/1289"}],"collection":[{"href":"https:\/\/www.valeriehenry.com\/mathilde-jonquiere\/wp-json\/wp\/v2\/pages"}],"about":[{"href":"https:\/\/www.valeriehenry.com\/mathilde-jonquiere\/wp-json\/wp\/v2\/types\/page"}],"author":[{"embeddable":true,"href":"https:\/\/www.valeriehenry.com\/mathilde-jonquiere\/wp-json\/wp\/v2\/users\/2"}],"replies":[{"embeddable":true,"href":"https:\/\/www.valeriehenry.com\/mathilde-jonquiere\/wp-json\/wp\/v2\/comments?post=1289"}],"version-history":[{"count":5,"href":"https:\/\/www.valeriehenry.com\/mathilde-jonquiere\/wp-json\/wp\/v2\/pages\/1289\/revisions"}],"predecessor-version":[{"id":1325,"href":"https:\/\/www.valeriehenry.com\/mathilde-jonquiere\/wp-json\/wp\/v2\/pages\/1289\/revisions\/1325"}],"up":[{"embeddable":true,"href":"https:\/\/www.valeriehenry.com\/mathilde-jonquiere\/wp-json\/wp\/v2\/pages\/203"}],"wp:attachment":[{"href":"https:\/\/www.valeriehenry.com\/mathilde-jonquiere\/wp-json\/wp\/v2\/media?parent=1289"}],"curies":[{"name":"wp","href":"https:\/\/api.w.org\/{rel}","templated":true}]}}