{"id":89,"date":"2017-10-11T11:22:04","date_gmt":"2017-10-11T09:22:04","guid":{"rendered":"https:\/\/www.valeriehenry.com\/undo-redo\/biographie\/"},"modified":"2024-03-21T21:18:52","modified_gmt":"2024-03-21T20:18:52","slug":"biographie","status":"publish","type":"page","link":"https:\/\/www.valeriehenry.com\/marianne-guedin\/biographie\/","title":{"rendered":"Biographie"},"content":{"rendered":"<p>Elle a grandi pr\u00e8s de Dijon.\u00a0\u00ab\u00a0Dans le village de Saint-Julien\u00a0\u00bb, pr\u00e9cise Marianne Guedin. Son p\u00e8re\u00a0: un m\u00e9decin de campagne. La m\u00e9decine g\u00e9n\u00e9rale \u00e0 l\u2019ancienne. Humaine avant tout. Signes particuliers des parents\u00a0: le p\u00e8re fait des tours de magie. La m\u00e8re cultive le jardin familial avec fantaisie. A 16 ans, Marianne Guedin veut\u00a0\u00ab\u00a0\u00eatre artiste \u00e0 Paris\u00a0\u00bb. Elle vient de faire un aller-retour avec son p\u00e8re, pour voir une expo au Mus\u00e9e d\u2019Art Moderne. C\u2019est la fin des ann\u00e9es 1980. Son r\u00eave\u00a0: \u00ab\u00a0Faire les Arts D\u00e9coratifs.\u00a0\u00bb Mais l\u2019ann\u00e9e du bac, elle file \u00e0 l\u2019anglaise avec un compagnon de route, acrobate. Direction\u00a0: la capitale et la vie de boh\u00e8me dans l\u2019\u00e9cole d\u2019Annie Fratellini.<\/p>\n<p>Apr\u00e8s une ann\u00e9e de pr\u00e9pa \u00e0 l\u2019Atelier de S\u00e8vres, l\u2019\u00e9l\u00e8ve Guedin int\u00e8gre l\u2019Ecole nationale sup\u00e9rieure des Arts D\u00e9coratifs (Ensad). \u00ab\u00a0Cette \u00e9cole a chang\u00e9 ma vie.\u00a0\u00bb Pendant cinq ans, elle d\u00e9couvre l\u2019architecture, la sc\u00e9nographie, le mobilier et le design. Parall\u00e8lement, elle est \u00ab\u00a0marchande de fleurs, \u00e0 Montmartre\u00a0\u00bb. L\u2019ann\u00e9e de son dipl\u00f4me, elle pousse la porte de la boutique-atelier du fleuriste Christian Tortu. Sans rendez-vous. Elle \u00e9tait venue pour un stage, elle va y travailler trois ans.<\/p>\n<p>En 2005, elle cr\u00e9\u00e9e sa maison d\u2019\u00e9dition\u00a0: Dingue de Guedin. Le verre comme mati\u00e8re premi\u00e8re l\u2019inspire. La th\u00e9matique du vase, aussi. Elle donne carte blanche \u00e0 ses amis designers\u00a0: Soline d\u2019Aboville, No\u00e9 Duchaufour-Lawrance, Guillaume Bardet et Jean-Marc Gady. La fabrication, elle la confie \u00e0 des souffleurs de verre, dont le savoir-faire artisanal permet de concr\u00e9tiser au plus juste, au plus pr\u00e8s, chaque esquisse. Parce que Marianne Guedin aime ce travail \u00e0 quatre mains, les \u00e9changes de vues et points de vue. Ses vases se remarquent et la d\u00e9marquent\u00a0: en 2006, elle est \u00e9lue \u00ab Cr\u00e9atrice de l&rsquo;ann\u00e9e\u00a0&#8211; <span style=\"color: #000000;\"><em>Now\u00a0! <\/em><\/span>Design \u00e0 vivre \u00bb au salon Maison &amp; Objet.<\/p>\n<p>En 2012, elle r\u00e9v\u00e8le une autre facette de son travail\u00a0: les sc\u00e9nographies monumentales. Des tableaux vivants et \u00e9ph\u00e9m\u00e8res qui font parler. Le bouche \u00e0 oreille est imm\u00e9diat. Maisons de luxe, agences d\u2019\u00e9v\u00e9nementiel, figure de la mode\u2026 tous la sollicitent. En France comme au-del\u00e0 des fronti\u00e8res. L\u2019\u00e9l\u00e9gance de ses fleurs mises en sc\u00e8ne parent les d\u00e9fil\u00e9s haute couture comme les soir\u00e9es du Festival de Cannes. Ce qui pla\u00eet\u00a0? Son audace. Telle une alchimiste elle m\u00eale, m\u00e9lange, mise sur l\u2019exceptionnel, sort des sentiers battus, privil\u00e9gie les circuits courts jalonn\u00e9s de petits producteurs. Le tout sans tabou. Elle ne s\u2019interdit rien. A commencer par les \u00ab\u00a0mauvaises herbes\u00a0\u00bb, comme elle dit. Car les ronces, cl\u00e9matites ou autres mousses de sous-bois sont toujours de la f\u00eate dans ses cr\u00e9ations. La spontan\u00e9it\u00e9 la guide. Elle ausculte les tiges, soigne les fleurs, \u00e9coute la nature, excelle dans la \u00ab\u00a0haute bouture\u00a0\u00bb. Sa seule limite\u00a0: \u00ab\u00a0C\u2019est le r\u00e9troplanning de l\u2019\u00e9closion.\u00a0\u00bb<\/p>\n<p>Marianne Guedin a la classe de l\u2019inclassable. Elle butine de projets en projets et pollinise ainsi son univers cr\u00e9atif. Sa vivacit\u00e9, sa r\u00e9activit\u00e9, son attirance pour le curieux, l\u2019insolite, l\u2019original, la positionnent l\u00e0 o\u00f9 peu s\u2019aventurent. Loin des codes, en marge des modes. Jamais dans le copi\u00e9-coll\u00e9. Son parcours singulier et son exp\u00e9rience la hissent, pour certains, jusqu\u2019au rang d\u2019artiste. H\u00e9riti\u00e8re d\u2019un savoir-faire acquis aux Arts-D\u00e9co, ses cr\u00e9ations incarnent un art de vivre \u00e0 la fran\u00e7aise. Elles t\u00e9moignent aussi d\u2019une fra\u00eecheur d\u2019esprit alli\u00e9e \u00e0 la rigueur de l\u2019ex\u00e9cution. Le geste est s\u00fbr et sur mesure.<\/p>\n<p>Texte de Anne Eveillard<\/p>\n<p>&nbsp;<\/p>\n","protected":false},"excerpt":{"rendered":"<p>Elle a grandi pr\u00e8s de Dijon.\u00a0\u00ab\u00a0Dans le village de Saint-Julien\u00a0\u00bb, pr\u00e9cise Marianne Guedin. Son p\u00e8re\u00a0: un m\u00e9decin de campagne. La m\u00e9decine g\u00e9n\u00e9rale \u00e0 l\u2019ancienne. Humaine avant tout. Signes particuliers des parents\u00a0: le p\u00e8re fait des tours de magie. La m\u00e8re&hellip;<\/p>\n","protected":false},"author":1,"featured_media":0,"parent":0,"menu_order":16,"comment_status":"closed","ping_status":"closed","template":"","meta":{"_trash_the_other_posts":false,"footnotes":""},"class_list":["post-89","page","type-page","status-publish","hentry"],"yoast_head":"<!-- This site is optimized with the Yoast SEO plugin v23.7 - https:\/\/yoast.com\/wordpress\/plugins\/seo\/ -->\n<title>Marianne Guedin, artiste du v\u00e9g\u00e9tal, Paris, biographie<\/title>\n<meta name=\"description\" content=\"Marianne Guedin, plasticienne du v\u00e9g\u00e9tal, art v\u00e9g\u00e9tal, art floral, pour les maisons d\u2019exception \u00e0 Paris, artiste du v\u00e9g\u00e9tal ,cr\u00e9ation monumentale\" \/>\n<meta name=\"robots\" content=\"index, follow, max-snippet:-1, max-image-preview:large, max-video-preview:-1\" \/>\n<link rel=\"canonical\" href=\"https:\/\/www.valeriehenry.com\/marianne-guedin\/biographie\/\" \/>\n<meta property=\"og:locale\" content=\"fr_FR\" \/>\n<meta property=\"og:type\" content=\"article\" \/>\n<meta property=\"og:title\" content=\"Marianne Guedin, artiste du v\u00e9g\u00e9tal, Paris, biographie\" \/>\n<meta property=\"og:description\" content=\"Marianne Guedin, plasticienne du v\u00e9g\u00e9tal, art v\u00e9g\u00e9tal, art floral, pour les maisons d\u2019exception \u00e0 Paris, artiste du v\u00e9g\u00e9tal ,cr\u00e9ation monumentale\" \/>\n<meta property=\"og:url\" content=\"https:\/\/www.valeriehenry.com\/marianne-guedin\/biographie\/\" \/>\n<meta property=\"og:site_name\" content=\"Marianne Guedin\" \/>\n<meta property=\"article:publisher\" content=\"https:\/\/www.facebook.com\/agencevaleriehenry\/\" \/>\n<meta property=\"article:modified_time\" content=\"2024-03-21T20:18:52+00:00\" \/>\n<meta name=\"twitter:card\" content=\"summary_large_image\" \/>\n<meta name=\"twitter:site\" content=\"@vaalhenry\" \/>\n<meta name=\"twitter:label1\" content=\"Dur\u00e9e de lecture estim\u00e9e\" \/>\n\t<meta name=\"twitter:data1\" content=\"3 minutes\" \/>\n<script type=\"application\/ld+json\" class=\"yoast-schema-graph\">{\"@context\":\"https:\/\/schema.org\",\"@graph\":[{\"@type\":\"WebPage\",\"@id\":\"https:\/\/www.valeriehenry.com\/marianne-guedin\/biographie\/\",\"url\":\"https:\/\/www.valeriehenry.com\/marianne-guedin\/biographie\/\",\"name\":\"Marianne Guedin, artiste du v\u00e9g\u00e9tal, Paris, biographie\",\"isPartOf\":{\"@id\":\"https:\/\/www.valeriehenry.com\/marianne-guedin\/#website\"},\"datePublished\":\"2017-10-11T09:22:04+00:00\",\"dateModified\":\"2024-03-21T20:18:52+00:00\",\"description\":\"Marianne Guedin, plasticienne du v\u00e9g\u00e9tal, art v\u00e9g\u00e9tal, art floral, pour les maisons d\u2019exception \u00e0 Paris, artiste du v\u00e9g\u00e9tal ,cr\u00e9ation monumentale\",\"breadcrumb\":{\"@id\":\"https:\/\/www.valeriehenry.com\/marianne-guedin\/biographie\/#breadcrumb\"},\"inLanguage\":\"fr-FR\",\"potentialAction\":[{\"@type\":\"ReadAction\",\"target\":[\"https:\/\/www.valeriehenry.com\/marianne-guedin\/biographie\/\"]}]},{\"@type\":\"BreadcrumbList\",\"@id\":\"https:\/\/www.valeriehenry.com\/marianne-guedin\/biographie\/#breadcrumb\",\"itemListElement\":[{\"@type\":\"ListItem\",\"position\":1,\"name\":\"Marianne Guedin\",\"item\":\"https:\/\/www.valeriehenry.com\/marianne-guedin\/\"},{\"@type\":\"ListItem\",\"position\":2,\"name\":\"Biographie\"}]},{\"@type\":\"WebSite\",\"@id\":\"https:\/\/www.valeriehenry.com\/marianne-guedin\/#website\",\"url\":\"https:\/\/www.valeriehenry.com\/marianne-guedin\/\",\"name\":\"Marianne Guedin\",\"description\":\"sc\u00e9nographie v\u00e9g\u00e9tale\",\"publisher\":{\"@id\":\"https:\/\/www.valeriehenry.com\/marianne-guedin\/#organization\"},\"potentialAction\":[{\"@type\":\"SearchAction\",\"target\":{\"@type\":\"EntryPoint\",\"urlTemplate\":\"https:\/\/www.valeriehenry.com\/marianne-guedin\/?s={search_term_string}\"},\"query-input\":{\"@type\":\"PropertyValueSpecification\",\"valueRequired\":true,\"valueName\":\"search_term_string\"}}],\"inLanguage\":\"fr-FR\"},{\"@type\":\"Organization\",\"@id\":\"https:\/\/www.valeriehenry.com\/marianne-guedin\/#organization\",\"name\":\"Marianne Guedin\",\"url\":\"https:\/\/www.valeriehenry.com\/marianne-guedin\/\",\"logo\":{\"@type\":\"ImageObject\",\"inLanguage\":\"fr-FR\",\"@id\":\"https:\/\/www.valeriehenry.com\/marianne-guedin\/#\/schema\/logo\/image\/\",\"url\":\"https:\/\/www.valeriehenry.com\/marianne-guedin\/wp-content\/uploads\/sites\/42\/2023\/07\/cropped-valerie_henry_logo.jpg\",\"contentUrl\":\"https:\/\/www.valeriehenry.com\/marianne-guedin\/wp-content\/uploads\/sites\/42\/2023\/07\/cropped-valerie_henry_logo.jpg\",\"width\":165,\"height\":39,\"caption\":\"Marianne Guedin\"},\"image\":{\"@id\":\"https:\/\/www.valeriehenry.com\/marianne-guedin\/#\/schema\/logo\/image\/\"},\"sameAs\":[\"https:\/\/www.facebook.com\/agencevaleriehenry\/\",\"https:\/\/x.com\/vaalhenry\",\"https:\/\/www.instagram.com\/valhenryagent\/\",\"https:\/\/www.linkedin.com\/in\/valerie-henry-b071b032\/\",\"https:\/\/www.pinterest.fr\/henry0061\/\"]}]}<\/script>\n<!-- \/ Yoast SEO plugin. -->","yoast_head_json":{"title":"Marianne Guedin, artiste du v\u00e9g\u00e9tal, Paris, biographie","description":"Marianne Guedin, plasticienne du v\u00e9g\u00e9tal, art v\u00e9g\u00e9tal, art floral, pour les maisons d\u2019exception \u00e0 Paris, artiste du v\u00e9g\u00e9tal ,cr\u00e9ation monumentale","robots":{"index":"index","follow":"follow","max-snippet":"max-snippet:-1","max-image-preview":"max-image-preview:large","max-video-preview":"max-video-preview:-1"},"canonical":"https:\/\/www.valeriehenry.com\/marianne-guedin\/biographie\/","og_locale":"fr_FR","og_type":"article","og_title":"Marianne Guedin, artiste du v\u00e9g\u00e9tal, Paris, biographie","og_description":"Marianne Guedin, plasticienne du v\u00e9g\u00e9tal, art v\u00e9g\u00e9tal, art floral, pour les maisons d\u2019exception \u00e0 Paris, artiste du v\u00e9g\u00e9tal ,cr\u00e9ation monumentale","og_url":"https:\/\/www.valeriehenry.com\/marianne-guedin\/biographie\/","og_site_name":"Marianne Guedin","article_publisher":"https:\/\/www.facebook.com\/agencevaleriehenry\/","article_modified_time":"2024-03-21T20:18:52+00:00","twitter_card":"summary_large_image","twitter_site":"@vaalhenry","twitter_misc":{"Dur\u00e9e de lecture estim\u00e9e":"3 minutes"},"schema":{"@context":"https:\/\/schema.org","@graph":[{"@type":"WebPage","@id":"https:\/\/www.valeriehenry.com\/marianne-guedin\/biographie\/","url":"https:\/\/www.valeriehenry.com\/marianne-guedin\/biographie\/","name":"Marianne Guedin, artiste du v\u00e9g\u00e9tal, Paris, biographie","isPartOf":{"@id":"https:\/\/www.valeriehenry.com\/marianne-guedin\/#website"},"datePublished":"2017-10-11T09:22:04+00:00","dateModified":"2024-03-21T20:18:52+00:00","description":"Marianne Guedin, plasticienne du v\u00e9g\u00e9tal, art v\u00e9g\u00e9tal, art floral, pour les maisons d\u2019exception \u00e0 Paris, artiste du v\u00e9g\u00e9tal ,cr\u00e9ation monumentale","breadcrumb":{"@id":"https:\/\/www.valeriehenry.com\/marianne-guedin\/biographie\/#breadcrumb"},"inLanguage":"fr-FR","potentialAction":[{"@type":"ReadAction","target":["https:\/\/www.valeriehenry.com\/marianne-guedin\/biographie\/"]}]},{"@type":"BreadcrumbList","@id":"https:\/\/www.valeriehenry.com\/marianne-guedin\/biographie\/#breadcrumb","itemListElement":[{"@type":"ListItem","position":1,"name":"Marianne Guedin","item":"https:\/\/www.valeriehenry.com\/marianne-guedin\/"},{"@type":"ListItem","position":2,"name":"Biographie"}]},{"@type":"WebSite","@id":"https:\/\/www.valeriehenry.com\/marianne-guedin\/#website","url":"https:\/\/www.valeriehenry.com\/marianne-guedin\/","name":"Marianne Guedin","description":"sc\u00e9nographie v\u00e9g\u00e9tale","publisher":{"@id":"https:\/\/www.valeriehenry.com\/marianne-guedin\/#organization"},"potentialAction":[{"@type":"SearchAction","target":{"@type":"EntryPoint","urlTemplate":"https:\/\/www.valeriehenry.com\/marianne-guedin\/?s={search_term_string}"},"query-input":{"@type":"PropertyValueSpecification","valueRequired":true,"valueName":"search_term_string"}}],"inLanguage":"fr-FR"},{"@type":"Organization","@id":"https:\/\/www.valeriehenry.com\/marianne-guedin\/#organization","name":"Marianne Guedin","url":"https:\/\/www.valeriehenry.com\/marianne-guedin\/","logo":{"@type":"ImageObject","inLanguage":"fr-FR","@id":"https:\/\/www.valeriehenry.com\/marianne-guedin\/#\/schema\/logo\/image\/","url":"https:\/\/www.valeriehenry.com\/marianne-guedin\/wp-content\/uploads\/sites\/42\/2023\/07\/cropped-valerie_henry_logo.jpg","contentUrl":"https:\/\/www.valeriehenry.com\/marianne-guedin\/wp-content\/uploads\/sites\/42\/2023\/07\/cropped-valerie_henry_logo.jpg","width":165,"height":39,"caption":"Marianne Guedin"},"image":{"@id":"https:\/\/www.valeriehenry.com\/marianne-guedin\/#\/schema\/logo\/image\/"},"sameAs":["https:\/\/www.facebook.com\/agencevaleriehenry\/","https:\/\/x.com\/vaalhenry","https:\/\/www.instagram.com\/valhenryagent\/","https:\/\/www.linkedin.com\/in\/valerie-henry-b071b032\/","https:\/\/www.pinterest.fr\/henry0061\/"]}]}},"_links":{"self":[{"href":"https:\/\/www.valeriehenry.com\/marianne-guedin\/wp-json\/wp\/v2\/pages\/89"}],"collection":[{"href":"https:\/\/www.valeriehenry.com\/marianne-guedin\/wp-json\/wp\/v2\/pages"}],"about":[{"href":"https:\/\/www.valeriehenry.com\/marianne-guedin\/wp-json\/wp\/v2\/types\/page"}],"author":[{"embeddable":true,"href":"https:\/\/www.valeriehenry.com\/marianne-guedin\/wp-json\/wp\/v2\/users\/1"}],"replies":[{"embeddable":true,"href":"https:\/\/www.valeriehenry.com\/marianne-guedin\/wp-json\/wp\/v2\/comments?post=89"}],"version-history":[{"count":16,"href":"https:\/\/www.valeriehenry.com\/marianne-guedin\/wp-json\/wp\/v2\/pages\/89\/revisions"}],"predecessor-version":[{"id":1143,"href":"https:\/\/www.valeriehenry.com\/marianne-guedin\/wp-json\/wp\/v2\/pages\/89\/revisions\/1143"}],"wp:attachment":[{"href":"https:\/\/www.valeriehenry.com\/marianne-guedin\/wp-json\/wp\/v2\/media?parent=89"}],"curies":[{"name":"wp","href":"https:\/\/api.w.org\/{rel}","templated":true}]}}