{"id":439,"date":"2017-10-11T11:30:58","date_gmt":"2017-10-11T09:30:58","guid":{"rendered":"https:\/\/www.valeriehenry.com\/ichetkar\/biographie\/"},"modified":"2024-03-21T20:57:31","modified_gmt":"2024-03-21T19:57:31","slug":"biographie","status":"publish","type":"page","link":"https:\/\/www.valeriehenry.com\/ichetkar\/biographie\/","title":{"rendered":"biographie"},"content":{"rendered":"<p>Figure incontournable du graphisme contemporain, Ich&amp;Kar, bouscule depuis plus de vingt ans le monde de la communication avec une joie de vivre inalt\u00e9rable. H\u00f4tels, restaurants, maisons de luxe, galeries, industriels ou artisans, le studio dirig\u00e9 par Helena Ichbiah est cr\u00e9ateur d\u2019identit\u00e9s remarqu\u00e9es. De Londres \u00e0 Mexico Helena Ichbiah navigue librement entre les diff\u00e9rents domaines d\u2019activit\u00e9 pour imposer un design distinctif.<\/p>\n<p>Ich&amp;Kar marque de sa patte intemporelle les projets phares de ses clients. Au palmar\u00e8s on compte les trois \u00e9toil\u00e9s Troisgros \u00e0 Roanne, le Sketch \u00e0 Londres, Chanel, Givenchy, Christofle, Elh\u00e9e, Arte ou encore les Street BKK \u00e0 Paris. Le travail d\u2019Ich&amp;Kar prend l\u2019humain comme point de d\u00e9part\u2009: puisant dans les aspirations fondamentales et dans les personnalit\u00e9s de ses clients.\u00a0Helena s\u2019applique \u00e0 toujours construire des univers sur mesure\u2009: \u00abIch&amp;Kar c\u2019est l\u2019oppos\u00e9 du\u00ab\u202flazy branding\u202f\u00bb, \u00e0 chaque projet, nous d\u00e9marrons une histoire nouvelle qui s\u2019agrandit et n\u2019est jamais fig\u00e9e, on aime les choses exponentielles\u2009: nous cr\u00e9ons un univers, nous l\u2019agrandissons, il s\u2019enrichit par lui-m\u00eame et c\u2019est\u00a0ainsi que grandit l\u2019histoire\u2026\u00bb<\/p>\n<p>L\u2019humour, le d\u00e9tournement, l\u2019imagination et l\u2019imm\u00e9diatet\u00e9 sont l\u2019essence des productions d\u2019Ich&amp;Kar. Bibliophile, collectionneuse compulsive, de mains, de ciseaux, de gravures et de bons mots, Helena archive, classe, recompose et transforme. Malicieux et frondeur, le studio Ich&amp;Kar r\u00e8gne en ma\u00eetre sur les mots pour se jouer des codes du langage. Studio hors norme, aux horizons infinis Ich&amp;Kar accompagne ses clients de A \u00e0 Z.<\/p>\n","protected":false},"excerpt":{"rendered":"<p>Figure incontournable du graphisme contemporain, Ich&amp;Kar, bouscule depuis plus de vingt ans le monde de la communication avec une joie de vivre inalt\u00e9rable. H\u00f4tels, restaurants, maisons de luxe, galeries, industriels ou artisans, le studio dirig\u00e9 par Helena Ichbiah est cr\u00e9ateur&hellip;<\/p>\n","protected":false},"author":1,"featured_media":0,"parent":0,"menu_order":17,"comment_status":"closed","ping_status":"closed","template":"","meta":{"_trash_the_other_posts":false,"footnotes":""},"class_list":["post-439","page","type-page","status-publish","hentry"],"yoast_head":"<!-- This site is optimized with the Yoast SEO plugin v23.7 - https:\/\/yoast.com\/wordpress\/plugins\/seo\/ -->\n<title>Ich&amp;Kar, Helena Ichbiah, Cr\u00e9ations, packaging de luxe, biographie<\/title>\n<meta name=\"description\" content=\"Ich&amp;Kar, helene Ichbiah, studio de cr\u00e9ation, packaging de luxe, take-away, h\u00f4tels, restaurants\" \/>\n<meta name=\"robots\" content=\"index, follow, max-snippet:-1, max-image-preview:large, max-video-preview:-1\" \/>\n<link rel=\"canonical\" href=\"https:\/\/www.valeriehenry.com\/ichetkar\/biographie\/\" \/>\n<meta property=\"og:locale\" content=\"fr_FR\" \/>\n<meta property=\"og:type\" content=\"article\" \/>\n<meta property=\"og:title\" content=\"Ich&amp;Kar, Helena Ichbiah, Cr\u00e9ations, packaging de luxe, biographie\" \/>\n<meta property=\"og:description\" content=\"Ich&amp;Kar, helene Ichbiah, studio de cr\u00e9ation, packaging de luxe, take-away, h\u00f4tels, restaurants\" \/>\n<meta property=\"og:url\" content=\"https:\/\/www.valeriehenry.com\/ichetkar\/biographie\/\" \/>\n<meta property=\"og:site_name\" content=\"Ich&amp;Kar\" \/>\n<meta property=\"article:publisher\" content=\"https:\/\/fr-fr.facebook.com\/IchetKarOfficiel\/\" \/>\n<meta property=\"article:modified_time\" content=\"2024-03-21T19:57:31+00:00\" \/>\n<meta name=\"twitter:card\" content=\"summary_large_image\" \/>\n<meta name=\"twitter:site\" content=\"@ichetkar\" \/>\n<meta name=\"twitter:label1\" content=\"Dur\u00e9e de lecture estim\u00e9e\" \/>\n\t<meta name=\"twitter:data1\" content=\"2 minutes\" \/>\n<script type=\"application\/ld+json\" class=\"yoast-schema-graph\">{\"@context\":\"https:\/\/schema.org\",\"@graph\":[{\"@type\":\"WebPage\",\"@id\":\"https:\/\/www.valeriehenry.com\/ichetkar\/biographie\/\",\"url\":\"https:\/\/www.valeriehenry.com\/ichetkar\/biographie\/\",\"name\":\"Ich&Kar, Helena Ichbiah, Cr\u00e9ations, packaging de luxe, biographie\",\"isPartOf\":{\"@id\":\"https:\/\/www.valeriehenry.com\/ichetkar\/#website\"},\"datePublished\":\"2017-10-11T09:30:58+00:00\",\"dateModified\":\"2024-03-21T19:57:31+00:00\",\"description\":\"Ich&Kar, helene Ichbiah, studio de cr\u00e9ation, packaging de luxe, take-away, h\u00f4tels, restaurants\",\"breadcrumb\":{\"@id\":\"https:\/\/www.valeriehenry.com\/ichetkar\/biographie\/#breadcrumb\"},\"inLanguage\":\"fr-FR\",\"potentialAction\":[{\"@type\":\"ReadAction\",\"target\":[\"https:\/\/www.valeriehenry.com\/ichetkar\/biographie\/\"]}]},{\"@type\":\"BreadcrumbList\",\"@id\":\"https:\/\/www.valeriehenry.com\/ichetkar\/biographie\/#breadcrumb\",\"itemListElement\":[{\"@type\":\"ListItem\",\"position\":1,\"name\":\"Ich&amp;Kar\",\"item\":\"https:\/\/www.valeriehenry.com\/ichetkar\/\"},{\"@type\":\"ListItem\",\"position\":2,\"name\":\"biographie\"}]},{\"@type\":\"WebSite\",\"@id\":\"https:\/\/www.valeriehenry.com\/ichetkar\/#website\",\"url\":\"https:\/\/www.valeriehenry.com\/ichetkar\/\",\"name\":\"Ich&Kar\",\"description\":\"graphisme &amp; direction de cr\u00e9ation\",\"publisher\":{\"@id\":\"https:\/\/www.valeriehenry.com\/ichetkar\/#organization\"},\"potentialAction\":[{\"@type\":\"SearchAction\",\"target\":{\"@type\":\"EntryPoint\",\"urlTemplate\":\"https:\/\/www.valeriehenry.com\/ichetkar\/?s={search_term_string}\"},\"query-input\":{\"@type\":\"PropertyValueSpecification\",\"valueRequired\":true,\"valueName\":\"search_term_string\"}}],\"inLanguage\":\"fr-FR\"},{\"@type\":\"Organization\",\"@id\":\"https:\/\/www.valeriehenry.com\/ichetkar\/#organization\",\"name\":\"Ich&Kar\",\"url\":\"https:\/\/www.valeriehenry.com\/ichetkar\/\",\"logo\":{\"@type\":\"ImageObject\",\"inLanguage\":\"fr-FR\",\"@id\":\"https:\/\/www.valeriehenry.com\/ichetkar\/#\/schema\/logo\/image\/\",\"url\":\"https:\/\/www.valeriehenry.com\/ichetkar\/wp-content\/uploads\/sites\/12\/2017\/10\/valerie_henry_logo.jpg\",\"contentUrl\":\"https:\/\/www.valeriehenry.com\/ichetkar\/wp-content\/uploads\/sites\/12\/2017\/10\/valerie_henry_logo.jpg\",\"width\":165,\"height\":39,\"caption\":\"Ich&Kar\"},\"image\":{\"@id\":\"https:\/\/www.valeriehenry.com\/ichetkar\/#\/schema\/logo\/image\/\"},\"sameAs\":[\"https:\/\/fr-fr.facebook.com\/IchetKarOfficiel\/\",\"https:\/\/x.com\/ichetkar\"]}]}<\/script>\n<!-- \/ Yoast SEO plugin. -->","yoast_head_json":{"title":"Ich&Kar, Helena Ichbiah, Cr\u00e9ations, packaging de luxe, biographie","description":"Ich&Kar, helene Ichbiah, studio de cr\u00e9ation, packaging de luxe, take-away, h\u00f4tels, restaurants","robots":{"index":"index","follow":"follow","max-snippet":"max-snippet:-1","max-image-preview":"max-image-preview:large","max-video-preview":"max-video-preview:-1"},"canonical":"https:\/\/www.valeriehenry.com\/ichetkar\/biographie\/","og_locale":"fr_FR","og_type":"article","og_title":"Ich&Kar, Helena Ichbiah, Cr\u00e9ations, packaging de luxe, biographie","og_description":"Ich&Kar, helene Ichbiah, studio de cr\u00e9ation, packaging de luxe, take-away, h\u00f4tels, restaurants","og_url":"https:\/\/www.valeriehenry.com\/ichetkar\/biographie\/","og_site_name":"Ich&amp;Kar","article_publisher":"https:\/\/fr-fr.facebook.com\/IchetKarOfficiel\/","article_modified_time":"2024-03-21T19:57:31+00:00","twitter_card":"summary_large_image","twitter_site":"@ichetkar","twitter_misc":{"Dur\u00e9e de lecture estim\u00e9e":"2 minutes"},"schema":{"@context":"https:\/\/schema.org","@graph":[{"@type":"WebPage","@id":"https:\/\/www.valeriehenry.com\/ichetkar\/biographie\/","url":"https:\/\/www.valeriehenry.com\/ichetkar\/biographie\/","name":"Ich&Kar, Helena Ichbiah, Cr\u00e9ations, packaging de luxe, biographie","isPartOf":{"@id":"https:\/\/www.valeriehenry.com\/ichetkar\/#website"},"datePublished":"2017-10-11T09:30:58+00:00","dateModified":"2024-03-21T19:57:31+00:00","description":"Ich&Kar, helene Ichbiah, studio de cr\u00e9ation, packaging de luxe, take-away, h\u00f4tels, restaurants","breadcrumb":{"@id":"https:\/\/www.valeriehenry.com\/ichetkar\/biographie\/#breadcrumb"},"inLanguage":"fr-FR","potentialAction":[{"@type":"ReadAction","target":["https:\/\/www.valeriehenry.com\/ichetkar\/biographie\/"]}]},{"@type":"BreadcrumbList","@id":"https:\/\/www.valeriehenry.com\/ichetkar\/biographie\/#breadcrumb","itemListElement":[{"@type":"ListItem","position":1,"name":"Ich&amp;Kar","item":"https:\/\/www.valeriehenry.com\/ichetkar\/"},{"@type":"ListItem","position":2,"name":"biographie"}]},{"@type":"WebSite","@id":"https:\/\/www.valeriehenry.com\/ichetkar\/#website","url":"https:\/\/www.valeriehenry.com\/ichetkar\/","name":"Ich&Kar","description":"graphisme &amp; direction de cr\u00e9ation","publisher":{"@id":"https:\/\/www.valeriehenry.com\/ichetkar\/#organization"},"potentialAction":[{"@type":"SearchAction","target":{"@type":"EntryPoint","urlTemplate":"https:\/\/www.valeriehenry.com\/ichetkar\/?s={search_term_string}"},"query-input":{"@type":"PropertyValueSpecification","valueRequired":true,"valueName":"search_term_string"}}],"inLanguage":"fr-FR"},{"@type":"Organization","@id":"https:\/\/www.valeriehenry.com\/ichetkar\/#organization","name":"Ich&Kar","url":"https:\/\/www.valeriehenry.com\/ichetkar\/","logo":{"@type":"ImageObject","inLanguage":"fr-FR","@id":"https:\/\/www.valeriehenry.com\/ichetkar\/#\/schema\/logo\/image\/","url":"https:\/\/www.valeriehenry.com\/ichetkar\/wp-content\/uploads\/sites\/12\/2017\/10\/valerie_henry_logo.jpg","contentUrl":"https:\/\/www.valeriehenry.com\/ichetkar\/wp-content\/uploads\/sites\/12\/2017\/10\/valerie_henry_logo.jpg","width":165,"height":39,"caption":"Ich&Kar"},"image":{"@id":"https:\/\/www.valeriehenry.com\/ichetkar\/#\/schema\/logo\/image\/"},"sameAs":["https:\/\/fr-fr.facebook.com\/IchetKarOfficiel\/","https:\/\/x.com\/ichetkar"]}]}},"_links":{"self":[{"href":"https:\/\/www.valeriehenry.com\/ichetkar\/wp-json\/wp\/v2\/pages\/439"}],"collection":[{"href":"https:\/\/www.valeriehenry.com\/ichetkar\/wp-json\/wp\/v2\/pages"}],"about":[{"href":"https:\/\/www.valeriehenry.com\/ichetkar\/wp-json\/wp\/v2\/types\/page"}],"author":[{"embeddable":true,"href":"https:\/\/www.valeriehenry.com\/ichetkar\/wp-json\/wp\/v2\/users\/1"}],"replies":[{"embeddable":true,"href":"https:\/\/www.valeriehenry.com\/ichetkar\/wp-json\/wp\/v2\/comments?post=439"}],"version-history":[{"count":4,"href":"https:\/\/www.valeriehenry.com\/ichetkar\/wp-json\/wp\/v2\/pages\/439\/revisions"}],"predecessor-version":[{"id":1249,"href":"https:\/\/www.valeriehenry.com\/ichetkar\/wp-json\/wp\/v2\/pages\/439\/revisions\/1249"}],"wp:attachment":[{"href":"https:\/\/www.valeriehenry.com\/ichetkar\/wp-json\/wp\/v2\/media?parent=439"}],"curies":[{"name":"wp","href":"https:\/\/api.w.org\/{rel}","templated":true}]}}