{"id":9,"date":"2017-10-03T18:03:35","date_gmt":"2017-10-03T16:03:35","guid":{"rendered":"https:\/\/www.valeriehenry.com\/?page_id=9"},"modified":"2024-03-21T18:18:01","modified_gmt":"2024-03-21T17:18:01","slug":"accueil","status":"publish","type":"page","link":"https:\/\/www.valeriehenry.com\/en\/","title":{"rendered":"Accueil"},"content":{"rendered":"<p><img loading=\"lazy\" decoding=\"async\" class=\"alignnone size-full wp-image-10\" src=\"https:\/\/www.valeriehenry.com\/wp-content\/uploads\/sites\/13\/2017\/10\/valerie_henry.jpg\" alt=\"\" width=\"732\" height=\"275\" srcset=\"https:\/\/www.valeriehenry.com\/en\/wp-content\/uploads\/sites\/13\/2017\/10\/valerie_henry.jpg 732w, https:\/\/www.valeriehenry.com\/en\/wp-content\/uploads\/sites\/13\/2017\/10\/valerie_henry-300x113.jpg 300w, https:\/\/www.valeriehenry.com\/en\/wp-content\/uploads\/sites\/13\/2017\/10\/valerie_henry-600x225.jpg 600w\" sizes=\"(max-width: 732px) 100vw, 732px\" \/><\/p>\n","protected":false},"excerpt":{"rendered":"","protected":false},"author":1,"featured_media":0,"parent":0,"menu_order":0,"comment_status":"closed","ping_status":"closed","template":"liste-artistes.php","meta":{"_trash_the_other_posts":false,"footnotes":""},"class_list":["post-9","page","type-page","status-publish","hentry"],"yoast_head":"<!-- This site is optimized with the Yoast SEO plugin v23.7 - https:\/\/yoast.com\/wordpress\/plugins\/seo\/ -->\n<title>Valerie Henry artist&#039;s agent in Paris, scenography, mosaics, sculpture, photography<\/title>\n<meta name=\"description\" content=\"Val\u00e9rie Henry represents William Amor, Mathilde Jonqui\u00e8re, Soline d&#039;aboville, Ang\u00e8le Guerre, Emilie Fa\u00eff, Ich&amp;kar,Eudes Menichetti, Marianne Guedin, House of Talent\" \/>\n<meta name=\"robots\" content=\"index, follow, max-snippet:-1, max-image-preview:large, max-video-preview:-1\" \/>\n<link rel=\"canonical\" href=\"https:\/\/www.valeriehenry.com\/en\/\" \/>\n<meta property=\"og:locale\" content=\"en_US\" \/>\n<meta property=\"og:type\" content=\"article\" \/>\n<meta property=\"og:title\" content=\"Valerie Henry artist&#039;s agent in Paris, scenography, mosaics, sculpture, photography\" \/>\n<meta property=\"og:description\" content=\"Val\u00e9rie Henry represents William Amor, Mathilde Jonqui\u00e8re, Soline d&#039;aboville, Ang\u00e8le Guerre, Emilie Fa\u00eff, Ich&amp;kar,Eudes Menichetti, Marianne Guedin, House of Talent\" \/>\n<meta property=\"og:url\" content=\"https:\/\/www.valeriehenry.com\/en\/\" \/>\n<meta property=\"og:site_name\" content=\"Val\u00e9rie Henry\" \/>\n<meta property=\"article:publisher\" content=\"https:\/\/www.facebook.com\/agencevaleriehenry\/\" \/>\n<meta property=\"article:modified_time\" content=\"2024-03-21T17:18:01+00:00\" \/>\n<meta property=\"og:image\" content=\"https:\/\/www.valeriehenry.com\/wp-content\/uploads\/sites\/13\/2017\/10\/valerie_henry.jpg\" \/>\n<meta name=\"twitter:card\" content=\"summary_large_image\" \/>\n<meta name=\"twitter:label1\" content=\"Est. reading time\" \/>\n\t<meta name=\"twitter:data1\" content=\"1 minute\" \/>\n<script type=\"application\/ld+json\" class=\"yoast-schema-graph\">{\"@context\":\"https:\/\/schema.org\",\"@graph\":[{\"@type\":\"WebPage\",\"@id\":\"https:\/\/www.valeriehenry.com\/en\/\",\"url\":\"https:\/\/www.valeriehenry.com\/en\/\",\"name\":\"Valerie Henry artist's agent in Paris, scenography, mosaics, sculpture, photography\",\"isPartOf\":{\"@id\":\"https:\/\/www.valeriehenry.com\/en\/#website\"},\"primaryImageOfPage\":{\"@id\":\"https:\/\/www.valeriehenry.com\/en\/#primaryimage\"},\"image\":{\"@id\":\"https:\/\/www.valeriehenry.com\/en\/#primaryimage\"},\"thumbnailUrl\":\"https:\/\/www.valeriehenry.com\/wp-content\/uploads\/sites\/13\/2017\/10\/valerie_henry.jpg\",\"datePublished\":\"2017-10-03T16:03:35+00:00\",\"dateModified\":\"2024-03-21T17:18:01+00:00\",\"description\":\"Val\u00e9rie Henry represents William Amor, Mathilde Jonqui\u00e8re, Soline d'aboville, Ang\u00e8le Guerre, Emilie Fa\u00eff, Ich&kar,Eudes Menichetti, Marianne Guedin, House of Talent\",\"breadcrumb\":{\"@id\":\"https:\/\/www.valeriehenry.com\/en\/#breadcrumb\"},\"inLanguage\":\"en-US\",\"potentialAction\":[{\"@type\":\"ReadAction\",\"target\":[\"https:\/\/www.valeriehenry.com\/en\/\"]}]},{\"@type\":\"ImageObject\",\"inLanguage\":\"en-US\",\"@id\":\"https:\/\/www.valeriehenry.com\/en\/#primaryimage\",\"url\":\"https:\/\/www.valeriehenry.com\/wp-content\/uploads\/sites\/13\/2017\/10\/valerie_henry.jpg\",\"contentUrl\":\"https:\/\/www.valeriehenry.com\/wp-content\/uploads\/sites\/13\/2017\/10\/valerie_henry.jpg\"},{\"@type\":\"BreadcrumbList\",\"@id\":\"https:\/\/www.valeriehenry.com\/en\/#breadcrumb\",\"itemListElement\":[{\"@type\":\"ListItem\",\"position\":1,\"name\":\"Valerie Henry\",\"item\":\"https:\/\/www.valeriehenry.com\/en\/\"},{\"@type\":\"ListItem\",\"position\":2,\"name\":\"Accueil\"}]},{\"@type\":\"WebSite\",\"@id\":\"https:\/\/www.valeriehenry.com\/en\/#website\",\"url\":\"https:\/\/www.valeriehenry.com\/en\/\",\"name\":\"Val\u00e9rie Henry\",\"description\":\"Agent\",\"publisher\":{\"@id\":\"https:\/\/www.valeriehenry.com\/en\/#organization\"},\"potentialAction\":[{\"@type\":\"SearchAction\",\"target\":{\"@type\":\"EntryPoint\",\"urlTemplate\":\"https:\/\/www.valeriehenry.com\/en\/?s={search_term_string}\"},\"query-input\":{\"@type\":\"PropertyValueSpecification\",\"valueRequired\":true,\"valueName\":\"search_term_string\"}}],\"inLanguage\":\"en-US\"},{\"@type\":\"Organization\",\"@id\":\"https:\/\/www.valeriehenry.com\/en\/#organization\",\"name\":\"Val\u00e9rie Henry\",\"url\":\"https:\/\/www.valeriehenry.com\/en\/\",\"logo\":{\"@type\":\"ImageObject\",\"inLanguage\":\"en-US\",\"@id\":\"https:\/\/www.valeriehenry.com\/en\/#\/schema\/logo\/image\/\",\"url\":\"https:\/\/www.valeriehenry.com\/en\/wp-content\/uploads\/sites\/13\/2017\/10\/valerie_henry_logo.jpg\",\"contentUrl\":\"https:\/\/www.valeriehenry.com\/en\/wp-content\/uploads\/sites\/13\/2017\/10\/valerie_henry_logo.jpg\",\"width\":165,\"height\":39,\"caption\":\"Val\u00e9rie Henry\"},\"image\":{\"@id\":\"https:\/\/www.valeriehenry.com\/en\/#\/schema\/logo\/image\/\"},\"sameAs\":[\"https:\/\/www.facebook.com\/agencevaleriehenry\/\"]}]}<\/script>\n<!-- \/ Yoast SEO plugin. -->","yoast_head_json":{"title":"Valerie Henry artist's agent in Paris, scenography, mosaics, sculpture, photography","description":"Val\u00e9rie Henry represents William Amor, Mathilde Jonqui\u00e8re, Soline d'aboville, Ang\u00e8le Guerre, Emilie Fa\u00eff, Ich&kar,Eudes Menichetti, Marianne Guedin, House of Talent","robots":{"index":"index","follow":"follow","max-snippet":"max-snippet:-1","max-image-preview":"max-image-preview:large","max-video-preview":"max-video-preview:-1"},"canonical":"https:\/\/www.valeriehenry.com\/en\/","og_locale":"en_US","og_type":"article","og_title":"Valerie Henry artist's agent in Paris, scenography, mosaics, sculpture, photography","og_description":"Val\u00e9rie Henry represents William Amor, Mathilde Jonqui\u00e8re, Soline d'aboville, Ang\u00e8le Guerre, Emilie Fa\u00eff, Ich&kar,Eudes Menichetti, Marianne Guedin, House of Talent","og_url":"https:\/\/www.valeriehenry.com\/en\/","og_site_name":"Val\u00e9rie Henry","article_publisher":"https:\/\/www.facebook.com\/agencevaleriehenry\/","article_modified_time":"2024-03-21T17:18:01+00:00","og_image":[{"url":"https:\/\/www.valeriehenry.com\/wp-content\/uploads\/sites\/13\/2017\/10\/valerie_henry.jpg"}],"twitter_card":"summary_large_image","twitter_misc":{"Est. reading time":"1 minute"},"schema":{"@context":"https:\/\/schema.org","@graph":[{"@type":"WebPage","@id":"https:\/\/www.valeriehenry.com\/en\/","url":"https:\/\/www.valeriehenry.com\/en\/","name":"Valerie Henry artist's agent in Paris, scenography, mosaics, sculpture, photography","isPartOf":{"@id":"https:\/\/www.valeriehenry.com\/en\/#website"},"primaryImageOfPage":{"@id":"https:\/\/www.valeriehenry.com\/en\/#primaryimage"},"image":{"@id":"https:\/\/www.valeriehenry.com\/en\/#primaryimage"},"thumbnailUrl":"https:\/\/www.valeriehenry.com\/wp-content\/uploads\/sites\/13\/2017\/10\/valerie_henry.jpg","datePublished":"2017-10-03T16:03:35+00:00","dateModified":"2024-03-21T17:18:01+00:00","description":"Val\u00e9rie Henry represents William Amor, Mathilde Jonqui\u00e8re, Soline d'aboville, Ang\u00e8le Guerre, Emilie Fa\u00eff, Ich&kar,Eudes Menichetti, Marianne Guedin, House of Talent","breadcrumb":{"@id":"https:\/\/www.valeriehenry.com\/en\/#breadcrumb"},"inLanguage":"en-US","potentialAction":[{"@type":"ReadAction","target":["https:\/\/www.valeriehenry.com\/en\/"]}]},{"@type":"ImageObject","inLanguage":"en-US","@id":"https:\/\/www.valeriehenry.com\/en\/#primaryimage","url":"https:\/\/www.valeriehenry.com\/wp-content\/uploads\/sites\/13\/2017\/10\/valerie_henry.jpg","contentUrl":"https:\/\/www.valeriehenry.com\/wp-content\/uploads\/sites\/13\/2017\/10\/valerie_henry.jpg"},{"@type":"BreadcrumbList","@id":"https:\/\/www.valeriehenry.com\/en\/#breadcrumb","itemListElement":[{"@type":"ListItem","position":1,"name":"Valerie Henry","item":"https:\/\/www.valeriehenry.com\/en\/"},{"@type":"ListItem","position":2,"name":"Accueil"}]},{"@type":"WebSite","@id":"https:\/\/www.valeriehenry.com\/en\/#website","url":"https:\/\/www.valeriehenry.com\/en\/","name":"Val\u00e9rie Henry","description":"Agent","publisher":{"@id":"https:\/\/www.valeriehenry.com\/en\/#organization"},"potentialAction":[{"@type":"SearchAction","target":{"@type":"EntryPoint","urlTemplate":"https:\/\/www.valeriehenry.com\/en\/?s={search_term_string}"},"query-input":{"@type":"PropertyValueSpecification","valueRequired":true,"valueName":"search_term_string"}}],"inLanguage":"en-US"},{"@type":"Organization","@id":"https:\/\/www.valeriehenry.com\/en\/#organization","name":"Val\u00e9rie Henry","url":"https:\/\/www.valeriehenry.com\/en\/","logo":{"@type":"ImageObject","inLanguage":"en-US","@id":"https:\/\/www.valeriehenry.com\/en\/#\/schema\/logo\/image\/","url":"https:\/\/www.valeriehenry.com\/en\/wp-content\/uploads\/sites\/13\/2017\/10\/valerie_henry_logo.jpg","contentUrl":"https:\/\/www.valeriehenry.com\/en\/wp-content\/uploads\/sites\/13\/2017\/10\/valerie_henry_logo.jpg","width":165,"height":39,"caption":"Val\u00e9rie Henry"},"image":{"@id":"https:\/\/www.valeriehenry.com\/en\/#\/schema\/logo\/image\/"},"sameAs":["https:\/\/www.facebook.com\/agencevaleriehenry\/"]}]}},"_links":{"self":[{"href":"https:\/\/www.valeriehenry.com\/en\/wp-json\/wp\/v2\/pages\/9"}],"collection":[{"href":"https:\/\/www.valeriehenry.com\/en\/wp-json\/wp\/v2\/pages"}],"about":[{"href":"https:\/\/www.valeriehenry.com\/en\/wp-json\/wp\/v2\/types\/page"}],"author":[{"embeddable":true,"href":"https:\/\/www.valeriehenry.com\/en\/wp-json\/wp\/v2\/users\/1"}],"replies":[{"embeddable":true,"href":"https:\/\/www.valeriehenry.com\/en\/wp-json\/wp\/v2\/comments?post=9"}],"version-history":[{"count":2,"href":"https:\/\/www.valeriehenry.com\/en\/wp-json\/wp\/v2\/pages\/9\/revisions"}],"predecessor-version":[{"id":41,"href":"https:\/\/www.valeriehenry.com\/en\/wp-json\/wp\/v2\/pages\/9\/revisions\/41"}],"wp:attachment":[{"href":"https:\/\/www.valeriehenry.com\/en\/wp-json\/wp\/v2\/media?parent=9"}],"curies":[{"name":"wp","href":"https:\/\/api.w.org\/{rel}","templated":true}]}}