{"id":116,"date":"2017-10-12T09:25:41","date_gmt":"2017-10-12T07:25:41","guid":{"rendered":"https:\/\/www.valeriehenry.com\/soline-daboville\/biographie\/"},"modified":"2024-03-21T18:48:02","modified_gmt":"2024-03-21T17:48:02","slug":"biographie","status":"publish","type":"page","link":"https:\/\/www.valeriehenry.com\/en-soline-daboville\/biographie\/","title":{"rendered":"biography"},"content":{"rendered":"<p>Set designer and specialist in the creation of showcases for the most important luxury brands, Soline d\u2019Aboville is above all passionate about showcasing objects in various areas of expression. She perfectly fulfills her obsessions : telling poetically the world of her client through clear messages, infusing poetic meaning to her creative approach, opening the floodgates of imagination. Graduated of the \u00c9cole Nationale Sup\u00e9rieur des Arts D\u00e9coratifs in Paris and initiated into the art of window design for Cartier in 2001, Soline d\u2019Aboville worked for five years for Louis Vuitton all around the world, before lending her talent to Dior Couture. Curious about people and its singularity, inspired by travel and nature, Soline d\u2019Aboville is in keeping with contemporary creations and tells us simple stories that arouse imagination.<\/p>\n","protected":false},"excerpt":{"rendered":"<p>Set designer and specialist in the creation of showcases for the most important luxury brands, Soline d\u2019Aboville is above all passionate about showcasing objects in various areas of expression. She perfectly fulfills her obsessions : telling poetically the world of&hellip;<\/p>\n","protected":false},"author":1,"featured_media":0,"parent":0,"menu_order":12,"comment_status":"closed","ping_status":"closed","template":"","meta":{"_trash_the_other_posts":false,"footnotes":""},"class_list":["post-116","page","type-page","status-publish","hentry"],"yoast_head":"<!-- This site is optimized with the Yoast SEO plugin v23.7 - https:\/\/yoast.com\/wordpress\/plugins\/seo\/ -->\n<title>Soline d&#039;Aboville, French savoir-faire, biography<\/title>\n<meta name=\"description\" content=\"Soline d&#039;Aboville, French craftsmanship, paper artist, window displays, ManyMany, Paris\" \/>\n<meta name=\"robots\" content=\"index, follow, max-snippet:-1, max-image-preview:large, max-video-preview:-1\" \/>\n<link rel=\"canonical\" href=\"https:\/\/www.valeriehenry.com\/en-soline-daboville\/biographie\/\" \/>\n<meta property=\"og:locale\" content=\"en_US\" \/>\n<meta property=\"og:type\" content=\"article\" \/>\n<meta property=\"og:title\" content=\"Soline d&#039;Aboville, French savoir-faire, biography\" \/>\n<meta property=\"og:description\" content=\"Soline d&#039;Aboville, French craftsmanship, paper artist, window displays, ManyMany, Paris\" \/>\n<meta property=\"og:url\" content=\"https:\/\/www.valeriehenry.com\/en-soline-daboville\/biographie\/\" \/>\n<meta property=\"og:site_name\" content=\"Soline d\u2019Aboville\" \/>\n<meta property=\"article:publisher\" content=\"https:\/\/www.facebook.com\/Manymanydesignetcreation\" \/>\n<meta property=\"article:modified_time\" content=\"2024-03-21T17:48:02+00:00\" \/>\n<meta name=\"twitter:card\" content=\"summary_large_image\" \/>\n<meta name=\"twitter:label1\" content=\"Est. reading time\" \/>\n\t<meta name=\"twitter:data1\" content=\"1 minute\" \/>\n<script type=\"application\/ld+json\" class=\"yoast-schema-graph\">{\"@context\":\"https:\/\/schema.org\",\"@graph\":[{\"@type\":\"WebPage\",\"@id\":\"https:\/\/www.valeriehenry.com\/en-soline-daboville\/biographie\/\",\"url\":\"https:\/\/www.valeriehenry.com\/en-soline-daboville\/biographie\/\",\"name\":\"Soline d'Aboville, French savoir-faire, biography\",\"isPartOf\":{\"@id\":\"https:\/\/www.valeriehenry.com\/en-soline-daboville\/#website\"},\"datePublished\":\"2017-10-12T07:25:41+00:00\",\"dateModified\":\"2024-03-21T17:48:02+00:00\",\"description\":\"Soline d'Aboville, French craftsmanship, paper artist, window displays, ManyMany, Paris\",\"breadcrumb\":{\"@id\":\"https:\/\/www.valeriehenry.com\/en-soline-daboville\/biographie\/#breadcrumb\"},\"inLanguage\":\"en-US\",\"potentialAction\":[{\"@type\":\"ReadAction\",\"target\":[\"https:\/\/www.valeriehenry.com\/en-soline-daboville\/biographie\/\"]}]},{\"@type\":\"BreadcrumbList\",\"@id\":\"https:\/\/www.valeriehenry.com\/en-soline-daboville\/biographie\/#breadcrumb\",\"itemListElement\":[{\"@type\":\"ListItem\",\"position\":1,\"name\":\"Soline d'Aboville\",\"item\":\"https:\/\/www.valeriehenry.com\/en-soline-daboville\/\"},{\"@type\":\"ListItem\",\"position\":2,\"name\":\"biography\"}]},{\"@type\":\"WebSite\",\"@id\":\"https:\/\/www.valeriehenry.com\/en-soline-daboville\/#website\",\"url\":\"https:\/\/www.valeriehenry.com\/en-soline-daboville\/\",\"name\":\"Soline d\u2019Aboville\",\"description\":\"scenographer\",\"publisher\":{\"@id\":\"https:\/\/www.valeriehenry.com\/en-soline-daboville\/#organization\"},\"potentialAction\":[{\"@type\":\"SearchAction\",\"target\":{\"@type\":\"EntryPoint\",\"urlTemplate\":\"https:\/\/www.valeriehenry.com\/en-soline-daboville\/?s={search_term_string}\"},\"query-input\":{\"@type\":\"PropertyValueSpecification\",\"valueRequired\":true,\"valueName\":\"search_term_string\"}}],\"inLanguage\":\"en-US\"},{\"@type\":\"Organization\",\"@id\":\"https:\/\/www.valeriehenry.com\/en-soline-daboville\/#organization\",\"name\":\"Soline d\u2019Aboville\",\"url\":\"https:\/\/www.valeriehenry.com\/en-soline-daboville\/\",\"logo\":{\"@type\":\"ImageObject\",\"inLanguage\":\"en-US\",\"@id\":\"https:\/\/www.valeriehenry.com\/en-soline-daboville\/#\/schema\/logo\/image\/\",\"url\":\"https:\/\/www.valeriehenry.com\/en-soline-daboville\/wp-content\/uploads\/sites\/14\/2017\/10\/valerie_henry_logo.jpg\",\"contentUrl\":\"https:\/\/www.valeriehenry.com\/en-soline-daboville\/wp-content\/uploads\/sites\/14\/2017\/10\/valerie_henry_logo.jpg\",\"width\":165,\"height\":39,\"caption\":\"Soline d\u2019Aboville\"},\"image\":{\"@id\":\"https:\/\/www.valeriehenry.com\/en-soline-daboville\/#\/schema\/logo\/image\/\"},\"sameAs\":[\"https:\/\/www.facebook.com\/Manymanydesignetcreation\"]}]}<\/script>\n<!-- \/ Yoast SEO plugin. -->","yoast_head_json":{"title":"Soline d'Aboville, French savoir-faire, biography","description":"Soline d'Aboville, French craftsmanship, paper artist, window displays, ManyMany, Paris","robots":{"index":"index","follow":"follow","max-snippet":"max-snippet:-1","max-image-preview":"max-image-preview:large","max-video-preview":"max-video-preview:-1"},"canonical":"https:\/\/www.valeriehenry.com\/en-soline-daboville\/biographie\/","og_locale":"en_US","og_type":"article","og_title":"Soline d'Aboville, French savoir-faire, biography","og_description":"Soline d'Aboville, French craftsmanship, paper artist, window displays, ManyMany, Paris","og_url":"https:\/\/www.valeriehenry.com\/en-soline-daboville\/biographie\/","og_site_name":"Soline d\u2019Aboville","article_publisher":"https:\/\/www.facebook.com\/Manymanydesignetcreation","article_modified_time":"2024-03-21T17:48:02+00:00","twitter_card":"summary_large_image","twitter_misc":{"Est. reading time":"1 minute"},"schema":{"@context":"https:\/\/schema.org","@graph":[{"@type":"WebPage","@id":"https:\/\/www.valeriehenry.com\/en-soline-daboville\/biographie\/","url":"https:\/\/www.valeriehenry.com\/en-soline-daboville\/biographie\/","name":"Soline d'Aboville, French savoir-faire, biography","isPartOf":{"@id":"https:\/\/www.valeriehenry.com\/en-soline-daboville\/#website"},"datePublished":"2017-10-12T07:25:41+00:00","dateModified":"2024-03-21T17:48:02+00:00","description":"Soline d'Aboville, French craftsmanship, paper artist, window displays, ManyMany, Paris","breadcrumb":{"@id":"https:\/\/www.valeriehenry.com\/en-soline-daboville\/biographie\/#breadcrumb"},"inLanguage":"en-US","potentialAction":[{"@type":"ReadAction","target":["https:\/\/www.valeriehenry.com\/en-soline-daboville\/biographie\/"]}]},{"@type":"BreadcrumbList","@id":"https:\/\/www.valeriehenry.com\/en-soline-daboville\/biographie\/#breadcrumb","itemListElement":[{"@type":"ListItem","position":1,"name":"Soline d'Aboville","item":"https:\/\/www.valeriehenry.com\/en-soline-daboville\/"},{"@type":"ListItem","position":2,"name":"biography"}]},{"@type":"WebSite","@id":"https:\/\/www.valeriehenry.com\/en-soline-daboville\/#website","url":"https:\/\/www.valeriehenry.com\/en-soline-daboville\/","name":"Soline d\u2019Aboville","description":"scenographer","publisher":{"@id":"https:\/\/www.valeriehenry.com\/en-soline-daboville\/#organization"},"potentialAction":[{"@type":"SearchAction","target":{"@type":"EntryPoint","urlTemplate":"https:\/\/www.valeriehenry.com\/en-soline-daboville\/?s={search_term_string}"},"query-input":{"@type":"PropertyValueSpecification","valueRequired":true,"valueName":"search_term_string"}}],"inLanguage":"en-US"},{"@type":"Organization","@id":"https:\/\/www.valeriehenry.com\/en-soline-daboville\/#organization","name":"Soline d\u2019Aboville","url":"https:\/\/www.valeriehenry.com\/en-soline-daboville\/","logo":{"@type":"ImageObject","inLanguage":"en-US","@id":"https:\/\/www.valeriehenry.com\/en-soline-daboville\/#\/schema\/logo\/image\/","url":"https:\/\/www.valeriehenry.com\/en-soline-daboville\/wp-content\/uploads\/sites\/14\/2017\/10\/valerie_henry_logo.jpg","contentUrl":"https:\/\/www.valeriehenry.com\/en-soline-daboville\/wp-content\/uploads\/sites\/14\/2017\/10\/valerie_henry_logo.jpg","width":165,"height":39,"caption":"Soline d\u2019Aboville"},"image":{"@id":"https:\/\/www.valeriehenry.com\/en-soline-daboville\/#\/schema\/logo\/image\/"},"sameAs":["https:\/\/www.facebook.com\/Manymanydesignetcreation"]}]}},"_links":{"self":[{"href":"https:\/\/www.valeriehenry.com\/en-soline-daboville\/wp-json\/wp\/v2\/pages\/116"}],"collection":[{"href":"https:\/\/www.valeriehenry.com\/en-soline-daboville\/wp-json\/wp\/v2\/pages"}],"about":[{"href":"https:\/\/www.valeriehenry.com\/en-soline-daboville\/wp-json\/wp\/v2\/types\/page"}],"author":[{"embeddable":true,"href":"https:\/\/www.valeriehenry.com\/en-soline-daboville\/wp-json\/wp\/v2\/users\/1"}],"replies":[{"embeddable":true,"href":"https:\/\/www.valeriehenry.com\/en-soline-daboville\/wp-json\/wp\/v2\/comments?post=116"}],"version-history":[{"count":4,"href":"https:\/\/www.valeriehenry.com\/en-soline-daboville\/wp-json\/wp\/v2\/pages\/116\/revisions"}],"predecessor-version":[{"id":416,"href":"https:\/\/www.valeriehenry.com\/en-soline-daboville\/wp-json\/wp\/v2\/pages\/116\/revisions\/416"}],"wp:attachment":[{"href":"https:\/\/www.valeriehenry.com\/en-soline-daboville\/wp-json\/wp\/v2\/media?parent=116"}],"curies":[{"name":"wp","href":"https:\/\/api.w.org\/{rel}","templated":true}]}}