{"id":454,"date":"2017-11-17T10:47:26","date_gmt":"2017-11-17T09:47:26","guid":{"rendered":"https:\/\/www.valeriehenry.com\/en-mathilde-jonquiere\/?page_id=454"},"modified":"2024-03-27T12:17:38","modified_gmt":"2024-03-27T11:17:38","slug":"videos","status":"publish","type":"page","link":"https:\/\/www.valeriehenry.com\/en-mathilde-jonquiere\/videos\/","title":{"rendered":"videos"},"content":{"rendered":"<p>June 2022 &#8211; Report on &#8220;Version Fran\u00e7aise&#8221; programme by Katherina Marx broadcast on TV5Monde.<\/p>\n<div style=\"width: 640px;\" class=\"wp-video\"><!--[if lt IE 9]><script>document.createElement('video');<\/script><![endif]-->\n<video class=\"wp-video-shortcode\" id=\"video-454-1\" width=\"640\" height=\"360\" preload=\"metadata\" controls=\"controls\"><source type=\"video\/mp4\" src=\"https:\/\/www.valeriehenry.com\/book\/dl\/MATHILDE_TV5_MONDE_INSTA_V1.mp4?_=1\" \/><a href=\"https:\/\/www.valeriehenry.com\/book\/dl\/MATHILDE_TV5_MONDE_INSTA_V1.mp4\">https:\/\/www.valeriehenry.com\/book\/dl\/MATHILDE_TV5_MONDE_INSTA_V1.mp4<\/a><\/video><\/div>\n<p>&nbsp;<\/p>\n<p>October 2018 &#8211; The Journ\u00e9es Particuli\u00e8res LVMH &#8211; Hennessy House.<\/p>\n<p>The Castle of Bagnolet, historic house of the Hennessy Family, was built in 1840 on the edge of the Charente River. Erected in 1876, the Winter Garden has been renovated in 2018 and <span class=\"tag_e\"><span class=\"tag_t\">thus regained its past glory<\/span><\/span> and character. Hennesy asks Mathilde Jonqui\u00e8re for a mosa\u00efc floor creation of green marble, in collaboration with Claire Munier who designed the garden with Mediterranean plants. The chromatic polyphony of the mosa\u00efc comes to vibrate the bright floor in a dynamic volume depending on the perspective. Subtle and graphic, Mathilde Jonqui\u00e8re has been inspired by the flow of the water and the notion of mixture in her interpretation of the Winter Garden&#8217;s environment. The artist has created stunning &#8220;green waves&#8221; in relation with the Charente, this particular River which is at the heart of the Cognac fabrication process. Sometimes mat, shinny or satin depending on its polish level, the mosa\u00efc waves as the daylight and the point of view change, bringing a permanent spectacle.<\/p>\n<div style=\"width: 640px;\" class=\"wp-video\"><video class=\"wp-video-shortcode\" id=\"video-454-2\" width=\"640\" height=\"360\" preload=\"metadata\" controls=\"controls\"><source type=\"video\/mp4\" src=\"https:\/\/www.valeriehenry.com\/book\/dl\/Timelapse-court-hennessy.mp4?_=2\" \/><a href=\"https:\/\/www.valeriehenry.com\/book\/dl\/Timelapse-court-hennessy.mp4\">https:\/\/www.valeriehenry.com\/book\/dl\/Timelapse-court-hennessy.mp4<\/a><\/video><\/div>\n<p>&nbsp;<\/p>\n<p>La Grande \u00c9picerie de Paris, Rive Droite.<\/p>\n<p>Le Bon March\u00e9 met the artist Mathilde Jonqui\u00e8re who realised four mosaics to dress up the walls of the new Grand Epicerie, 80 rue de Passy in the 16th district. From vivid tones to games of scales, these pieces reveal the world of the famous Grande Epicerie, such as in the Fish market or the Chocolaterie.<\/p>\n<p><iframe loading=\"lazy\" title=\"Mathilde Jonquiere - La Grande \u00c9picerie de Paris\" width=\"780\" height=\"439\" src=\"https:\/\/www.youtube.com\/embed\/SXxbP6oqbmQ?start=158&#038;feature=oembed\" frameborder=\"0\" allow=\"accelerometer; autoplay; clipboard-write; encrypted-media; gyroscope; picture-in-picture; web-share\" referrerpolicy=\"strict-origin-when-cross-origin\" allowfullscreen><\/iframe><\/p>\n","protected":false},"excerpt":{"rendered":"<p>June 2022 &#8211; Report on &#8220;Version Fran\u00e7aise&#8221; programme by Katherina Marx broadcast on TV5Monde. &nbsp; October 2018 &#8211; The Journ\u00e9es Particuli\u00e8res LVMH &#8211; Hennessy House. The Castle of Bagnolet, historic house of the Hennessy Family, was built in 1840 on&hellip;<\/p>\n","protected":false},"author":2,"featured_media":0,"parent":0,"menu_order":0,"comment_status":"closed","ping_status":"closed","template":"","meta":{"_trash_the_other_posts":false,"footnotes":""},"class_list":["post-454","page","type-page","status-publish","hentry"],"yoast_head":"<!-- This site is optimized with the Yoast SEO plugin v23.7 - https:\/\/yoast.com\/wordpress\/plugins\/seo\/ -->\n<title>Mathilde Jonqui\u00e8re, artist, contemporary bespoke, videos<\/title>\n<meta name=\"description\" content=\"Mathilde Jonqui\u00e8re, artist, revolutionate the art of modern mosaic\" \/>\n<meta name=\"robots\" content=\"index, follow, max-snippet:-1, max-image-preview:large, max-video-preview:-1\" \/>\n<link rel=\"canonical\" href=\"https:\/\/www.valeriehenry.com\/en-mathilde-jonquiere\/videos\/\" \/>\n<meta property=\"og:locale\" content=\"en_US\" \/>\n<meta property=\"og:type\" content=\"article\" \/>\n<meta property=\"og:title\" content=\"Mathilde Jonqui\u00e8re, artist, contemporary bespoke, videos\" \/>\n<meta property=\"og:description\" content=\"Mathilde Jonqui\u00e8re, artist, revolutionate the art of modern mosaic\" \/>\n<meta property=\"og:url\" content=\"https:\/\/www.valeriehenry.com\/en-mathilde-jonquiere\/videos\/\" \/>\n<meta property=\"og:site_name\" content=\"Mathilde Jonqui\u00e8re\" \/>\n<meta property=\"article:modified_time\" content=\"2024-03-27T11:17:38+00:00\" \/>\n<meta name=\"twitter:card\" content=\"summary_large_image\" \/>\n<meta name=\"twitter:label1\" content=\"Est. reading time\" \/>\n\t<meta name=\"twitter:data1\" content=\"2 minutes\" \/>\n<script type=\"application\/ld+json\" class=\"yoast-schema-graph\">{\"@context\":\"https:\/\/schema.org\",\"@graph\":[{\"@type\":\"WebPage\",\"@id\":\"https:\/\/www.valeriehenry.com\/en-mathilde-jonquiere\/videos\/\",\"url\":\"https:\/\/www.valeriehenry.com\/en-mathilde-jonquiere\/videos\/\",\"name\":\"Mathilde Jonqui\u00e8re, artist, contemporary bespoke, videos\",\"isPartOf\":{\"@id\":\"https:\/\/www.valeriehenry.com\/en-mathilde-jonquiere\/#website\"},\"datePublished\":\"2017-11-17T09:47:26+00:00\",\"dateModified\":\"2024-03-27T11:17:38+00:00\",\"description\":\"Mathilde Jonqui\u00e8re, artist, revolutionate the art of modern mosaic\",\"breadcrumb\":{\"@id\":\"https:\/\/www.valeriehenry.com\/en-mathilde-jonquiere\/videos\/#breadcrumb\"},\"inLanguage\":\"en-US\",\"potentialAction\":[{\"@type\":\"ReadAction\",\"target\":[\"https:\/\/www.valeriehenry.com\/en-mathilde-jonquiere\/videos\/\"]}]},{\"@type\":\"BreadcrumbList\",\"@id\":\"https:\/\/www.valeriehenry.com\/en-mathilde-jonquiere\/videos\/#breadcrumb\",\"itemListElement\":[{\"@type\":\"ListItem\",\"position\":1,\"name\":\"Mathilde Jonqui\u00e8re\",\"item\":\"https:\/\/www.valeriehenry.com\/en-mathilde-jonquiere\/\"},{\"@type\":\"ListItem\",\"position\":2,\"name\":\"videos\"}]},{\"@type\":\"WebSite\",\"@id\":\"https:\/\/www.valeriehenry.com\/en-mathilde-jonquiere\/#website\",\"url\":\"https:\/\/www.valeriehenry.com\/en-mathilde-jonquiere\/\",\"name\":\"Mathilde Jonqui\u00e8re\",\"description\":\"mosaic artist\",\"publisher\":{\"@id\":\"https:\/\/www.valeriehenry.com\/en-mathilde-jonquiere\/#organization\"},\"potentialAction\":[{\"@type\":\"SearchAction\",\"target\":{\"@type\":\"EntryPoint\",\"urlTemplate\":\"https:\/\/www.valeriehenry.com\/en-mathilde-jonquiere\/?s={search_term_string}\"},\"query-input\":{\"@type\":\"PropertyValueSpecification\",\"valueRequired\":true,\"valueName\":\"search_term_string\"}}],\"inLanguage\":\"en-US\"},{\"@type\":\"Organization\",\"@id\":\"https:\/\/www.valeriehenry.com\/en-mathilde-jonquiere\/#organization\",\"name\":\"Mathilde Jonqui\u00e8re\",\"url\":\"https:\/\/www.valeriehenry.com\/en-mathilde-jonquiere\/\",\"logo\":{\"@type\":\"ImageObject\",\"inLanguage\":\"en-US\",\"@id\":\"https:\/\/www.valeriehenry.com\/en-mathilde-jonquiere\/#\/schema\/logo\/image\/\",\"url\":\"https:\/\/www.valeriehenry.com\/en-mathilde-jonquiere\/wp-content\/uploads\/sites\/20\/2017\/10\/valerie_henry_logo.jpg\",\"contentUrl\":\"https:\/\/www.valeriehenry.com\/en-mathilde-jonquiere\/wp-content\/uploads\/sites\/20\/2017\/10\/valerie_henry_logo.jpg\",\"width\":165,\"height\":39,\"caption\":\"Mathilde Jonqui\u00e8re\"},\"image\":{\"@id\":\"https:\/\/www.valeriehenry.com\/en-mathilde-jonquiere\/#\/schema\/logo\/image\/\"}}]}<\/script>\n<!-- \/ Yoast SEO plugin. -->","yoast_head_json":{"title":"Mathilde Jonqui\u00e8re, artist, contemporary bespoke, videos","description":"Mathilde Jonqui\u00e8re, artist, revolutionate the art of modern mosaic","robots":{"index":"index","follow":"follow","max-snippet":"max-snippet:-1","max-image-preview":"max-image-preview:large","max-video-preview":"max-video-preview:-1"},"canonical":"https:\/\/www.valeriehenry.com\/en-mathilde-jonquiere\/videos\/","og_locale":"en_US","og_type":"article","og_title":"Mathilde Jonqui\u00e8re, artist, contemporary bespoke, videos","og_description":"Mathilde Jonqui\u00e8re, artist, revolutionate the art of modern mosaic","og_url":"https:\/\/www.valeriehenry.com\/en-mathilde-jonquiere\/videos\/","og_site_name":"Mathilde Jonqui\u00e8re","article_modified_time":"2024-03-27T11:17:38+00:00","twitter_card":"summary_large_image","twitter_misc":{"Est. reading time":"2 minutes"},"schema":{"@context":"https:\/\/schema.org","@graph":[{"@type":"WebPage","@id":"https:\/\/www.valeriehenry.com\/en-mathilde-jonquiere\/videos\/","url":"https:\/\/www.valeriehenry.com\/en-mathilde-jonquiere\/videos\/","name":"Mathilde Jonqui\u00e8re, artist, contemporary bespoke, videos","isPartOf":{"@id":"https:\/\/www.valeriehenry.com\/en-mathilde-jonquiere\/#website"},"datePublished":"2017-11-17T09:47:26+00:00","dateModified":"2024-03-27T11:17:38+00:00","description":"Mathilde Jonqui\u00e8re, artist, revolutionate the art of modern mosaic","breadcrumb":{"@id":"https:\/\/www.valeriehenry.com\/en-mathilde-jonquiere\/videos\/#breadcrumb"},"inLanguage":"en-US","potentialAction":[{"@type":"ReadAction","target":["https:\/\/www.valeriehenry.com\/en-mathilde-jonquiere\/videos\/"]}]},{"@type":"BreadcrumbList","@id":"https:\/\/www.valeriehenry.com\/en-mathilde-jonquiere\/videos\/#breadcrumb","itemListElement":[{"@type":"ListItem","position":1,"name":"Mathilde Jonqui\u00e8re","item":"https:\/\/www.valeriehenry.com\/en-mathilde-jonquiere\/"},{"@type":"ListItem","position":2,"name":"videos"}]},{"@type":"WebSite","@id":"https:\/\/www.valeriehenry.com\/en-mathilde-jonquiere\/#website","url":"https:\/\/www.valeriehenry.com\/en-mathilde-jonquiere\/","name":"Mathilde Jonqui\u00e8re","description":"mosaic artist","publisher":{"@id":"https:\/\/www.valeriehenry.com\/en-mathilde-jonquiere\/#organization"},"potentialAction":[{"@type":"SearchAction","target":{"@type":"EntryPoint","urlTemplate":"https:\/\/www.valeriehenry.com\/en-mathilde-jonquiere\/?s={search_term_string}"},"query-input":{"@type":"PropertyValueSpecification","valueRequired":true,"valueName":"search_term_string"}}],"inLanguage":"en-US"},{"@type":"Organization","@id":"https:\/\/www.valeriehenry.com\/en-mathilde-jonquiere\/#organization","name":"Mathilde Jonqui\u00e8re","url":"https:\/\/www.valeriehenry.com\/en-mathilde-jonquiere\/","logo":{"@type":"ImageObject","inLanguage":"en-US","@id":"https:\/\/www.valeriehenry.com\/en-mathilde-jonquiere\/#\/schema\/logo\/image\/","url":"https:\/\/www.valeriehenry.com\/en-mathilde-jonquiere\/wp-content\/uploads\/sites\/20\/2017\/10\/valerie_henry_logo.jpg","contentUrl":"https:\/\/www.valeriehenry.com\/en-mathilde-jonquiere\/wp-content\/uploads\/sites\/20\/2017\/10\/valerie_henry_logo.jpg","width":165,"height":39,"caption":"Mathilde Jonqui\u00e8re"},"image":{"@id":"https:\/\/www.valeriehenry.com\/en-mathilde-jonquiere\/#\/schema\/logo\/image\/"}}]}},"_links":{"self":[{"href":"https:\/\/www.valeriehenry.com\/en-mathilde-jonquiere\/wp-json\/wp\/v2\/pages\/454"}],"collection":[{"href":"https:\/\/www.valeriehenry.com\/en-mathilde-jonquiere\/wp-json\/wp\/v2\/pages"}],"about":[{"href":"https:\/\/www.valeriehenry.com\/en-mathilde-jonquiere\/wp-json\/wp\/v2\/types\/page"}],"author":[{"embeddable":true,"href":"https:\/\/www.valeriehenry.com\/en-mathilde-jonquiere\/wp-json\/wp\/v2\/users\/2"}],"replies":[{"embeddable":true,"href":"https:\/\/www.valeriehenry.com\/en-mathilde-jonquiere\/wp-json\/wp\/v2\/comments?post=454"}],"version-history":[{"count":10,"href":"https:\/\/www.valeriehenry.com\/en-mathilde-jonquiere\/wp-json\/wp\/v2\/pages\/454\/revisions"}],"predecessor-version":[{"id":968,"href":"https:\/\/www.valeriehenry.com\/en-mathilde-jonquiere\/wp-json\/wp\/v2\/pages\/454\/revisions\/968"}],"wp:attachment":[{"href":"https:\/\/www.valeriehenry.com\/en-mathilde-jonquiere\/wp-json\/wp\/v2\/media?parent=454"}],"curies":[{"name":"wp","href":"https:\/\/api.w.org\/{rel}","templated":true}]}}