{"id":227,"date":"2017-10-12T11:58:51","date_gmt":"2017-10-12T09:58:51","guid":{"rendered":"https:\/\/www.valeriehenry.com\/mathilde-jonquiere\/?page_id=227"},"modified":"2024-03-21T20:43:05","modified_gmt":"2024-03-21T19:43:05","slug":"brasserie-wepler","status":"publish","type":"page","link":"https:\/\/www.valeriehenry.com\/en-mathilde-jonquiere\/projects\/brasserie-wepler\/","title":{"rendered":"Brasserie Wepler"},"content":{"rendered":"<div id=\"gallery-1\" class=\"uk-grid-medium uk-child-width-expand@s\" uk-grid uk-height-match=\"target: > article; row: false\"><div class=\"gallery-item uk-margin-bottom uk-width-1-2@s uk-width-1-3@l\"><a href=\"https:\/\/www.valeriehenry.com\/en-mathilde-jonquiere\/wp-content\/uploads\/sites\/20\/2017\/10\/5-10.jpg\" rel=\"gallery-1\"><figure class=\"uk-margin-small-bottom uk-cover-container uk-height-small uk-section-muted\"><img decoding=\"async\" uk-cover=\"\" src=\"https:\/\/www.valeriehenry.com\/en-mathilde-jonquiere\/wp-content\/uploads\/sites\/20\/2017\/10\/5-10-300x200.jpg\" srcset=\"https:\/\/www.valeriehenry.com\/en-mathilde-jonquiere\/wp-content\/uploads\/sites\/20\/2017\/10\/5-10-300x200.jpg 300w, https:\/\/www.valeriehenry.com\/en-mathilde-jonquiere\/wp-content\/uploads\/sites\/20\/2017\/10\/5-10-600x400.jpg 600w, https:\/\/www.valeriehenry.com\/en-mathilde-jonquiere\/wp-content\/uploads\/sites\/20\/2017\/10\/5-10-768x512.jpg 768w, https:\/\/www.valeriehenry.com\/en-mathilde-jonquiere\/wp-content\/uploads\/sites\/20\/2017\/10\/5-10.jpg 840w\" sizes=\"100vw, (min-width: 640px) 50vw, (min-width: 960px) 37vw, (min-width: 1200px) 25vw, (min-width: 1280px) 277px\" alt = \"The Wepler Brasserie, located at the foot of Montmartre in the 18th district, is a landmark of the Place Clichy and a meeting point for writers and artists.\"><\/figure><\/a><\/div><div class=\"gallery-item uk-margin-bottom uk-width-1-2@s uk-width-1-3@l\"><a href=\"https:\/\/www.valeriehenry.com\/en-mathilde-jonquiere\/wp-content\/uploads\/sites\/20\/2017\/10\/9-5.jpg\" rel=\"gallery-1\"><figure class=\"uk-margin-small-bottom uk-cover-container uk-height-small uk-section-muted\"><img decoding=\"async\" uk-cover=\"\" src=\"https:\/\/www.valeriehenry.com\/en-mathilde-jonquiere\/wp-content\/uploads\/sites\/20\/2017\/10\/9-5-300x191.jpg\" srcset=\"https:\/\/www.valeriehenry.com\/en-mathilde-jonquiere\/wp-content\/uploads\/sites\/20\/2017\/10\/9-5-300x191.jpg 300w, https:\/\/www.valeriehenry.com\/en-mathilde-jonquiere\/wp-content\/uploads\/sites\/20\/2017\/10\/9-5-600x382.jpg 600w, https:\/\/www.valeriehenry.com\/en-mathilde-jonquiere\/wp-content\/uploads\/sites\/20\/2017\/10\/9-5-768x489.jpg 768w, https:\/\/www.valeriehenry.com\/en-mathilde-jonquiere\/wp-content\/uploads\/sites\/20\/2017\/10\/9-5.jpg 879w\" sizes=\"100vw, (min-width: 640px) 50vw, (min-width: 960px) 37vw, (min-width: 1200px) 25vw, (min-width: 1280px) 277px\" alt = \"In 2004, the Wepler owner commissioned three wall mosaics for the covered terrace space between the restaurant and the square.\"><\/figure><\/a><\/div><div class=\"gallery-item uk-margin-bottom uk-width-1-2@s uk-width-1-3@l\"><a href=\"https:\/\/www.valeriehenry.com\/en-mathilde-jonquiere\/wp-content\/uploads\/sites\/20\/2017\/10\/5_0-3.jpg\" rel=\"gallery-1\"><figure class=\"uk-margin-small-bottom uk-cover-container uk-height-small uk-section-muted\"><img decoding=\"async\" uk-cover=\"\" src=\"https:\/\/www.valeriehenry.com\/en-mathilde-jonquiere\/wp-content\/uploads\/sites\/20\/2017\/10\/5_0-3-300x150.jpg\" srcset=\"https:\/\/www.valeriehenry.com\/en-mathilde-jonquiere\/wp-content\/uploads\/sites\/20\/2017\/10\/5_0-3-300x150.jpg 300w, https:\/\/www.valeriehenry.com\/en-mathilde-jonquiere\/wp-content\/uploads\/sites\/20\/2017\/10\/5_0-3-600x301.jpg 600w, https:\/\/www.valeriehenry.com\/en-mathilde-jonquiere\/wp-content\/uploads\/sites\/20\/2017\/10\/5_0-3-768x385.jpg 768w, https:\/\/www.valeriehenry.com\/en-mathilde-jonquiere\/wp-content\/uploads\/sites\/20\/2017\/10\/5_0-3-1024x513.jpg 1024w, https:\/\/www.valeriehenry.com\/en-mathilde-jonquiere\/wp-content\/uploads\/sites\/20\/2017\/10\/5_0-3.jpg 1118w\" sizes=\"100vw, (min-width: 640px) 50vw, (min-width: 960px) 37vw, (min-width: 1200px) 25vw, (min-width: 1280px) 277px\" alt = \"Mathilde Jonqui\u00e8re suggested art deco inspired mosaics in the spirit of the great Parisian brasseries of the 1930s.\"><\/figure><\/a><\/div><div class=\"gallery-item uk-margin-bottom uk-width-1-2@s uk-width-1-3@l\"><a href=\"https:\/\/www.valeriehenry.com\/en-mathilde-jonquiere\/wp-content\/uploads\/sites\/20\/2017\/10\/6-6.jpg\" rel=\"gallery-1\"><figure class=\"uk-margin-small-bottom uk-cover-container uk-height-small uk-section-muted\"><img decoding=\"async\" uk-cover=\"\" src=\"https:\/\/www.valeriehenry.com\/en-mathilde-jonquiere\/wp-content\/uploads\/sites\/20\/2017\/10\/6-6-300x230.jpg\" srcset=\"https:\/\/www.valeriehenry.com\/en-mathilde-jonquiere\/wp-content\/uploads\/sites\/20\/2017\/10\/6-6-300x230.jpg 300w, https:\/\/www.valeriehenry.com\/en-mathilde-jonquiere\/wp-content\/uploads\/sites\/20\/2017\/10\/6-6-600x460.jpg 600w, https:\/\/www.valeriehenry.com\/en-mathilde-jonquiere\/wp-content\/uploads\/sites\/20\/2017\/10\/6-6.jpg 731w\" sizes=\"100vw, (min-width: 640px) 50vw, (min-width: 960px) 37vw, (min-width: 1200px) 25vw, (min-width: 1280px) 277px\" alt = \"The murals are a living d\u00e9cor, playing with champagne bubbles represented by circular gold tesserae floating over the seashells and shellfishes, images of sea life.\"><\/figure><\/a><\/div><div class=\"gallery-item uk-margin-bottom uk-width-1-2@s uk-width-1-3@l\"><a href=\"https:\/\/www.valeriehenry.com\/en-mathilde-jonquiere\/wp-content\/uploads\/sites\/20\/2017\/10\/5_1-3.jpg\" rel=\"gallery-1\"><figure class=\"uk-margin-small-bottom uk-cover-container uk-height-small uk-section-muted\"><img decoding=\"async\" uk-cover=\"\" src=\"https:\/\/www.valeriehenry.com\/en-mathilde-jonquiere\/wp-content\/uploads\/sites\/20\/2017\/10\/5_1-3-238x300.jpg\" srcset=\"https:\/\/www.valeriehenry.com\/en-mathilde-jonquiere\/wp-content\/uploads\/sites\/20\/2017\/10\/5_1-3-238x300.jpg 238w, https:\/\/www.valeriehenry.com\/en-mathilde-jonquiere\/wp-content\/uploads\/sites\/20\/2017\/10\/5_1-3.jpg 444w\" sizes=\"100vw, (min-width: 640px) 50vw, (min-width: 960px) 37vw, (min-width: 1200px) 25vw, (min-width: 1280px) 277px\" alt = \"Brasserie Wepler, Paris.\"><\/figure><\/a><\/div><\/div>\n","protected":false},"excerpt":{"rendered":"","protected":false},"author":1,"featured_media":0,"parent":203,"menu_order":6,"comment_status":"closed","ping_status":"closed","template":"","meta":{"_trash_the_other_posts":false,"footnotes":""},"class_list":["post-227","page","type-page","status-publish","hentry"],"yoast_head":"<!-- This site is optimized with the Yoast SEO plugin v23.7 - https:\/\/yoast.com\/wordpress\/plugins\/seo\/ -->\n<title>Mathilde Jonqui\u00e8re, mosaic, mural fresco for Brasserie Wepler, Paris<\/title>\n<meta name=\"description\" content=\"Mathilde Jonqui\u00e8re, artiste mosa\u00efste, creates mosaic fresco for restaurants in Paris\" \/>\n<meta name=\"robots\" content=\"index, follow, max-snippet:-1, max-image-preview:large, max-video-preview:-1\" \/>\n<link rel=\"canonical\" href=\"https:\/\/www.valeriehenry.com\/en-mathilde-jonquiere\/projects\/brasserie-wepler\/\" \/>\n<meta property=\"og:locale\" content=\"en_US\" \/>\n<meta property=\"og:type\" content=\"article\" \/>\n<meta property=\"og:title\" content=\"Mathilde Jonqui\u00e8re, mosaic, mural fresco for Brasserie Wepler, Paris\" \/>\n<meta property=\"og:description\" content=\"Mathilde Jonqui\u00e8re, artiste mosa\u00efste, creates mosaic fresco for restaurants in Paris\" \/>\n<meta property=\"og:url\" content=\"https:\/\/www.valeriehenry.com\/en-mathilde-jonquiere\/projects\/brasserie-wepler\/\" \/>\n<meta property=\"og:site_name\" content=\"Mathilde Jonqui\u00e8re\" \/>\n<meta property=\"article:modified_time\" content=\"2024-03-21T19:43:05+00:00\" \/>\n<meta property=\"og:image\" content=\"https:\/\/www.valeriehenry.com\/en-mathilde-jonquiere\/wp-content\/uploads\/sites\/20\/2017\/10\/5-10-300x200.jpg\" \/>\n<meta name=\"twitter:card\" content=\"summary_large_image\" \/>\n<meta name=\"twitter:label1\" content=\"Est. reading time\" \/>\n\t<meta name=\"twitter:data1\" content=\"1 minute\" \/>\n<script type=\"application\/ld+json\" class=\"yoast-schema-graph\">{\"@context\":\"https:\/\/schema.org\",\"@graph\":[{\"@type\":\"WebPage\",\"@id\":\"https:\/\/www.valeriehenry.com\/en-mathilde-jonquiere\/projects\/brasserie-wepler\/\",\"url\":\"https:\/\/www.valeriehenry.com\/en-mathilde-jonquiere\/projects\/brasserie-wepler\/\",\"name\":\"Mathilde Jonqui\u00e8re, mosaic, mural fresco for Brasserie Wepler, Paris\",\"isPartOf\":{\"@id\":\"https:\/\/www.valeriehenry.com\/en-mathilde-jonquiere\/#website\"},\"datePublished\":\"2017-10-12T09:58:51+00:00\",\"dateModified\":\"2024-03-21T19:43:05+00:00\",\"description\":\"Mathilde Jonqui\u00e8re, artiste mosa\u00efste, creates mosaic fresco for restaurants in Paris\",\"breadcrumb\":{\"@id\":\"https:\/\/www.valeriehenry.com\/en-mathilde-jonquiere\/projects\/brasserie-wepler\/#breadcrumb\"},\"inLanguage\":\"en-US\",\"potentialAction\":[{\"@type\":\"ReadAction\",\"target\":[\"https:\/\/www.valeriehenry.com\/en-mathilde-jonquiere\/projects\/brasserie-wepler\/\"]}]},{\"@type\":\"BreadcrumbList\",\"@id\":\"https:\/\/www.valeriehenry.com\/en-mathilde-jonquiere\/projects\/brasserie-wepler\/#breadcrumb\",\"itemListElement\":[{\"@type\":\"ListItem\",\"position\":1,\"name\":\"Mathilde Jonqui\u00e8re\",\"item\":\"https:\/\/www.valeriehenry.com\/en-mathilde-jonquiere\/\"},{\"@type\":\"ListItem\",\"position\":2,\"name\":\"projects\",\"item\":\"https:\/\/www.valeriehenry.com\/en-mathilde-jonquiere\/projects\/\"},{\"@type\":\"ListItem\",\"position\":3,\"name\":\"Brasserie Wepler\"}]},{\"@type\":\"WebSite\",\"@id\":\"https:\/\/www.valeriehenry.com\/en-mathilde-jonquiere\/#website\",\"url\":\"https:\/\/www.valeriehenry.com\/en-mathilde-jonquiere\/\",\"name\":\"Mathilde Jonqui\u00e8re\",\"description\":\"mosaic artist\",\"publisher\":{\"@id\":\"https:\/\/www.valeriehenry.com\/en-mathilde-jonquiere\/#organization\"},\"potentialAction\":[{\"@type\":\"SearchAction\",\"target\":{\"@type\":\"EntryPoint\",\"urlTemplate\":\"https:\/\/www.valeriehenry.com\/en-mathilde-jonquiere\/?s={search_term_string}\"},\"query-input\":{\"@type\":\"PropertyValueSpecification\",\"valueRequired\":true,\"valueName\":\"search_term_string\"}}],\"inLanguage\":\"en-US\"},{\"@type\":\"Organization\",\"@id\":\"https:\/\/www.valeriehenry.com\/en-mathilde-jonquiere\/#organization\",\"name\":\"Mathilde Jonqui\u00e8re\",\"url\":\"https:\/\/www.valeriehenry.com\/en-mathilde-jonquiere\/\",\"logo\":{\"@type\":\"ImageObject\",\"inLanguage\":\"en-US\",\"@id\":\"https:\/\/www.valeriehenry.com\/en-mathilde-jonquiere\/#\/schema\/logo\/image\/\",\"url\":\"https:\/\/www.valeriehenry.com\/en-mathilde-jonquiere\/wp-content\/uploads\/sites\/20\/2017\/10\/valerie_henry_logo.jpg\",\"contentUrl\":\"https:\/\/www.valeriehenry.com\/en-mathilde-jonquiere\/wp-content\/uploads\/sites\/20\/2017\/10\/valerie_henry_logo.jpg\",\"width\":165,\"height\":39,\"caption\":\"Mathilde Jonqui\u00e8re\"},\"image\":{\"@id\":\"https:\/\/www.valeriehenry.com\/en-mathilde-jonquiere\/#\/schema\/logo\/image\/\"}}]}<\/script>\n<!-- \/ Yoast SEO plugin. -->","yoast_head_json":{"title":"Mathilde Jonqui\u00e8re, mosaic, mural fresco for Brasserie Wepler, Paris","description":"Mathilde Jonqui\u00e8re, artiste mosa\u00efste, creates mosaic fresco for restaurants in Paris","robots":{"index":"index","follow":"follow","max-snippet":"max-snippet:-1","max-image-preview":"max-image-preview:large","max-video-preview":"max-video-preview:-1"},"canonical":"https:\/\/www.valeriehenry.com\/en-mathilde-jonquiere\/projects\/brasserie-wepler\/","og_locale":"en_US","og_type":"article","og_title":"Mathilde Jonqui\u00e8re, mosaic, mural fresco for Brasserie Wepler, Paris","og_description":"Mathilde Jonqui\u00e8re, artiste mosa\u00efste, creates mosaic fresco for restaurants in Paris","og_url":"https:\/\/www.valeriehenry.com\/en-mathilde-jonquiere\/projects\/brasserie-wepler\/","og_site_name":"Mathilde Jonqui\u00e8re","article_modified_time":"2024-03-21T19:43:05+00:00","og_image":[{"url":"https:\/\/www.valeriehenry.com\/en-mathilde-jonquiere\/wp-content\/uploads\/sites\/20\/2017\/10\/5-10-300x200.jpg"}],"twitter_card":"summary_large_image","twitter_misc":{"Est. reading time":"1 minute"},"schema":{"@context":"https:\/\/schema.org","@graph":[{"@type":"WebPage","@id":"https:\/\/www.valeriehenry.com\/en-mathilde-jonquiere\/projects\/brasserie-wepler\/","url":"https:\/\/www.valeriehenry.com\/en-mathilde-jonquiere\/projects\/brasserie-wepler\/","name":"Mathilde Jonqui\u00e8re, mosaic, mural fresco for Brasserie Wepler, Paris","isPartOf":{"@id":"https:\/\/www.valeriehenry.com\/en-mathilde-jonquiere\/#website"},"datePublished":"2017-10-12T09:58:51+00:00","dateModified":"2024-03-21T19:43:05+00:00","description":"Mathilde Jonqui\u00e8re, artiste mosa\u00efste, creates mosaic fresco for restaurants in Paris","breadcrumb":{"@id":"https:\/\/www.valeriehenry.com\/en-mathilde-jonquiere\/projects\/brasserie-wepler\/#breadcrumb"},"inLanguage":"en-US","potentialAction":[{"@type":"ReadAction","target":["https:\/\/www.valeriehenry.com\/en-mathilde-jonquiere\/projects\/brasserie-wepler\/"]}]},{"@type":"BreadcrumbList","@id":"https:\/\/www.valeriehenry.com\/en-mathilde-jonquiere\/projects\/brasserie-wepler\/#breadcrumb","itemListElement":[{"@type":"ListItem","position":1,"name":"Mathilde Jonqui\u00e8re","item":"https:\/\/www.valeriehenry.com\/en-mathilde-jonquiere\/"},{"@type":"ListItem","position":2,"name":"projects","item":"https:\/\/www.valeriehenry.com\/en-mathilde-jonquiere\/projects\/"},{"@type":"ListItem","position":3,"name":"Brasserie Wepler"}]},{"@type":"WebSite","@id":"https:\/\/www.valeriehenry.com\/en-mathilde-jonquiere\/#website","url":"https:\/\/www.valeriehenry.com\/en-mathilde-jonquiere\/","name":"Mathilde Jonqui\u00e8re","description":"mosaic artist","publisher":{"@id":"https:\/\/www.valeriehenry.com\/en-mathilde-jonquiere\/#organization"},"potentialAction":[{"@type":"SearchAction","target":{"@type":"EntryPoint","urlTemplate":"https:\/\/www.valeriehenry.com\/en-mathilde-jonquiere\/?s={search_term_string}"},"query-input":{"@type":"PropertyValueSpecification","valueRequired":true,"valueName":"search_term_string"}}],"inLanguage":"en-US"},{"@type":"Organization","@id":"https:\/\/www.valeriehenry.com\/en-mathilde-jonquiere\/#organization","name":"Mathilde Jonqui\u00e8re","url":"https:\/\/www.valeriehenry.com\/en-mathilde-jonquiere\/","logo":{"@type":"ImageObject","inLanguage":"en-US","@id":"https:\/\/www.valeriehenry.com\/en-mathilde-jonquiere\/#\/schema\/logo\/image\/","url":"https:\/\/www.valeriehenry.com\/en-mathilde-jonquiere\/wp-content\/uploads\/sites\/20\/2017\/10\/valerie_henry_logo.jpg","contentUrl":"https:\/\/www.valeriehenry.com\/en-mathilde-jonquiere\/wp-content\/uploads\/sites\/20\/2017\/10\/valerie_henry_logo.jpg","width":165,"height":39,"caption":"Mathilde Jonqui\u00e8re"},"image":{"@id":"https:\/\/www.valeriehenry.com\/en-mathilde-jonquiere\/#\/schema\/logo\/image\/"}}]}},"_links":{"self":[{"href":"https:\/\/www.valeriehenry.com\/en-mathilde-jonquiere\/wp-json\/wp\/v2\/pages\/227"}],"collection":[{"href":"https:\/\/www.valeriehenry.com\/en-mathilde-jonquiere\/wp-json\/wp\/v2\/pages"}],"about":[{"href":"https:\/\/www.valeriehenry.com\/en-mathilde-jonquiere\/wp-json\/wp\/v2\/types\/page"}],"author":[{"embeddable":true,"href":"https:\/\/www.valeriehenry.com\/en-mathilde-jonquiere\/wp-json\/wp\/v2\/users\/1"}],"replies":[{"embeddable":true,"href":"https:\/\/www.valeriehenry.com\/en-mathilde-jonquiere\/wp-json\/wp\/v2\/comments?post=227"}],"version-history":[{"count":3,"href":"https:\/\/www.valeriehenry.com\/en-mathilde-jonquiere\/wp-json\/wp\/v2\/pages\/227\/revisions"}],"predecessor-version":[{"id":403,"href":"https:\/\/www.valeriehenry.com\/en-mathilde-jonquiere\/wp-json\/wp\/v2\/pages\/227\/revisions\/403"}],"up":[{"embeddable":true,"href":"https:\/\/www.valeriehenry.com\/en-mathilde-jonquiere\/wp-json\/wp\/v2\/pages\/203"}],"wp:attachment":[{"href":"https:\/\/www.valeriehenry.com\/en-mathilde-jonquiere\/wp-json\/wp\/v2\/media?parent=227"}],"curies":[{"name":"wp","href":"https:\/\/api.w.org\/{rel}","templated":true}]}}