{"id":205,"date":"2017-10-12T11:58:51","date_gmt":"2017-10-12T09:58:51","guid":{"rendered":"https:\/\/www.valeriehenry.com\/mathilde-jonquiere\/?page_id=205"},"modified":"2025-07-02T13:06:12","modified_gmt":"2025-07-02T11:06:12","slug":"le-bon-marche","status":"publish","type":"page","link":"https:\/\/www.valeriehenry.com\/en-mathilde-jonquiere\/projects\/le-bon-marche\/","title":{"rendered":"Le Bon March\u00e9"},"content":{"rendered":"<div id=\"gallery-1\" class=\"uk-grid-medium uk-child-width-expand@s\" uk-grid uk-height-match=\"target: > article; row: false\"><div class=\"gallery-item uk-margin-bottom uk-width-1-2@s uk-width-1-3@l\"><a href=\"https:\/\/www.valeriehenry.com\/en-mathilde-jonquiere\/wp-content\/uploads\/sites\/20\/2017\/10\/12-5.jpg\" rel=\"gallery-1\"><figure class=\"uk-margin-small-bottom uk-cover-container uk-height-small uk-section-muted\"><img decoding=\"async\" uk-cover=\"\" src=\"https:\/\/www.valeriehenry.com\/en-mathilde-jonquiere\/wp-content\/uploads\/sites\/20\/2017\/10\/12-5-300x195.jpg\" srcset=\"https:\/\/www.valeriehenry.com\/en-mathilde-jonquiere\/wp-content\/uploads\/sites\/20\/2017\/10\/12-5-300x195.jpg 300w, https:\/\/www.valeriehenry.com\/en-mathilde-jonquiere\/wp-content\/uploads\/sites\/20\/2017\/10\/12-5-600x389.jpg 600w, https:\/\/www.valeriehenry.com\/en-mathilde-jonquiere\/wp-content\/uploads\/sites\/20\/2017\/10\/12-5-768x498.jpg 768w, https:\/\/www.valeriehenry.com\/en-mathilde-jonquiere\/wp-content\/uploads\/sites\/20\/2017\/10\/12-5.jpg 863w\" sizes=\"100vw, (min-width: 640px) 50vw, (min-width: 960px) 37vw, (min-width: 1200px) 25vw, (min-width: 1280px) 277px\" alt = \"As part of the refurbishment works of the Grande Epicerie de Paris Rive Gauche, the Bon March\u00e9 architects entrusted Mathilde Jonqui\u00e8re with the creation of 9 mosaic murals for the different spaces in the market square: the Fish, the Truffle, the Iberian, the Bakery, the Chocolate, the Pastry, the Cheese, the Italian and the Luxury sections.\"><\/figure><\/a><\/div><div class=\"gallery-item uk-margin-bottom uk-width-1-2@s uk-width-1-3@l\"><a href=\"https:\/\/www.valeriehenry.com\/en-mathilde-jonquiere\/wp-content\/uploads\/sites\/20\/2017\/10\/6-4.jpg\" rel=\"gallery-1\"><figure class=\"uk-margin-small-bottom uk-cover-container uk-height-small uk-section-muted\"><img decoding=\"async\" uk-cover=\"\" src=\"https:\/\/www.valeriehenry.com\/en-mathilde-jonquiere\/wp-content\/uploads\/sites\/20\/2017\/10\/6-4-300x201.jpg\" srcset=\"https:\/\/www.valeriehenry.com\/en-mathilde-jonquiere\/wp-content\/uploads\/sites\/20\/2017\/10\/6-4-300x201.jpg 300w, https:\/\/www.valeriehenry.com\/en-mathilde-jonquiere\/wp-content\/uploads\/sites\/20\/2017\/10\/6-4-600x403.jpg 600w, https:\/\/www.valeriehenry.com\/en-mathilde-jonquiere\/wp-content\/uploads\/sites\/20\/2017\/10\/6-4-768x516.jpg 768w, https:\/\/www.valeriehenry.com\/en-mathilde-jonquiere\/wp-content\/uploads\/sites\/20\/2017\/10\/6-4.jpg 834w\" sizes=\"100vw, (min-width: 640px) 50vw, (min-width: 960px) 37vw, (min-width: 1200px) 25vw, (min-width: 1280px) 277px\" alt = \"The challenge was to link the spaces together by using a common motif: tracing circles made up of tone-on-tone coloured tesserae that represented the products on display.\"><\/figure><\/a><\/div><div class=\"gallery-item uk-margin-bottom uk-width-1-2@s uk-width-1-3@l\"><a href=\"https:\/\/www.valeriehenry.com\/en-mathilde-jonquiere\/wp-content\/uploads\/sites\/20\/2017\/10\/10-6.jpg\" rel=\"gallery-1\"><figure class=\"uk-margin-small-bottom uk-cover-container uk-height-small uk-section-muted\"><img decoding=\"async\" uk-cover=\"\" src=\"https:\/\/www.valeriehenry.com\/en-mathilde-jonquiere\/wp-content\/uploads\/sites\/20\/2017\/10\/10-6-300x199.jpg\" srcset=\"https:\/\/www.valeriehenry.com\/en-mathilde-jonquiere\/wp-content\/uploads\/sites\/20\/2017\/10\/10-6-300x199.jpg 300w, https:\/\/www.valeriehenry.com\/en-mathilde-jonquiere\/wp-content\/uploads\/sites\/20\/2017\/10\/10-6-600x398.jpg 600w, https:\/\/www.valeriehenry.com\/en-mathilde-jonquiere\/wp-content\/uploads\/sites\/20\/2017\/10\/10-6-768x510.jpg 768w, https:\/\/www.valeriehenry.com\/en-mathilde-jonquiere\/wp-content\/uploads\/sites\/20\/2017\/10\/10-6.jpg 844w\" sizes=\"100vw, (min-width: 640px) 50vw, (min-width: 960px) 37vw, (min-width: 1200px) 25vw, (min-width: 1280px) 277px\" alt = \"The Fish section, spread over three pans, covers a surface of 20 sq. m. and forms a monumental mosaic.\"><\/figure><\/a><\/div><div class=\"gallery-item uk-margin-bottom uk-width-1-2@s uk-width-1-3@l\"><a href=\"https:\/\/www.valeriehenry.com\/en-mathilde-jonquiere\/wp-content\/uploads\/sites\/20\/2017\/10\/5-8.jpg\" rel=\"gallery-1\"><figure class=\"uk-margin-small-bottom uk-cover-container uk-height-small uk-section-muted\"><img decoding=\"async\" uk-cover=\"\" src=\"https:\/\/www.valeriehenry.com\/en-mathilde-jonquiere\/wp-content\/uploads\/sites\/20\/2017\/10\/5-8-300x201.jpg\" srcset=\"https:\/\/www.valeriehenry.com\/en-mathilde-jonquiere\/wp-content\/uploads\/sites\/20\/2017\/10\/5-8-300x201.jpg 300w, https:\/\/www.valeriehenry.com\/en-mathilde-jonquiere\/wp-content\/uploads\/sites\/20\/2017\/10\/5-8-600x401.jpg 600w, https:\/\/www.valeriehenry.com\/en-mathilde-jonquiere\/wp-content\/uploads\/sites\/20\/2017\/10\/5-8-768x514.jpg 768w, https:\/\/www.valeriehenry.com\/en-mathilde-jonquiere\/wp-content\/uploads\/sites\/20\/2017\/10\/5-8.jpg 837w\" sizes=\"100vw, (min-width: 640px) 50vw, (min-width: 960px) 37vw, (min-width: 1200px) 25vw, (min-width: 1280px) 277px\" alt = \"It is highlighted by the light reflecting on each of its 120 shimmering scales, laid out in opposite directions, thus symbolising the movement of the sea.\"><\/figure><\/a><\/div><div class=\"gallery-item uk-margin-bottom uk-width-1-2@s uk-width-1-3@l\"><a href=\"https:\/\/www.valeriehenry.com\/en-mathilde-jonquiere\/wp-content\/uploads\/sites\/20\/2017\/10\/9-4.jpg\" rel=\"gallery-1\"><figure class=\"uk-margin-small-bottom uk-cover-container uk-height-small uk-section-muted\"><img decoding=\"async\" uk-cover=\"\" src=\"https:\/\/www.valeriehenry.com\/en-mathilde-jonquiere\/wp-content\/uploads\/sites\/20\/2017\/10\/9-4-300x185.jpg\" srcset=\"https:\/\/www.valeriehenry.com\/en-mathilde-jonquiere\/wp-content\/uploads\/sites\/20\/2017\/10\/9-4-300x185.jpg 300w, https:\/\/www.valeriehenry.com\/en-mathilde-jonquiere\/wp-content\/uploads\/sites\/20\/2017\/10\/9-4-600x370.jpg 600w, https:\/\/www.valeriehenry.com\/en-mathilde-jonquiere\/wp-content\/uploads\/sites\/20\/2017\/10\/9-4-768x474.jpg 768w, https:\/\/www.valeriehenry.com\/en-mathilde-jonquiere\/wp-content\/uploads\/sites\/20\/2017\/10\/9-4.jpg 908w\" sizes=\"100vw, (min-width: 640px) 50vw, (min-width: 960px) 37vw, (min-width: 1200px) 25vw, (min-width: 1280px) 277px\" alt = \"Le Bon March\u00e9 &#8211; The Bakery.\"><\/figure><\/a><\/div><div class=\"gallery-item uk-margin-bottom uk-width-1-2@s uk-width-1-3@l\"><a href=\"https:\/\/www.valeriehenry.com\/en-mathilde-jonquiere\/wp-content\/uploads\/sites\/20\/2017\/10\/10_0-1.jpg\" rel=\"gallery-1\"><figure class=\"uk-margin-small-bottom uk-cover-container uk-height-small uk-section-muted\"><img decoding=\"async\" uk-cover=\"\" src=\"https:\/\/www.valeriehenry.com\/en-mathilde-jonquiere\/wp-content\/uploads\/sites\/20\/2017\/10\/10_0-1-300x200.jpg\" srcset=\"https:\/\/www.valeriehenry.com\/en-mathilde-jonquiere\/wp-content\/uploads\/sites\/20\/2017\/10\/10_0-1-300x200.jpg 300w, https:\/\/www.valeriehenry.com\/en-mathilde-jonquiere\/wp-content\/uploads\/sites\/20\/2017\/10\/10_0-1-600x400.jpg 600w, https:\/\/www.valeriehenry.com\/en-mathilde-jonquiere\/wp-content\/uploads\/sites\/20\/2017\/10\/10_0-1-768x513.jpg 768w, https:\/\/www.valeriehenry.com\/en-mathilde-jonquiere\/wp-content\/uploads\/sites\/20\/2017\/10\/10_0-1.jpg 839w\" sizes=\"100vw, (min-width: 640px) 50vw, (min-width: 960px) 37vw, (min-width: 1200px) 25vw, (min-width: 1280px) 277px\" alt = \"Le Bon March\u00e9 &#8211; The Bakery.\"><\/figure><\/a><\/div><div class=\"gallery-item uk-margin-bottom uk-width-1-2@s uk-width-1-3@l\"><a href=\"https:\/\/www.valeriehenry.com\/en-mathilde-jonquiere\/wp-content\/uploads\/sites\/20\/2017\/10\/16-1.jpg\" rel=\"gallery-1\"><figure class=\"uk-margin-small-bottom uk-cover-container uk-height-small uk-section-muted\"><img decoding=\"async\" uk-cover=\"\" src=\"https:\/\/www.valeriehenry.com\/en-mathilde-jonquiere\/wp-content\/uploads\/sites\/20\/2017\/10\/16-1-300x192.jpg\" srcset=\"https:\/\/www.valeriehenry.com\/en-mathilde-jonquiere\/wp-content\/uploads\/sites\/20\/2017\/10\/16-1-300x192.jpg 300w, https:\/\/www.valeriehenry.com\/en-mathilde-jonquiere\/wp-content\/uploads\/sites\/20\/2017\/10\/16-1-600x384.jpg 600w, https:\/\/www.valeriehenry.com\/en-mathilde-jonquiere\/wp-content\/uploads\/sites\/20\/2017\/10\/16-1-768x492.jpg 768w, https:\/\/www.valeriehenry.com\/en-mathilde-jonquiere\/wp-content\/uploads\/sites\/20\/2017\/10\/16-1.jpg 874w\" sizes=\"100vw, (min-width: 640px) 50vw, (min-width: 960px) 37vw, (min-width: 1200px) 25vw, (min-width: 1280px) 277px\" alt = \"Le Bon March\u00e9 &#8211; Truffle.\"><\/figure><\/a><\/div><div class=\"gallery-item uk-margin-bottom uk-width-1-2@s uk-width-1-3@l\"><a href=\"https:\/\/www.valeriehenry.com\/en-mathilde-jonquiere\/wp-content\/uploads\/sites\/20\/2017\/10\/7-5.jpg\" rel=\"gallery-1\"><figure class=\"uk-margin-small-bottom uk-cover-container uk-height-small uk-section-muted\"><img decoding=\"async\" uk-cover=\"\" src=\"https:\/\/www.valeriehenry.com\/en-mathilde-jonquiere\/wp-content\/uploads\/sites\/20\/2017\/10\/7-5-300x201.jpg\" srcset=\"https:\/\/www.valeriehenry.com\/en-mathilde-jonquiere\/wp-content\/uploads\/sites\/20\/2017\/10\/7-5-300x201.jpg 300w, https:\/\/www.valeriehenry.com\/en-mathilde-jonquiere\/wp-content\/uploads\/sites\/20\/2017\/10\/7-5-600x401.jpg 600w, https:\/\/www.valeriehenry.com\/en-mathilde-jonquiere\/wp-content\/uploads\/sites\/20\/2017\/10\/7-5-768x514.jpg 768w, https:\/\/www.valeriehenry.com\/en-mathilde-jonquiere\/wp-content\/uploads\/sites\/20\/2017\/10\/7-5-1024x685.jpg 1024w\" sizes=\"100vw, (min-width: 640px) 50vw, (min-width: 960px) 37vw, (min-width: 1200px) 25vw, (min-width: 1280px) 277px\" alt = \"Le Bon March\u00e9 &#8211; Truffle.\"><\/figure><\/a><\/div><div class=\"gallery-item uk-margin-bottom uk-width-1-2@s uk-width-1-3@l\"><a href=\"https:\/\/www.valeriehenry.com\/en-mathilde-jonquiere\/wp-content\/uploads\/sites\/20\/2017\/10\/14-1.jpg\" rel=\"gallery-1\"><figure class=\"uk-margin-small-bottom uk-cover-container uk-height-small uk-section-muted\"><img decoding=\"async\" uk-cover=\"\" src=\"https:\/\/www.valeriehenry.com\/en-mathilde-jonquiere\/wp-content\/uploads\/sites\/20\/2017\/10\/14-1-300x175.jpg\" srcset=\"https:\/\/www.valeriehenry.com\/en-mathilde-jonquiere\/wp-content\/uploads\/sites\/20\/2017\/10\/14-1-300x175.jpg 300w, https:\/\/www.valeriehenry.com\/en-mathilde-jonquiere\/wp-content\/uploads\/sites\/20\/2017\/10\/14-1-600x350.jpg 600w, https:\/\/www.valeriehenry.com\/en-mathilde-jonquiere\/wp-content\/uploads\/sites\/20\/2017\/10\/14-1-768x448.jpg 768w, https:\/\/www.valeriehenry.com\/en-mathilde-jonquiere\/wp-content\/uploads\/sites\/20\/2017\/10\/14-1.jpg 959w\" sizes=\"100vw, (min-width: 640px) 50vw, (min-width: 960px) 37vw, (min-width: 1200px) 25vw, (min-width: 1280px) 277px\" alt = \"Le Bon March\u00e9 &#8211; The Cheese.\"><\/figure><\/a><\/div><div class=\"gallery-item uk-margin-bottom uk-width-1-2@s uk-width-1-3@l\"><a href=\"https:\/\/www.valeriehenry.com\/en-mathilde-jonquiere\/wp-content\/uploads\/sites\/20\/2017\/10\/9_0-1.jpg\" rel=\"gallery-1\"><figure class=\"uk-margin-small-bottom uk-cover-container uk-height-small uk-section-muted\"><img decoding=\"async\" uk-cover=\"\" src=\"https:\/\/www.valeriehenry.com\/en-mathilde-jonquiere\/wp-content\/uploads\/sites\/20\/2017\/10\/9_0-1-300x200.jpg\" srcset=\"https:\/\/www.valeriehenry.com\/en-mathilde-jonquiere\/wp-content\/uploads\/sites\/20\/2017\/10\/9_0-1-300x200.jpg 300w, https:\/\/www.valeriehenry.com\/en-mathilde-jonquiere\/wp-content\/uploads\/sites\/20\/2017\/10\/9_0-1-600x401.jpg 600w, https:\/\/www.valeriehenry.com\/en-mathilde-jonquiere\/wp-content\/uploads\/sites\/20\/2017\/10\/9_0-1-768x513.jpg 768w, https:\/\/www.valeriehenry.com\/en-mathilde-jonquiere\/wp-content\/uploads\/sites\/20\/2017\/10\/9_0-1-1024x684.jpg 1024w\" sizes=\"100vw, (min-width: 640px) 50vw, (min-width: 960px) 37vw, (min-width: 1200px) 25vw, (min-width: 1280px) 277px\" alt = \"Le Bon March\u00e9 &#8211; The Cheese.\"><\/figure><\/a><\/div><div class=\"gallery-item uk-margin-bottom uk-width-1-2@s uk-width-1-3@l\"><a href=\"https:\/\/www.valeriehenry.com\/en-mathilde-jonquiere\/wp-content\/uploads\/sites\/20\/2017\/10\/20-1.jpg\" rel=\"gallery-1\"><figure class=\"uk-margin-small-bottom uk-cover-container uk-height-small uk-section-muted\"><img decoding=\"async\" uk-cover=\"\" src=\"https:\/\/www.valeriehenry.com\/en-mathilde-jonquiere\/wp-content\/uploads\/sites\/20\/2017\/10\/20-1-300x184.jpg\" srcset=\"https:\/\/www.valeriehenry.com\/en-mathilde-jonquiere\/wp-content\/uploads\/sites\/20\/2017\/10\/20-1-300x184.jpg 300w, https:\/\/www.valeriehenry.com\/en-mathilde-jonquiere\/wp-content\/uploads\/sites\/20\/2017\/10\/20-1-600x367.jpg 600w, https:\/\/www.valeriehenry.com\/en-mathilde-jonquiere\/wp-content\/uploads\/sites\/20\/2017\/10\/20-1-768x470.jpg 768w, https:\/\/www.valeriehenry.com\/en-mathilde-jonquiere\/wp-content\/uploads\/sites\/20\/2017\/10\/20-1-1024x627.jpg 1024w, https:\/\/www.valeriehenry.com\/en-mathilde-jonquiere\/wp-content\/uploads\/sites\/20\/2017\/10\/20-1.jpg 1662w\" sizes=\"100vw, (min-width: 640px) 50vw, (min-width: 960px) 37vw, (min-width: 1200px) 25vw, (min-width: 1280px) 277px\" alt = \"Le Bon March\u00e9 &#8211; The Fish.\"><\/figure><\/a><\/div><div class=\"gallery-item uk-margin-bottom uk-width-1-2@s uk-width-1-3@l\"><a href=\"https:\/\/www.valeriehenry.com\/en-mathilde-jonquiere\/wp-content\/uploads\/sites\/20\/2017\/10\/8-6.jpg\" rel=\"gallery-1\"><figure class=\"uk-margin-small-bottom uk-cover-container uk-height-small uk-section-muted\"><img decoding=\"async\" uk-cover=\"\" src=\"https:\/\/www.valeriehenry.com\/en-mathilde-jonquiere\/wp-content\/uploads\/sites\/20\/2017\/10\/8-6-300x200.jpg\" srcset=\"https:\/\/www.valeriehenry.com\/en-mathilde-jonquiere\/wp-content\/uploads\/sites\/20\/2017\/10\/8-6-300x200.jpg 300w, https:\/\/www.valeriehenry.com\/en-mathilde-jonquiere\/wp-content\/uploads\/sites\/20\/2017\/10\/8-6-600x400.jpg 600w, https:\/\/www.valeriehenry.com\/en-mathilde-jonquiere\/wp-content\/uploads\/sites\/20\/2017\/10\/8-6-768x512.jpg 768w, https:\/\/www.valeriehenry.com\/en-mathilde-jonquiere\/wp-content\/uploads\/sites\/20\/2017\/10\/8-6.jpg 840w\" sizes=\"100vw, (min-width: 640px) 50vw, (min-width: 960px) 37vw, (min-width: 1200px) 25vw, (min-width: 1280px) 277px\" alt = \"Le Bon March\u00e9 &#8211; The Fish.\"><\/figure><\/a><\/div><\/div>\n","protected":false},"excerpt":{"rendered":"","protected":false},"author":1,"featured_media":0,"parent":203,"menu_order":4,"comment_status":"closed","ping_status":"closed","template":"","meta":{"_trash_the_other_posts":false,"footnotes":""},"class_list":["post-205","page","type-page","status-publish","hentry"],"yoast_head":"<!-- This site is optimized with the Yoast SEO plugin v23.7 - https:\/\/yoast.com\/wordpress\/plugins\/seo\/ -->\n<title>Mathilde Jonqui\u00e8re, mosaic, mural fresco Bon March\u00e9 Paris<\/title>\n<meta name=\"description\" content=\"Mathilde Jonqui\u00e8re, mosaic artist, creates mural fresco for the Bon March\u00e9\" \/>\n<meta name=\"robots\" content=\"index, follow, max-snippet:-1, max-image-preview:large, max-video-preview:-1\" \/>\n<link rel=\"canonical\" href=\"https:\/\/www.valeriehenry.com\/en-mathilde-jonquiere\/projects\/le-bon-marche\/\" \/>\n<meta property=\"og:locale\" content=\"en_US\" \/>\n<meta property=\"og:type\" content=\"article\" \/>\n<meta property=\"og:title\" content=\"Mathilde Jonqui\u00e8re, mosaic, mural fresco Bon March\u00e9 Paris\" \/>\n<meta property=\"og:description\" content=\"Mathilde Jonqui\u00e8re, mosaic artist, creates mural fresco for the Bon March\u00e9\" \/>\n<meta property=\"og:url\" content=\"https:\/\/www.valeriehenry.com\/en-mathilde-jonquiere\/projects\/le-bon-marche\/\" \/>\n<meta property=\"og:site_name\" content=\"Mathilde Jonqui\u00e8re\" \/>\n<meta property=\"article:modified_time\" content=\"2025-07-02T11:06:12+00:00\" \/>\n<meta property=\"og:image\" content=\"https:\/\/www.valeriehenry.com\/en-mathilde-jonquiere\/wp-content\/uploads\/sites\/20\/2017\/10\/12-5-300x195.jpg\" \/>\n<meta name=\"twitter:card\" content=\"summary_large_image\" \/>\n<meta name=\"twitter:label1\" content=\"Est. reading time\" \/>\n\t<meta name=\"twitter:data1\" content=\"1 minute\" \/>\n<script type=\"application\/ld+json\" class=\"yoast-schema-graph\">{\"@context\":\"https:\/\/schema.org\",\"@graph\":[{\"@type\":\"WebPage\",\"@id\":\"https:\/\/www.valeriehenry.com\/en-mathilde-jonquiere\/projects\/le-bon-marche\/\",\"url\":\"https:\/\/www.valeriehenry.com\/en-mathilde-jonquiere\/projects\/le-bon-marche\/\",\"name\":\"Mathilde Jonqui\u00e8re, mosaic, mural fresco Bon March\u00e9 Paris\",\"isPartOf\":{\"@id\":\"https:\/\/www.valeriehenry.com\/en-mathilde-jonquiere\/#website\"},\"datePublished\":\"2017-10-12T09:58:51+00:00\",\"dateModified\":\"2025-07-02T11:06:12+00:00\",\"description\":\"Mathilde Jonqui\u00e8re, mosaic artist, creates mural fresco for the Bon March\u00e9\",\"breadcrumb\":{\"@id\":\"https:\/\/www.valeriehenry.com\/en-mathilde-jonquiere\/projects\/le-bon-marche\/#breadcrumb\"},\"inLanguage\":\"en-US\",\"potentialAction\":[{\"@type\":\"ReadAction\",\"target\":[\"https:\/\/www.valeriehenry.com\/en-mathilde-jonquiere\/projects\/le-bon-marche\/\"]}]},{\"@type\":\"BreadcrumbList\",\"@id\":\"https:\/\/www.valeriehenry.com\/en-mathilde-jonquiere\/projects\/le-bon-marche\/#breadcrumb\",\"itemListElement\":[{\"@type\":\"ListItem\",\"position\":1,\"name\":\"Mathilde Jonqui\u00e8re\",\"item\":\"https:\/\/www.valeriehenry.com\/en-mathilde-jonquiere\/\"},{\"@type\":\"ListItem\",\"position\":2,\"name\":\"projects\",\"item\":\"https:\/\/www.valeriehenry.com\/en-mathilde-jonquiere\/projects\/\"},{\"@type\":\"ListItem\",\"position\":3,\"name\":\"Le Bon March\u00e9\"}]},{\"@type\":\"WebSite\",\"@id\":\"https:\/\/www.valeriehenry.com\/en-mathilde-jonquiere\/#website\",\"url\":\"https:\/\/www.valeriehenry.com\/en-mathilde-jonquiere\/\",\"name\":\"Mathilde Jonqui\u00e8re\",\"description\":\"mosaic artist\",\"publisher\":{\"@id\":\"https:\/\/www.valeriehenry.com\/en-mathilde-jonquiere\/#organization\"},\"potentialAction\":[{\"@type\":\"SearchAction\",\"target\":{\"@type\":\"EntryPoint\",\"urlTemplate\":\"https:\/\/www.valeriehenry.com\/en-mathilde-jonquiere\/?s={search_term_string}\"},\"query-input\":{\"@type\":\"PropertyValueSpecification\",\"valueRequired\":true,\"valueName\":\"search_term_string\"}}],\"inLanguage\":\"en-US\"},{\"@type\":\"Organization\",\"@id\":\"https:\/\/www.valeriehenry.com\/en-mathilde-jonquiere\/#organization\",\"name\":\"Mathilde Jonqui\u00e8re\",\"url\":\"https:\/\/www.valeriehenry.com\/en-mathilde-jonquiere\/\",\"logo\":{\"@type\":\"ImageObject\",\"inLanguage\":\"en-US\",\"@id\":\"https:\/\/www.valeriehenry.com\/en-mathilde-jonquiere\/#\/schema\/logo\/image\/\",\"url\":\"https:\/\/www.valeriehenry.com\/en-mathilde-jonquiere\/wp-content\/uploads\/sites\/20\/2017\/10\/valerie_henry_logo.jpg\",\"contentUrl\":\"https:\/\/www.valeriehenry.com\/en-mathilde-jonquiere\/wp-content\/uploads\/sites\/20\/2017\/10\/valerie_henry_logo.jpg\",\"width\":165,\"height\":39,\"caption\":\"Mathilde Jonqui\u00e8re\"},\"image\":{\"@id\":\"https:\/\/www.valeriehenry.com\/en-mathilde-jonquiere\/#\/schema\/logo\/image\/\"}}]}<\/script>\n<!-- \/ Yoast SEO plugin. -->","yoast_head_json":{"title":"Mathilde Jonqui\u00e8re, mosaic, mural fresco Bon March\u00e9 Paris","description":"Mathilde Jonqui\u00e8re, mosaic artist, creates mural fresco for the Bon March\u00e9","robots":{"index":"index","follow":"follow","max-snippet":"max-snippet:-1","max-image-preview":"max-image-preview:large","max-video-preview":"max-video-preview:-1"},"canonical":"https:\/\/www.valeriehenry.com\/en-mathilde-jonquiere\/projects\/le-bon-marche\/","og_locale":"en_US","og_type":"article","og_title":"Mathilde Jonqui\u00e8re, mosaic, mural fresco Bon March\u00e9 Paris","og_description":"Mathilde Jonqui\u00e8re, mosaic artist, creates mural fresco for the Bon March\u00e9","og_url":"https:\/\/www.valeriehenry.com\/en-mathilde-jonquiere\/projects\/le-bon-marche\/","og_site_name":"Mathilde Jonqui\u00e8re","article_modified_time":"2025-07-02T11:06:12+00:00","og_image":[{"url":"https:\/\/www.valeriehenry.com\/en-mathilde-jonquiere\/wp-content\/uploads\/sites\/20\/2017\/10\/12-5-300x195.jpg"}],"twitter_card":"summary_large_image","twitter_misc":{"Est. reading time":"1 minute"},"schema":{"@context":"https:\/\/schema.org","@graph":[{"@type":"WebPage","@id":"https:\/\/www.valeriehenry.com\/en-mathilde-jonquiere\/projects\/le-bon-marche\/","url":"https:\/\/www.valeriehenry.com\/en-mathilde-jonquiere\/projects\/le-bon-marche\/","name":"Mathilde Jonqui\u00e8re, mosaic, mural fresco Bon March\u00e9 Paris","isPartOf":{"@id":"https:\/\/www.valeriehenry.com\/en-mathilde-jonquiere\/#website"},"datePublished":"2017-10-12T09:58:51+00:00","dateModified":"2025-07-02T11:06:12+00:00","description":"Mathilde Jonqui\u00e8re, mosaic artist, creates mural fresco for the Bon March\u00e9","breadcrumb":{"@id":"https:\/\/www.valeriehenry.com\/en-mathilde-jonquiere\/projects\/le-bon-marche\/#breadcrumb"},"inLanguage":"en-US","potentialAction":[{"@type":"ReadAction","target":["https:\/\/www.valeriehenry.com\/en-mathilde-jonquiere\/projects\/le-bon-marche\/"]}]},{"@type":"BreadcrumbList","@id":"https:\/\/www.valeriehenry.com\/en-mathilde-jonquiere\/projects\/le-bon-marche\/#breadcrumb","itemListElement":[{"@type":"ListItem","position":1,"name":"Mathilde Jonqui\u00e8re","item":"https:\/\/www.valeriehenry.com\/en-mathilde-jonquiere\/"},{"@type":"ListItem","position":2,"name":"projects","item":"https:\/\/www.valeriehenry.com\/en-mathilde-jonquiere\/projects\/"},{"@type":"ListItem","position":3,"name":"Le Bon March\u00e9"}]},{"@type":"WebSite","@id":"https:\/\/www.valeriehenry.com\/en-mathilde-jonquiere\/#website","url":"https:\/\/www.valeriehenry.com\/en-mathilde-jonquiere\/","name":"Mathilde Jonqui\u00e8re","description":"mosaic artist","publisher":{"@id":"https:\/\/www.valeriehenry.com\/en-mathilde-jonquiere\/#organization"},"potentialAction":[{"@type":"SearchAction","target":{"@type":"EntryPoint","urlTemplate":"https:\/\/www.valeriehenry.com\/en-mathilde-jonquiere\/?s={search_term_string}"},"query-input":{"@type":"PropertyValueSpecification","valueRequired":true,"valueName":"search_term_string"}}],"inLanguage":"en-US"},{"@type":"Organization","@id":"https:\/\/www.valeriehenry.com\/en-mathilde-jonquiere\/#organization","name":"Mathilde Jonqui\u00e8re","url":"https:\/\/www.valeriehenry.com\/en-mathilde-jonquiere\/","logo":{"@type":"ImageObject","inLanguage":"en-US","@id":"https:\/\/www.valeriehenry.com\/en-mathilde-jonquiere\/#\/schema\/logo\/image\/","url":"https:\/\/www.valeriehenry.com\/en-mathilde-jonquiere\/wp-content\/uploads\/sites\/20\/2017\/10\/valerie_henry_logo.jpg","contentUrl":"https:\/\/www.valeriehenry.com\/en-mathilde-jonquiere\/wp-content\/uploads\/sites\/20\/2017\/10\/valerie_henry_logo.jpg","width":165,"height":39,"caption":"Mathilde Jonqui\u00e8re"},"image":{"@id":"https:\/\/www.valeriehenry.com\/en-mathilde-jonquiere\/#\/schema\/logo\/image\/"}}]}},"_links":{"self":[{"href":"https:\/\/www.valeriehenry.com\/en-mathilde-jonquiere\/wp-json\/wp\/v2\/pages\/205"}],"collection":[{"href":"https:\/\/www.valeriehenry.com\/en-mathilde-jonquiere\/wp-json\/wp\/v2\/pages"}],"about":[{"href":"https:\/\/www.valeriehenry.com\/en-mathilde-jonquiere\/wp-json\/wp\/v2\/types\/page"}],"author":[{"embeddable":true,"href":"https:\/\/www.valeriehenry.com\/en-mathilde-jonquiere\/wp-json\/wp\/v2\/users\/1"}],"replies":[{"embeddable":true,"href":"https:\/\/www.valeriehenry.com\/en-mathilde-jonquiere\/wp-json\/wp\/v2\/comments?post=205"}],"version-history":[{"count":4,"href":"https:\/\/www.valeriehenry.com\/en-mathilde-jonquiere\/wp-json\/wp\/v2\/pages\/205\/revisions"}],"predecessor-version":[{"id":1082,"href":"https:\/\/www.valeriehenry.com\/en-mathilde-jonquiere\/wp-json\/wp\/v2\/pages\/205\/revisions\/1082"}],"up":[{"embeddable":true,"href":"https:\/\/www.valeriehenry.com\/en-mathilde-jonquiere\/wp-json\/wp\/v2\/pages\/203"}],"wp:attachment":[{"href":"https:\/\/www.valeriehenry.com\/en-mathilde-jonquiere\/wp-json\/wp\/v2\/media?parent=205"}],"curies":[{"name":"wp","href":"https:\/\/api.w.org\/{rel}","templated":true}]}}