{"id":1078,"date":"2025-07-02T13:02:50","date_gmt":"2025-07-02T11:02:50","guid":{"rendered":"https:\/\/www.valeriehenry.com\/en-mathilde-jonquiere\/?page_id=1078"},"modified":"2025-07-16T15:50:43","modified_gmt":"2025-07-16T13:50:43","slug":"private-residence","status":"publish","type":"page","link":"https:\/\/www.valeriehenry.com\/en-mathilde-jonquiere\/projects\/private-residence\/","title":{"rendered":"Private residences"},"content":{"rendered":"<div id=\"gallery-1\" class=\"uk-grid-medium uk-child-width-expand@s\" uk-grid uk-height-match=\"target: > article; row: false\"><div class=\"gallery-item uk-margin-bottom uk-width-1-2@s uk-width-1-3@l\"><a href=\"https:\/\/www.valeriehenry.com\/en-mathilde-jonquiere\/wp-content\/uploads\/sites\/20\/2021\/04\/pour-book-V2-MEDUSES-ET-OISEAUX_Fresque-echelle-1-10.jpg\" rel=\"gallery-1\"><figure class=\"uk-margin-small-bottom uk-cover-container uk-height-small uk-section-muted\"><img decoding=\"async\" uk-cover=\"\" src=\"https:\/\/www.valeriehenry.com\/en-mathilde-jonquiere\/wp-content\/uploads\/sites\/20\/2021\/04\/pour-book-V2-MEDUSES-ET-OISEAUX_Fresque-echelle-1-10-300x196.jpg\" srcset=\"https:\/\/www.valeriehenry.com\/en-mathilde-jonquiere\/wp-content\/uploads\/sites\/20\/2021\/04\/pour-book-V2-MEDUSES-ET-OISEAUX_Fresque-echelle-1-10-300x196.jpg 300w, https:\/\/www.valeriehenry.com\/en-mathilde-jonquiere\/wp-content\/uploads\/sites\/20\/2021\/04\/pour-book-V2-MEDUSES-ET-OISEAUX_Fresque-echelle-1-10-600x393.jpg 600w, https:\/\/www.valeriehenry.com\/en-mathilde-jonquiere\/wp-content\/uploads\/sites\/20\/2021\/04\/pour-book-V2-MEDUSES-ET-OISEAUX_Fresque-echelle-1-10-768x502.jpg 768w, https:\/\/www.valeriehenry.com\/en-mathilde-jonquiere\/wp-content\/uploads\/sites\/20\/2021\/04\/pour-book-V2-MEDUSES-ET-OISEAUX_Fresque-echelle-1-10-1024x670.jpg 1024w, https:\/\/www.valeriehenry.com\/en-mathilde-jonquiere\/wp-content\/uploads\/sites\/20\/2021\/04\/pour-book-V2-MEDUSES-ET-OISEAUX_Fresque-echelle-1-10.jpg 1200w\" sizes=\"100vw, (min-width: 640px) 50vw, (min-width: 960px) 37vw, (min-width: 1200px) 25vw, (min-width: 1280px) 277px\" alt = \"Mathilde Jonqui\u00e8re, mosaic artist, March 2021, mosaic fresco, 6m x 1,60m, M\u00e9duses &#038; Oiseaux, Paris, work in progress.\"><\/figure><\/a><\/div><div class=\"gallery-item uk-margin-bottom uk-width-1-2@s uk-width-1-3@l\"><a href=\"https:\/\/www.valeriehenry.com\/en-mathilde-jonquiere\/wp-content\/uploads\/sites\/20\/2021\/03\/Mathilde-jonquiere-artiste-mosaiste-fresque-meduses-oiseaux-2.jpg\" rel=\"gallery-1\"><figure class=\"uk-margin-small-bottom uk-cover-container uk-height-small uk-section-muted\"><img decoding=\"async\" uk-cover=\"\" src=\"https:\/\/www.valeriehenry.com\/en-mathilde-jonquiere\/wp-content\/uploads\/sites\/20\/2021\/03\/Mathilde-jonquiere-artiste-mosaiste-fresque-meduses-oiseaux-2-300x199.jpg\" srcset=\"https:\/\/www.valeriehenry.com\/en-mathilde-jonquiere\/wp-content\/uploads\/sites\/20\/2021\/03\/Mathilde-jonquiere-artiste-mosaiste-fresque-meduses-oiseaux-2-300x199.jpg 300w, https:\/\/www.valeriehenry.com\/en-mathilde-jonquiere\/wp-content\/uploads\/sites\/20\/2021\/03\/Mathilde-jonquiere-artiste-mosaiste-fresque-meduses-oiseaux-2-600x398.jpg 600w, https:\/\/www.valeriehenry.com\/en-mathilde-jonquiere\/wp-content\/uploads\/sites\/20\/2021\/03\/Mathilde-jonquiere-artiste-mosaiste-fresque-meduses-oiseaux-2-768x509.jpg 768w, https:\/\/www.valeriehenry.com\/en-mathilde-jonquiere\/wp-content\/uploads\/sites\/20\/2021\/03\/Mathilde-jonquiere-artiste-mosaiste-fresque-meduses-oiseaux-2-1024x679.jpg 1024w, https:\/\/www.valeriehenry.com\/en-mathilde-jonquiere\/wp-content\/uploads\/sites\/20\/2021\/03\/Mathilde-jonquiere-artiste-mosaiste-fresque-meduses-oiseaux-2.jpg 1200w\" sizes=\"100vw, (min-width: 640px) 50vw, (min-width: 960px) 37vw, (min-width: 1200px) 25vw, (min-width: 1280px) 277px\" alt = \"Mathilde Jonqui\u00e8re, mosaic artist, March 2021, mosaic fresco, 6m x 1,60m, M\u00e9duses &#038; Oiseaux, Paris, work in progress.\"><\/figure><\/a><\/div><div class=\"gallery-item uk-margin-bottom uk-width-1-2@s uk-width-1-3@l\"><a href=\"https:\/\/www.valeriehenry.com\/en-mathilde-jonquiere\/wp-content\/uploads\/sites\/20\/2021\/03\/Mathilde-jonquiere-artiste-mosaiste-fresque-meduses-oiseaux-4.jpg\" rel=\"gallery-1\"><figure class=\"uk-margin-small-bottom uk-cover-container uk-height-small uk-section-muted\"><img decoding=\"async\" uk-cover=\"\" src=\"https:\/\/www.valeriehenry.com\/en-mathilde-jonquiere\/wp-content\/uploads\/sites\/20\/2021\/03\/Mathilde-jonquiere-artiste-mosaiste-fresque-meduses-oiseaux-4-300x199.jpg\" srcset=\"https:\/\/www.valeriehenry.com\/en-mathilde-jonquiere\/wp-content\/uploads\/sites\/20\/2021\/03\/Mathilde-jonquiere-artiste-mosaiste-fresque-meduses-oiseaux-4-300x199.jpg 300w, https:\/\/www.valeriehenry.com\/en-mathilde-jonquiere\/wp-content\/uploads\/sites\/20\/2021\/03\/Mathilde-jonquiere-artiste-mosaiste-fresque-meduses-oiseaux-4-600x399.jpg 600w, https:\/\/www.valeriehenry.com\/en-mathilde-jonquiere\/wp-content\/uploads\/sites\/20\/2021\/03\/Mathilde-jonquiere-artiste-mosaiste-fresque-meduses-oiseaux-4-768x510.jpg 768w, https:\/\/www.valeriehenry.com\/en-mathilde-jonquiere\/wp-content\/uploads\/sites\/20\/2021\/03\/Mathilde-jonquiere-artiste-mosaiste-fresque-meduses-oiseaux-4-1024x680.jpg 1024w, https:\/\/www.valeriehenry.com\/en-mathilde-jonquiere\/wp-content\/uploads\/sites\/20\/2021\/03\/Mathilde-jonquiere-artiste-mosaiste-fresque-meduses-oiseaux-4.jpg 1200w\" sizes=\"100vw, (min-width: 640px) 50vw, (min-width: 960px) 37vw, (min-width: 1200px) 25vw, (min-width: 1280px) 277px\" alt = \"Mathilde Jonqui\u00e8re, mosaic artist, March 2021, mosaic fresco, 6m x 1,60m, M\u00e9duses &#038; Oiseaux, Paris, work in progress.\"><\/figure><\/a><\/div><div class=\"gallery-item uk-margin-bottom uk-width-1-2@s uk-width-1-3@l\"><a href=\"https:\/\/www.valeriehenry.com\/en-mathilde-jonquiere\/wp-content\/uploads\/sites\/20\/2021\/04\/site-2021-03-Fresques-mosai\u0308que-M.Jonquie\u0300re7863.jpg\" rel=\"gallery-1\"><figure class=\"uk-margin-small-bottom uk-cover-container uk-height-small uk-section-muted\"><img decoding=\"async\" uk-cover=\"\" src=\"https:\/\/www.valeriehenry.com\/en-mathilde-jonquiere\/wp-content\/uploads\/sites\/20\/2021\/04\/site-2021-03-Fresques-mosai\u0308que-M.Jonquie\u0300re7863-300x220.jpg\" srcset=\"https:\/\/www.valeriehenry.com\/en-mathilde-jonquiere\/wp-content\/uploads\/sites\/20\/2021\/04\/site-2021-03-Fresques-mosai\u0308que-M.Jonquie\u0300re7863-300x220.jpg 300w, https:\/\/www.valeriehenry.com\/en-mathilde-jonquiere\/wp-content\/uploads\/sites\/20\/2021\/04\/site-2021-03-Fresques-mosai\u0308que-M.Jonquie\u0300re7863-600x440.jpg 600w, https:\/\/www.valeriehenry.com\/en-mathilde-jonquiere\/wp-content\/uploads\/sites\/20\/2021\/04\/site-2021-03-Fresques-mosai\u0308que-M.Jonquie\u0300re7863-768x563.jpg 768w, https:\/\/www.valeriehenry.com\/en-mathilde-jonquiere\/wp-content\/uploads\/sites\/20\/2021\/04\/site-2021-03-Fresques-mosai\u0308que-M.Jonquie\u0300re7863-1024x750.jpg 1024w, https:\/\/www.valeriehenry.com\/en-mathilde-jonquiere\/wp-content\/uploads\/sites\/20\/2021\/04\/site-2021-03-Fresques-mosai\u0308que-M.Jonquie\u0300re7863.jpg 1200w\" sizes=\"100vw, (min-width: 640px) 50vw, (min-width: 960px) 37vw, (min-width: 1200px) 25vw, (min-width: 1280px) 277px\" alt = \"Mathilde Jonqui\u00e8re, mosaic artist, March 2021, mosaic fresco, 6m x 1,60m, M\u00e9duses &#038; Oiseaux, Paris. Mathilde Jonqui\u00e8re creates a mosaic fresco of 6 meters high and 1.60 meters wide for a private residence in Paris near the jardin du Luxembourg. In this unique place, the idea of an ascending drawing, in movement stretching towards the sky, towards the infinite without limit, is an evidence for Mathilde Jonqui\u00e8re. \u00a9 photo Olivier Saillant\n\"><\/figure><\/a><\/div><div class=\"gallery-item uk-margin-bottom uk-width-1-2@s uk-width-1-3@l\"><a href=\"https:\/\/www.valeriehenry.com\/en-mathilde-jonquiere\/wp-content\/uploads\/sites\/20\/2021\/04\/pour-book-2021-03-Fresques-mosai\u0308que-M.Jonquie\u0300re7936.jpg\" rel=\"gallery-1\"><figure class=\"uk-margin-small-bottom uk-cover-container uk-height-small uk-section-muted\"><img decoding=\"async\" uk-cover=\"\" src=\"https:\/\/www.valeriehenry.com\/en-mathilde-jonquiere\/wp-content\/uploads\/sites\/20\/2021\/04\/pour-book-2021-03-Fresques-mosai\u0308que-M.Jonquie\u0300re7936-300x212.jpg\" srcset=\"https:\/\/www.valeriehenry.com\/en-mathilde-jonquiere\/wp-content\/uploads\/sites\/20\/2021\/04\/pour-book-2021-03-Fresques-mosai\u0308que-M.Jonquie\u0300re7936-300x212.jpg 300w, https:\/\/www.valeriehenry.com\/en-mathilde-jonquiere\/wp-content\/uploads\/sites\/20\/2021\/04\/pour-book-2021-03-Fresques-mosai\u0308que-M.Jonquie\u0300re7936-600x423.jpg 600w, https:\/\/www.valeriehenry.com\/en-mathilde-jonquiere\/wp-content\/uploads\/sites\/20\/2021\/04\/pour-book-2021-03-Fresques-mosai\u0308que-M.Jonquie\u0300re7936-768x541.jpg 768w, https:\/\/www.valeriehenry.com\/en-mathilde-jonquiere\/wp-content\/uploads\/sites\/20\/2021\/04\/pour-book-2021-03-Fresques-mosai\u0308que-M.Jonquie\u0300re7936-1024x722.jpg 1024w, https:\/\/www.valeriehenry.com\/en-mathilde-jonquiere\/wp-content\/uploads\/sites\/20\/2021\/04\/pour-book-2021-03-Fresques-mosai\u0308que-M.Jonquie\u0300re7936.jpg 1200w\" sizes=\"100vw, (min-width: 640px) 50vw, (min-width: 960px) 37vw, (min-width: 1200px) 25vw, (min-width: 1280px) 277px\" alt = \"Mathilde Jonqui\u00e8re, mosaic artist, March 2021, mosaic fresco, 6m x 1,60m, M\u00e9duses &#038; Oiseaux, Paris. Mindful of the marine world and of Jean Lur\u00e7at&#8217;s tapestries, the client submitted the idea of jellyfish and Mathilde Jonqui\u00e8re of birds flying out of their garden. A fluidity arises from these two unlikely worlds, the parasols of the jellyfish in pearly tesserae inflate and deflate transparent and light. \u00a9 photo Olivier Saillant\n\"><\/figure><\/a><\/div><div class=\"gallery-item uk-margin-bottom uk-width-1-2@s uk-width-1-3@l\"><a href=\"https:\/\/www.valeriehenry.com\/en-mathilde-jonquiere\/wp-content\/uploads\/sites\/20\/2021\/04\/site-2021-03-Fresques-mosai\u0308que-M.Jonquie\u0300re7927.jpg\" rel=\"gallery-1\"><figure class=\"uk-margin-small-bottom uk-cover-container uk-height-small uk-section-muted\"><img decoding=\"async\" uk-cover=\"\" src=\"https:\/\/www.valeriehenry.com\/en-mathilde-jonquiere\/wp-content\/uploads\/sites\/20\/2021\/04\/site-2021-03-Fresques-mosai\u0308que-M.Jonquie\u0300re7927-300x203.jpg\" srcset=\"https:\/\/www.valeriehenry.com\/en-mathilde-jonquiere\/wp-content\/uploads\/sites\/20\/2021\/04\/site-2021-03-Fresques-mosai\u0308que-M.Jonquie\u0300re7927-300x203.jpg 300w, https:\/\/www.valeriehenry.com\/en-mathilde-jonquiere\/wp-content\/uploads\/sites\/20\/2021\/04\/site-2021-03-Fresques-mosai\u0308que-M.Jonquie\u0300re7927-600x405.jpg 600w, https:\/\/www.valeriehenry.com\/en-mathilde-jonquiere\/wp-content\/uploads\/sites\/20\/2021\/04\/site-2021-03-Fresques-mosai\u0308que-M.Jonquie\u0300re7927-768x518.jpg 768w, https:\/\/www.valeriehenry.com\/en-mathilde-jonquiere\/wp-content\/uploads\/sites\/20\/2021\/04\/site-2021-03-Fresques-mosai\u0308que-M.Jonquie\u0300re7927-1024x691.jpg 1024w, https:\/\/www.valeriehenry.com\/en-mathilde-jonquiere\/wp-content\/uploads\/sites\/20\/2021\/04\/site-2021-03-Fresques-mosai\u0308que-M.Jonquie\u0300re7927.jpg 1200w\" sizes=\"100vw, (min-width: 640px) 50vw, (min-width: 960px) 37vw, (min-width: 1200px) 25vw, (min-width: 1280px) 277px\" alt = \"Mathilde Jonqui\u00e8re, mosaic artist, March 2021, mosaic fresco, 6m x 1,60m, M\u00e9duses &#038; Oiseaux, Paris. Tentacles and plumage mix, intertwine and wave under the sea or fly in the air. A real poetic journey between sky and sea. \u00a9 photo Olivier Saillant\"><\/figure><\/a><\/div><\/div>\n","protected":false},"excerpt":{"rendered":"","protected":false},"author":2,"featured_media":0,"parent":203,"menu_order":0,"comment_status":"closed","ping_status":"closed","template":"","meta":{"_trash_the_other_posts":false,"footnotes":""},"class_list":["post-1078","page","type-page","status-publish","hentry"],"yoast_head":"<!-- This site is optimized with the Yoast SEO plugin v23.7 - https:\/\/yoast.com\/wordpress\/plugins\/seo\/ -->\n<title>Private residences - Mathilde Jonqui\u00e8re<\/title>\n<meta name=\"robots\" content=\"index, follow, max-snippet:-1, max-image-preview:large, max-video-preview:-1\" \/>\n<link rel=\"canonical\" href=\"https:\/\/www.valeriehenry.com\/en-mathilde-jonquiere\/projects\/private-residence\/\" \/>\n<meta property=\"og:locale\" content=\"en_US\" \/>\n<meta property=\"og:type\" content=\"article\" \/>\n<meta property=\"og:title\" content=\"Private residences - Mathilde Jonqui\u00e8re\" \/>\n<meta property=\"og:url\" content=\"https:\/\/www.valeriehenry.com\/en-mathilde-jonquiere\/projects\/private-residence\/\" \/>\n<meta property=\"og:site_name\" content=\"Mathilde Jonqui\u00e8re\" \/>\n<meta property=\"article:modified_time\" content=\"2025-07-16T13:50:43+00:00\" \/>\n<meta property=\"og:image\" content=\"https:\/\/www.valeriehenry.com\/en-mathilde-jonquiere\/wp-content\/uploads\/sites\/20\/2021\/04\/pour-book-V2-MEDUSES-ET-OISEAUX_Fresque-echelle-1-10-300x196.jpg\" \/>\n<meta name=\"twitter:card\" content=\"summary_large_image\" \/>\n<meta name=\"twitter:label1\" content=\"Est. reading time\" \/>\n\t<meta name=\"twitter:data1\" content=\"1 minute\" \/>\n<script type=\"application\/ld+json\" class=\"yoast-schema-graph\">{\"@context\":\"https:\/\/schema.org\",\"@graph\":[{\"@type\":\"WebPage\",\"@id\":\"https:\/\/www.valeriehenry.com\/en-mathilde-jonquiere\/projects\/private-residence\/\",\"url\":\"https:\/\/www.valeriehenry.com\/en-mathilde-jonquiere\/projects\/private-residence\/\",\"name\":\"Private residences - Mathilde Jonqui\u00e8re\",\"isPartOf\":{\"@id\":\"https:\/\/www.valeriehenry.com\/en-mathilde-jonquiere\/#website\"},\"datePublished\":\"2025-07-02T11:02:50+00:00\",\"dateModified\":\"2025-07-16T13:50:43+00:00\",\"breadcrumb\":{\"@id\":\"https:\/\/www.valeriehenry.com\/en-mathilde-jonquiere\/projects\/private-residence\/#breadcrumb\"},\"inLanguage\":\"en-US\",\"potentialAction\":[{\"@type\":\"ReadAction\",\"target\":[\"https:\/\/www.valeriehenry.com\/en-mathilde-jonquiere\/projects\/private-residence\/\"]}]},{\"@type\":\"BreadcrumbList\",\"@id\":\"https:\/\/www.valeriehenry.com\/en-mathilde-jonquiere\/projects\/private-residence\/#breadcrumb\",\"itemListElement\":[{\"@type\":\"ListItem\",\"position\":1,\"name\":\"Mathilde Jonqui\u00e8re\",\"item\":\"https:\/\/www.valeriehenry.com\/en-mathilde-jonquiere\/\"},{\"@type\":\"ListItem\",\"position\":2,\"name\":\"projects\",\"item\":\"https:\/\/www.valeriehenry.com\/en-mathilde-jonquiere\/projects\/\"},{\"@type\":\"ListItem\",\"position\":3,\"name\":\"Private residences\"}]},{\"@type\":\"WebSite\",\"@id\":\"https:\/\/www.valeriehenry.com\/en-mathilde-jonquiere\/#website\",\"url\":\"https:\/\/www.valeriehenry.com\/en-mathilde-jonquiere\/\",\"name\":\"Mathilde Jonqui\u00e8re\",\"description\":\"mosaic artist\",\"publisher\":{\"@id\":\"https:\/\/www.valeriehenry.com\/en-mathilde-jonquiere\/#organization\"},\"potentialAction\":[{\"@type\":\"SearchAction\",\"target\":{\"@type\":\"EntryPoint\",\"urlTemplate\":\"https:\/\/www.valeriehenry.com\/en-mathilde-jonquiere\/?s={search_term_string}\"},\"query-input\":{\"@type\":\"PropertyValueSpecification\",\"valueRequired\":true,\"valueName\":\"search_term_string\"}}],\"inLanguage\":\"en-US\"},{\"@type\":\"Organization\",\"@id\":\"https:\/\/www.valeriehenry.com\/en-mathilde-jonquiere\/#organization\",\"name\":\"Mathilde Jonqui\u00e8re\",\"url\":\"https:\/\/www.valeriehenry.com\/en-mathilde-jonquiere\/\",\"logo\":{\"@type\":\"ImageObject\",\"inLanguage\":\"en-US\",\"@id\":\"https:\/\/www.valeriehenry.com\/en-mathilde-jonquiere\/#\/schema\/logo\/image\/\",\"url\":\"https:\/\/www.valeriehenry.com\/en-mathilde-jonquiere\/wp-content\/uploads\/sites\/20\/2017\/10\/valerie_henry_logo.jpg\",\"contentUrl\":\"https:\/\/www.valeriehenry.com\/en-mathilde-jonquiere\/wp-content\/uploads\/sites\/20\/2017\/10\/valerie_henry_logo.jpg\",\"width\":165,\"height\":39,\"caption\":\"Mathilde Jonqui\u00e8re\"},\"image\":{\"@id\":\"https:\/\/www.valeriehenry.com\/en-mathilde-jonquiere\/#\/schema\/logo\/image\/\"}}]}<\/script>\n<!-- \/ Yoast SEO plugin. -->","yoast_head_json":{"title":"Private residences - Mathilde Jonqui\u00e8re","robots":{"index":"index","follow":"follow","max-snippet":"max-snippet:-1","max-image-preview":"max-image-preview:large","max-video-preview":"max-video-preview:-1"},"canonical":"https:\/\/www.valeriehenry.com\/en-mathilde-jonquiere\/projects\/private-residence\/","og_locale":"en_US","og_type":"article","og_title":"Private residences - Mathilde Jonqui\u00e8re","og_url":"https:\/\/www.valeriehenry.com\/en-mathilde-jonquiere\/projects\/private-residence\/","og_site_name":"Mathilde Jonqui\u00e8re","article_modified_time":"2025-07-16T13:50:43+00:00","og_image":[{"url":"https:\/\/www.valeriehenry.com\/en-mathilde-jonquiere\/wp-content\/uploads\/sites\/20\/2021\/04\/pour-book-V2-MEDUSES-ET-OISEAUX_Fresque-echelle-1-10-300x196.jpg"}],"twitter_card":"summary_large_image","twitter_misc":{"Est. reading time":"1 minute"},"schema":{"@context":"https:\/\/schema.org","@graph":[{"@type":"WebPage","@id":"https:\/\/www.valeriehenry.com\/en-mathilde-jonquiere\/projects\/private-residence\/","url":"https:\/\/www.valeriehenry.com\/en-mathilde-jonquiere\/projects\/private-residence\/","name":"Private residences - Mathilde Jonqui\u00e8re","isPartOf":{"@id":"https:\/\/www.valeriehenry.com\/en-mathilde-jonquiere\/#website"},"datePublished":"2025-07-02T11:02:50+00:00","dateModified":"2025-07-16T13:50:43+00:00","breadcrumb":{"@id":"https:\/\/www.valeriehenry.com\/en-mathilde-jonquiere\/projects\/private-residence\/#breadcrumb"},"inLanguage":"en-US","potentialAction":[{"@type":"ReadAction","target":["https:\/\/www.valeriehenry.com\/en-mathilde-jonquiere\/projects\/private-residence\/"]}]},{"@type":"BreadcrumbList","@id":"https:\/\/www.valeriehenry.com\/en-mathilde-jonquiere\/projects\/private-residence\/#breadcrumb","itemListElement":[{"@type":"ListItem","position":1,"name":"Mathilde Jonqui\u00e8re","item":"https:\/\/www.valeriehenry.com\/en-mathilde-jonquiere\/"},{"@type":"ListItem","position":2,"name":"projects","item":"https:\/\/www.valeriehenry.com\/en-mathilde-jonquiere\/projects\/"},{"@type":"ListItem","position":3,"name":"Private residences"}]},{"@type":"WebSite","@id":"https:\/\/www.valeriehenry.com\/en-mathilde-jonquiere\/#website","url":"https:\/\/www.valeriehenry.com\/en-mathilde-jonquiere\/","name":"Mathilde Jonqui\u00e8re","description":"mosaic artist","publisher":{"@id":"https:\/\/www.valeriehenry.com\/en-mathilde-jonquiere\/#organization"},"potentialAction":[{"@type":"SearchAction","target":{"@type":"EntryPoint","urlTemplate":"https:\/\/www.valeriehenry.com\/en-mathilde-jonquiere\/?s={search_term_string}"},"query-input":{"@type":"PropertyValueSpecification","valueRequired":true,"valueName":"search_term_string"}}],"inLanguage":"en-US"},{"@type":"Organization","@id":"https:\/\/www.valeriehenry.com\/en-mathilde-jonquiere\/#organization","name":"Mathilde Jonqui\u00e8re","url":"https:\/\/www.valeriehenry.com\/en-mathilde-jonquiere\/","logo":{"@type":"ImageObject","inLanguage":"en-US","@id":"https:\/\/www.valeriehenry.com\/en-mathilde-jonquiere\/#\/schema\/logo\/image\/","url":"https:\/\/www.valeriehenry.com\/en-mathilde-jonquiere\/wp-content\/uploads\/sites\/20\/2017\/10\/valerie_henry_logo.jpg","contentUrl":"https:\/\/www.valeriehenry.com\/en-mathilde-jonquiere\/wp-content\/uploads\/sites\/20\/2017\/10\/valerie_henry_logo.jpg","width":165,"height":39,"caption":"Mathilde Jonqui\u00e8re"},"image":{"@id":"https:\/\/www.valeriehenry.com\/en-mathilde-jonquiere\/#\/schema\/logo\/image\/"}}]}},"_links":{"self":[{"href":"https:\/\/www.valeriehenry.com\/en-mathilde-jonquiere\/wp-json\/wp\/v2\/pages\/1078"}],"collection":[{"href":"https:\/\/www.valeriehenry.com\/en-mathilde-jonquiere\/wp-json\/wp\/v2\/pages"}],"about":[{"href":"https:\/\/www.valeriehenry.com\/en-mathilde-jonquiere\/wp-json\/wp\/v2\/types\/page"}],"author":[{"embeddable":true,"href":"https:\/\/www.valeriehenry.com\/en-mathilde-jonquiere\/wp-json\/wp\/v2\/users\/2"}],"replies":[{"embeddable":true,"href":"https:\/\/www.valeriehenry.com\/en-mathilde-jonquiere\/wp-json\/wp\/v2\/comments?post=1078"}],"version-history":[{"count":2,"href":"https:\/\/www.valeriehenry.com\/en-mathilde-jonquiere\/wp-json\/wp\/v2\/pages\/1078\/revisions"}],"predecessor-version":[{"id":1095,"href":"https:\/\/www.valeriehenry.com\/en-mathilde-jonquiere\/wp-json\/wp\/v2\/pages\/1078\/revisions\/1095"}],"up":[{"embeddable":true,"href":"https:\/\/www.valeriehenry.com\/en-mathilde-jonquiere\/wp-json\/wp\/v2\/pages\/203"}],"wp:attachment":[{"href":"https:\/\/www.valeriehenry.com\/en-mathilde-jonquiere\/wp-json\/wp\/v2\/media?parent=1078"}],"curies":[{"name":"wp","href":"https:\/\/api.w.org\/{rel}","templated":true}]}}