{"id":89,"date":"2017-10-11T11:22:04","date_gmt":"2017-10-11T09:22:04","guid":{"rendered":"https:\/\/www.valeriehenry.com\/undo-redo\/biographie\/"},"modified":"2024-03-21T21:15:47","modified_gmt":"2024-03-21T20:15:47","slug":"biographie","status":"publish","type":"page","link":"https:\/\/www.valeriehenry.com\/angele-guerre\/biographie\/","title":{"rendered":"Biographie"},"content":{"rendered":"<div class=\"page\" title=\"Page 1\">\n<div class=\"layoutArea\">\n<div class=\"column\">\n<p>Ange\u0300le Guerre est artiste plasticienne. Ne\u0301e en 1988, elle est diplo\u0302me\u0301e aux Beaux Arts de Paris. Elle de\u0301veloppe une pratique du dessin en explorant diverses fac\u0327ons d\u2019entamer la surface. Ange\u0300le Guerre interroge la me\u0301moire des textures et du motif, le rythme, la pulsation, la re\u0301pe\u0301tition. Elle laisse ainsi ses compositions se cre\u0301er, par un lent de\u0301phasage. Quoiqu\u2019il arrive, un dessin va prendre du temps, et ce temps-la\u0300 est non seulement pre\u0301cieux mais ne\u0301cessaire. C\u2019est un temps ge\u0301ologique. C\u2019est le temps dont a eu besoin le monde pour se fac\u0327onner. L\u2019acce\u0301le\u0301ration aujourd\u2019hui est partout, omnipotente. Le dessin reste donc un acte en re\u0301action, la reproduction d\u2019un geste ancien. C\u2019est a\u0300 l\u2019image du monde du vivant que les dessins d\u2019Ange\u0300le Guerre peuvent se percevoir. De pre\u0300s : c\u2019est fragmentaire, un foisonnement microscopique, un poil de complexite\u0301. Puis de loin : un tout unifie\u0301, un ensemble cohe\u0301rent et organiquement structure\u0301. La pratique du dessin, ainsi longue et me\u0301ditative permet, de composer des espaces tre\u0300s dynamiques. L\u2019agitation prend forme a\u0300 partir d\u2019un geste lent, c\u2019est la\u0300 toute la belle ambivalence du dessin. Les outils sont la conse\u0301quence de cette lenteur : rotring, incisions au scalpel ou sur cuir, travail a\u0300 la plume, au feutre de calligraphie. Ces instruments impactent le travail par l\u2019exigui\u0308te\u0301 de leurs empreintes. Alors, pour que ces marques deviennent marquantes, Ang\u00e8le Guerre les accumule, les fusionne, les tisse et les brode sur papier. En les densifiant, elles deviennent peau et texture. Dans ses dessins, rien n\u2019est vrai. Aucune perspective, aucun horizon n\u2019existe, et pourtant, ils sont compose\u0301s de paysages ve\u0301cus.<\/p>\n<\/div>\n<\/div>\n<\/div>\n","protected":false},"excerpt":{"rendered":"<p>Ange\u0300le Guerre est artiste plasticienne. Ne\u0301e en 1988, elle est diplo\u0302me\u0301e aux Beaux Arts de Paris. Elle de\u0301veloppe une pratique du dessin en explorant diverses fac\u0327ons d\u2019entamer la surface. Ange\u0300le Guerre interroge la me\u0301moire des textures et du motif, le&hellip;<\/p>\n","protected":false},"author":1,"featured_media":0,"parent":0,"menu_order":16,"comment_status":"closed","ping_status":"closed","template":"","meta":{"_trash_the_other_posts":false,"footnotes":""},"class_list":["post-89","page","type-page","status-publish","hentry"],"yoast_head":"<!-- This site is optimized with the Yoast SEO plugin v23.7 - https:\/\/yoast.com\/wordpress\/plugins\/seo\/ -->\n<title>Ang\u00e8le Guerre, artiste plasticienne, \u0153uvres pastels, cuirs recycl\u00e9s\u00a0\u00a0<\/title>\n<meta name=\"description\" content=\"Ang\u00e8le Guerre, artiste sp\u00e9cialis\u00e9e dans la sculpture du papier et de cuir recycl\u00e9 et pastel sur-mesure\" \/>\n<meta name=\"robots\" content=\"index, follow, max-snippet:-1, max-image-preview:large, max-video-preview:-1\" \/>\n<link rel=\"canonical\" href=\"https:\/\/www.valeriehenry.com\/angele-guerre\/biographie\/\" \/>\n<meta property=\"og:locale\" content=\"fr_FR\" \/>\n<meta property=\"og:type\" content=\"article\" \/>\n<meta property=\"og:title\" content=\"Ang\u00e8le Guerre, artiste plasticienne, \u0153uvres pastels, cuirs recycl\u00e9s\u00a0\u00a0\" \/>\n<meta property=\"og:description\" content=\"Ang\u00e8le Guerre, artiste sp\u00e9cialis\u00e9e dans la sculpture du papier et de cuir recycl\u00e9 et pastel sur-mesure\" \/>\n<meta property=\"og:url\" content=\"https:\/\/www.valeriehenry.com\/angele-guerre\/biographie\/\" \/>\n<meta property=\"og:site_name\" content=\"Ang\u00e8le Guerre\" \/>\n<meta property=\"article:publisher\" content=\"https:\/\/www.facebook.com\/agencevaleriehenry\/\" \/>\n<meta property=\"article:modified_time\" content=\"2024-03-21T20:15:47+00:00\" \/>\n<meta name=\"twitter:card\" content=\"summary_large_image\" \/>\n<meta name=\"twitter:site\" content=\"@vaalhenry\" \/>\n<meta name=\"twitter:label1\" content=\"Dur\u00e9e de lecture estim\u00e9e\" \/>\n\t<meta name=\"twitter:data1\" content=\"2 minutes\" \/>\n<script type=\"application\/ld+json\" class=\"yoast-schema-graph\">{\"@context\":\"https:\/\/schema.org\",\"@graph\":[{\"@type\":\"WebPage\",\"@id\":\"https:\/\/www.valeriehenry.com\/angele-guerre\/biographie\/\",\"url\":\"https:\/\/www.valeriehenry.com\/angele-guerre\/biographie\/\",\"name\":\"Ang\u00e8le Guerre, artiste plasticienne, \u0153uvres pastels, cuirs recycl\u00e9s\u00a0\u00a0\",\"isPartOf\":{\"@id\":\"https:\/\/www.valeriehenry.com\/angele-guerre\/#website\"},\"datePublished\":\"2017-10-11T09:22:04+00:00\",\"dateModified\":\"2024-03-21T20:15:47+00:00\",\"description\":\"Ang\u00e8le Guerre, artiste sp\u00e9cialis\u00e9e dans la sculpture du papier et de cuir recycl\u00e9 et pastel sur-mesure\",\"breadcrumb\":{\"@id\":\"https:\/\/www.valeriehenry.com\/angele-guerre\/biographie\/#breadcrumb\"},\"inLanguage\":\"fr-FR\",\"potentialAction\":[{\"@type\":\"ReadAction\",\"target\":[\"https:\/\/www.valeriehenry.com\/angele-guerre\/biographie\/\"]}]},{\"@type\":\"BreadcrumbList\",\"@id\":\"https:\/\/www.valeriehenry.com\/angele-guerre\/biographie\/#breadcrumb\",\"itemListElement\":[{\"@type\":\"ListItem\",\"position\":1,\"name\":\"Ang\u00e8le Guerre\",\"item\":\"https:\/\/www.valeriehenry.com\/angele-guerre\/\"},{\"@type\":\"ListItem\",\"position\":2,\"name\":\"Biographie\"}]},{\"@type\":\"WebSite\",\"@id\":\"https:\/\/www.valeriehenry.com\/angele-guerre\/#website\",\"url\":\"https:\/\/www.valeriehenry.com\/angele-guerre\/\",\"name\":\"Ang\u00e8le Guerre\",\"description\":\"plasticienne\",\"publisher\":{\"@id\":\"https:\/\/www.valeriehenry.com\/angele-guerre\/#organization\"},\"potentialAction\":[{\"@type\":\"SearchAction\",\"target\":{\"@type\":\"EntryPoint\",\"urlTemplate\":\"https:\/\/www.valeriehenry.com\/angele-guerre\/?s={search_term_string}\"},\"query-input\":{\"@type\":\"PropertyValueSpecification\",\"valueRequired\":true,\"valueName\":\"search_term_string\"}}],\"inLanguage\":\"fr-FR\"},{\"@type\":\"Organization\",\"@id\":\"https:\/\/www.valeriehenry.com\/angele-guerre\/#organization\",\"name\":\"Ang\u00e8le Guerre\",\"url\":\"https:\/\/www.valeriehenry.com\/angele-guerre\/\",\"logo\":{\"@type\":\"ImageObject\",\"inLanguage\":\"fr-FR\",\"@id\":\"https:\/\/www.valeriehenry.com\/angele-guerre\/#\/schema\/logo\/image\/\",\"url\":\"https:\/\/www.valeriehenry.com\/angele-guerre\/wp-content\/uploads\/sites\/39\/2023\/07\/cropped-valerie_henry_logo.jpg\",\"contentUrl\":\"https:\/\/www.valeriehenry.com\/angele-guerre\/wp-content\/uploads\/sites\/39\/2023\/07\/cropped-valerie_henry_logo.jpg\",\"width\":165,\"height\":39,\"caption\":\"Ang\u00e8le Guerre\"},\"image\":{\"@id\":\"https:\/\/www.valeriehenry.com\/angele-guerre\/#\/schema\/logo\/image\/\"},\"sameAs\":[\"https:\/\/www.facebook.com\/agencevaleriehenry\/\",\"https:\/\/x.com\/vaalhenry\",\"https:\/\/www.instagram.com\/valhenryagent\/\",\"https:\/\/www.linkedin.com\/in\/valerie-henry-b071b032\/\",\"https:\/\/www.pinterest.fr\/henry0061\/\"]}]}<\/script>\n<!-- \/ Yoast SEO plugin. -->","yoast_head_json":{"title":"Ang\u00e8le Guerre, artiste plasticienne, \u0153uvres pastels, cuirs recycl\u00e9s\u00a0\u00a0","description":"Ang\u00e8le Guerre, artiste sp\u00e9cialis\u00e9e dans la sculpture du papier et de cuir recycl\u00e9 et pastel sur-mesure","robots":{"index":"index","follow":"follow","max-snippet":"max-snippet:-1","max-image-preview":"max-image-preview:large","max-video-preview":"max-video-preview:-1"},"canonical":"https:\/\/www.valeriehenry.com\/angele-guerre\/biographie\/","og_locale":"fr_FR","og_type":"article","og_title":"Ang\u00e8le Guerre, artiste plasticienne, \u0153uvres pastels, cuirs recycl\u00e9s\u00a0\u00a0","og_description":"Ang\u00e8le Guerre, artiste sp\u00e9cialis\u00e9e dans la sculpture du papier et de cuir recycl\u00e9 et pastel sur-mesure","og_url":"https:\/\/www.valeriehenry.com\/angele-guerre\/biographie\/","og_site_name":"Ang\u00e8le Guerre","article_publisher":"https:\/\/www.facebook.com\/agencevaleriehenry\/","article_modified_time":"2024-03-21T20:15:47+00:00","twitter_card":"summary_large_image","twitter_site":"@vaalhenry","twitter_misc":{"Dur\u00e9e de lecture estim\u00e9e":"2 minutes"},"schema":{"@context":"https:\/\/schema.org","@graph":[{"@type":"WebPage","@id":"https:\/\/www.valeriehenry.com\/angele-guerre\/biographie\/","url":"https:\/\/www.valeriehenry.com\/angele-guerre\/biographie\/","name":"Ang\u00e8le Guerre, artiste plasticienne, \u0153uvres pastels, cuirs recycl\u00e9s\u00a0\u00a0","isPartOf":{"@id":"https:\/\/www.valeriehenry.com\/angele-guerre\/#website"},"datePublished":"2017-10-11T09:22:04+00:00","dateModified":"2024-03-21T20:15:47+00:00","description":"Ang\u00e8le Guerre, artiste sp\u00e9cialis\u00e9e dans la sculpture du papier et de cuir recycl\u00e9 et pastel sur-mesure","breadcrumb":{"@id":"https:\/\/www.valeriehenry.com\/angele-guerre\/biographie\/#breadcrumb"},"inLanguage":"fr-FR","potentialAction":[{"@type":"ReadAction","target":["https:\/\/www.valeriehenry.com\/angele-guerre\/biographie\/"]}]},{"@type":"BreadcrumbList","@id":"https:\/\/www.valeriehenry.com\/angele-guerre\/biographie\/#breadcrumb","itemListElement":[{"@type":"ListItem","position":1,"name":"Ang\u00e8le Guerre","item":"https:\/\/www.valeriehenry.com\/angele-guerre\/"},{"@type":"ListItem","position":2,"name":"Biographie"}]},{"@type":"WebSite","@id":"https:\/\/www.valeriehenry.com\/angele-guerre\/#website","url":"https:\/\/www.valeriehenry.com\/angele-guerre\/","name":"Ang\u00e8le Guerre","description":"plasticienne","publisher":{"@id":"https:\/\/www.valeriehenry.com\/angele-guerre\/#organization"},"potentialAction":[{"@type":"SearchAction","target":{"@type":"EntryPoint","urlTemplate":"https:\/\/www.valeriehenry.com\/angele-guerre\/?s={search_term_string}"},"query-input":{"@type":"PropertyValueSpecification","valueRequired":true,"valueName":"search_term_string"}}],"inLanguage":"fr-FR"},{"@type":"Organization","@id":"https:\/\/www.valeriehenry.com\/angele-guerre\/#organization","name":"Ang\u00e8le Guerre","url":"https:\/\/www.valeriehenry.com\/angele-guerre\/","logo":{"@type":"ImageObject","inLanguage":"fr-FR","@id":"https:\/\/www.valeriehenry.com\/angele-guerre\/#\/schema\/logo\/image\/","url":"https:\/\/www.valeriehenry.com\/angele-guerre\/wp-content\/uploads\/sites\/39\/2023\/07\/cropped-valerie_henry_logo.jpg","contentUrl":"https:\/\/www.valeriehenry.com\/angele-guerre\/wp-content\/uploads\/sites\/39\/2023\/07\/cropped-valerie_henry_logo.jpg","width":165,"height":39,"caption":"Ang\u00e8le Guerre"},"image":{"@id":"https:\/\/www.valeriehenry.com\/angele-guerre\/#\/schema\/logo\/image\/"},"sameAs":["https:\/\/www.facebook.com\/agencevaleriehenry\/","https:\/\/x.com\/vaalhenry","https:\/\/www.instagram.com\/valhenryagent\/","https:\/\/www.linkedin.com\/in\/valerie-henry-b071b032\/","https:\/\/www.pinterest.fr\/henry0061\/"]}]}},"_links":{"self":[{"href":"https:\/\/www.valeriehenry.com\/angele-guerre\/wp-json\/wp\/v2\/pages\/89"}],"collection":[{"href":"https:\/\/www.valeriehenry.com\/angele-guerre\/wp-json\/wp\/v2\/pages"}],"about":[{"href":"https:\/\/www.valeriehenry.com\/angele-guerre\/wp-json\/wp\/v2\/types\/page"}],"author":[{"embeddable":true,"href":"https:\/\/www.valeriehenry.com\/angele-guerre\/wp-json\/wp\/v2\/users\/1"}],"replies":[{"embeddable":true,"href":"https:\/\/www.valeriehenry.com\/angele-guerre\/wp-json\/wp\/v2\/comments?post=89"}],"version-history":[{"count":13,"href":"https:\/\/www.valeriehenry.com\/angele-guerre\/wp-json\/wp\/v2\/pages\/89\/revisions"}],"predecessor-version":[{"id":1013,"href":"https:\/\/www.valeriehenry.com\/angele-guerre\/wp-json\/wp\/v2\/pages\/89\/revisions\/1013"}],"wp:attachment":[{"href":"https:\/\/www.valeriehenry.com\/angele-guerre\/wp-json\/wp\/v2\/media?parent=89"}],"curies":[{"name":"wp","href":"https:\/\/api.w.org\/{rel}","templated":true}]}}